{"id":2856,"date":"2017-11-22T14:32:44","date_gmt":"2017-11-22T13:32:44","guid":{"rendered":"http:\/\/dingogear.si\/?post_type=product&#038;p=2856"},"modified":"2022-05-09T17:33:45","modified_gmt":"2022-05-09T15:33:45","slug":"zastitni-rukav-puppy","status":"publish","type":"product","link":"https:\/\/dingogear.si\/hr\/zastitni-rukav-puppy\/","title":{"rendered":"Za\u0161titni rukav PUPPY"},"content":{"rendered":"<p><img decoding=\"async\" class=\"aligncenter size-full wp-image-1134\" src=\"https:\/\/dingogear.si\/wp-content\/uploads\/2017\/11\/rokav_PUPPY.jpg\" alt=\"\" width=\"1762\" height=\"758\" title=\"\" srcset=\"https:\/\/dingogear.si\/wp-content\/uploads\/2017\/11\/rokav_PUPPY.jpg 1762w, https:\/\/dingogear.si\/wp-content\/uploads\/2017\/11\/rokav_PUPPY-500x215.jpg 500w, https:\/\/dingogear.si\/wp-content\/uploads\/2017\/11\/rokav_PUPPY-700x301.jpg 700w, https:\/\/dingogear.si\/wp-content\/uploads\/2017\/11\/rokav_PUPPY-300x129.jpg 300w, https:\/\/dingogear.si\/wp-content\/uploads\/2017\/11\/rokav_PUPPY-768x330.jpg 768w, https:\/\/dingogear.si\/wp-content\/uploads\/2017\/11\/rokav_PUPPY-1024x441.jpg 1024w\" sizes=\"(max-width: 1762px) 100vw, 1762px\" \/><\/p>\n","protected":false},"excerpt":{"rendered":"<p>DINGO GEAR profesionalni za\u0161titni rukav dizajniran za obuku \u0161tenaca &#8211; SOFT zagriz &#8211; za prijelazno razdoblje pripreme za pravi rukav i pravi zagriz. Super izdr\u017eljiv! Dostupan u materijalu od jute ili ring materijala.<\/p>\n<p>Testirano i odobreno od strane profesionalnih trenera. Pouzdana kvaliteta i izvrsnost izvedbe omogu\u0107uju 100% zadovoljstvo korisnika.<\/p>\n<p>Ru\u010dno izra\u0111eni od strane stru\u010dnjaka za profesionalce!<\/p>\n<p>Posebne zna\u010dajke:<\/p>\n<ul>\n<li>ergonomski model<\/li>\n<li>izra\u0111ena od visokokvalitetnog materijala od kojeg su sa\u0161ivena i najtrajnija za\u0161titna odijela (french ring) ili od vrlo izdr\u017eljive jute<\/li>\n<li>\u010dvrst zahvat<\/li>\n<li>odgovaraju\u0107a meko\u0107a i lako\u0107a<\/li>\n<li>bez unutarnjeg jastuka<\/li>\n<li>materijal je oja\u010dan, \u0161to osigurava trajnost kori\u0161tenja<\/li>\n<li>materijalna specifi\u010dnost &#8211; poti\u010de grickanje psa<\/li>\n<li>odgovaraju\u0107e unutarnje poja\u010danje i podstava rukava<\/li>\n<li>remen s rukohvatom za jednostavno no\u0161enje rukava<\/li>\n<\/ul>\n<p>Parametri materijala french ring: te\u017eina &#8211; 0,9 kg, du\u017eina 60 cm, dubina 25 cm, visina 11 cm<\/p>\n<p>Svrha rukava je uvje\u017ebati psa za pravilan ugriz i hvat te pobolj\u0161ati ugriz do savr\u0161enstva! Zajam\u010dena sigurnost psa i pomaga\u010da!<\/p>\n","protected":false},"featured_media":1136,"comment_status":"open","ping_status":"closed","template":"","meta":{"_acf_changed":false},"product_brand":[2948],"product_cat":[781,821,787],"product_tag":[1240,777],"class_list":{"0":"post-2856","1":"product","2":"type-product","3":"status-publish","4":"has-post-thumbnail","6":"product_brand-dingo-gear","7":"product_cat-oprema-za-markirante","8":"product_cat-trening-obrane","9":"product_cat-zastitni-rukavi-i-navlake","10":"product_tag-obrana","11":"product_tag-rukavi","12":"pa_barva-zascitnega-rokava-boja-jute","13":"pa_barva-zascitnega-rokava-crna-hr","14":"pa_levi-ali-desni-rokav-univerzalan","15":"pa_material-rokava-french-ring-nylcot-hr","16":"pa_material-rokava-juta-hr","17":"pa_namen-rokava-zvecila-aporta-trening-mladih-pasa","18":"pa_vrsta-rokava-vanjski-iznad-odjela","19":"pa_vrsta-rokava-zatvoreni","21":"first","22":"instock","23":"taxable","24":"shipping-taxable","25":"purchasable","26":"product-type-variable"},"acf":[],"_links":{"self":[{"href":"https:\/\/dingogear.si\/hr\/wp-json\/wp\/v2\/product\/2856","targetHints":{"allow":["GET"]}}],"collection":[{"href":"https:\/\/dingogear.si\/hr\/wp-json\/wp\/v2\/product"}],"about":[{"href":"https:\/\/dingogear.si\/hr\/wp-json\/wp\/v2\/types\/product"}],"replies":[{"embeddable":true,"href":"https:\/\/dingogear.si\/hr\/wp-json\/wp\/v2\/comments?post=2856"}],"wp:featuredmedia":[{"embeddable":true,"href":"https:\/\/dingogear.si\/hr\/wp-json\/wp\/v2\/media\/1136"}],"wp:attachment":[{"href":"https:\/\/dingogear.si\/hr\/wp-json\/wp\/v2\/media?parent=2856"}],"wp:term":[{"taxonomy":"product_brand","embeddable":true,"href":"https:\/\/dingogear.si\/hr\/wp-json\/wp\/v2\/product_brand?post=2856"},{"taxonomy":"product_cat","embeddable":true,"href":"https:\/\/dingogear.si\/hr\/wp-json\/wp\/v2\/product_cat?post=2856"},{"taxonomy":"product_tag","embeddable":true,"href":"https:\/\/dingogear.si\/hr\/wp-json\/wp\/v2\/product_tag?post=2856"}],"curies":[{"name":"wp","href":"https:\/\/api.w.org\/{rel}","templated":true}]}}