{"id":2865,"date":"2017-11-22T14:19:37","date_gmt":"2018-03-28T10:53:25","guid":{"rendered":"http:\/\/dingogear.si\/?post_type=product&#038;p=2865"},"modified":"2023-01-11T13:34:36","modified_gmt":"2023-01-11T12:34:36","slug":"jastuk-za-zvakanje-mufka-puppy","status":"publish","type":"product","link":"https:\/\/dingogear.si\/hr\/jastuk-za-zvakanje-mufka-puppy\/","title":{"rendered":"Jastuk za \u017evakanje MUFKA PUPPY"},"content":{"rendered":"<p><span class=\"goog-text-highlight\">Jastuk za \u017evakanje za \u0161tene od french ring materijala &#8211; zbog svoje svestranosti i visoke \u010dvrsto\u0107e vi\u0161e ne\u0107ete htjeti koristiti sli\u010dne proizvode drugih proizvo\u0111a\u010da. Ako \u017eelite da va\u0161 pas od prvog dana treninga sna\u017eno i pravilno grize, te osjeti siguran stisak &#8211; onda upotrijebite na\u0161e jastuke za \u017evakanje!<\/span><\/p>\n<p>Ovaj proizvod je vrlo svestran jer se mo\u017ee koristiti kao jastuk za \u017evakanje i mini rukav. Dodatna prednost je \u010dvrsta ru\u010dka, koja u danom slu\u010daju mo\u017ee poslu\u017eiti kao om\u010da za pri\u010dvr\u0161\u0107ivanje povodca.<\/p>\n<p>Testirano i odobreno od strane profesionalnih trenera. Pouzdana kvaliteta i izvrsnost izvedbe omogu\u0107uju 100% zadovoljstvo korisnika.<\/p>\n<p>Ru\u010dno izra\u0111eni od strane stru\u010dnjaka za profesionalce!<\/p>\n<p>Posebne zna\u010dajke:<\/p>\n<ul>\n<li>sna\u017ean model<\/li>\n<li>dostupno u mekoj ili tvrdoj verziji (odaberite prilikom dodavanja u ko\u0161aricu)<\/li>\n<li>ring materijal (koristi se za \u0161ivanje full-bite odje\u0107e) osigurava trajnost kori\u0161tenja<\/li>\n<li>posebnost materijala &#8211; poti\u010de psa na grickanje<\/li>\n<li>ru\u010dka od \u0161iroke i mekane gume<\/li>\n<li><span class=\"goog-text-highlight\">\u010dvrst \u0161av osigurava visoku \u010dvrsto\u0107u<\/span><\/li>\n<li>muf je s unutarnje strane oblo\u017een glatkim poliesterom, \u0161to omogu\u0107uje brzu upotrijebu ili skidanje<\/li>\n<\/ul>\n<p>Parametri: te\u017eina &#8211; 0,5 kg, du\u017eina 37 cm, dubina 22 cm, debljina 10 cm<\/p>\n<p>Svrha rukava je uvje\u017ebati psa za pravilan ugriz i hvat te pobolj\u0161ati ugriz do savr\u0161enstva! Zajam\u010dena sigurnost psa i pomaga\u010da!<\/p>\n<p>&nbsp;<\/p>\n<p><img decoding=\"async\" class=\"aligncenter size-full wp-image-1108\" src=\"https:\/\/dingogear.si\/wp-content\/uploads\/2017\/11\/%C5%BEve%C4%8Dilo_puppy_VEL.jpg\" alt=\"\" width=\"1628\" height=\"770\" title=\"\"><\/p>\n","protected":false},"excerpt":{"rendered":"<p>DINGO GEAR profesionalni jastuk za \u017evakanje od french ring materijala za dresuru mladih pasa &#8211; za prijelazni period pripreme za pravi IGP rukav i pravi zagriz. Super izdr\u017eljiv i svestran &#8211; jastuk za \u017evakanje ili mini rukava!<\/p>\n<p>Dostupan u crvenoj ili crnoj te u mekoj ili tvrdoj varijanti (odaberite prilikom dodavanja u ko\u0161aricu).<\/p>\n","protected":false},"featured_media":17910,"comment_status":"open","ping_status":"closed","template":"","meta":{"_acf_changed":false},"product_brand":[2948],"product_cat":[809,2524,781,817,821],"product_tag":[747,2141],"class_list":{"0":"post-2865","1":"product","2":"type-product","3":"status-publish","4":"has-post-thumbnail","6":"product_brand-dingo-gear","7":"product_cat-igra-uz-trening","8":"product_cat-jastuci","9":"product_cat-oprema-za-markirante","10":"product_cat-oprema-za-vodica","11":"product_cat-trening-obrane","12":"product_tag-igra-hr","13":"product_tag-jastuk-za-zvakanje","14":"pa_barva-izdelka-crna-hr","15":"pa_barva-izdelka-crvena","16":"pa_barva-zvecila-crna-hr","17":"pa_barva-zvecila-crvena","18":"pa_material-zvecila-french-ring-nylcot-hr","19":"pa_namen-rokava-zvecila-aporta-trening-mladih-pasa","20":"pa_trdota-zvecila-mekano","21":"pa_trdota-zvecila-tvrdo","23":"first","24":"instock","25":"taxable","26":"shipping-taxable","27":"purchasable","28":"product-type-variable"},"acf":[],"_links":{"self":[{"href":"https:\/\/dingogear.si\/hr\/wp-json\/wp\/v2\/product\/2865","targetHints":{"allow":["GET"]}}],"collection":[{"href":"https:\/\/dingogear.si\/hr\/wp-json\/wp\/v2\/product"}],"about":[{"href":"https:\/\/dingogear.si\/hr\/wp-json\/wp\/v2\/types\/product"}],"replies":[{"embeddable":true,"href":"https:\/\/dingogear.si\/hr\/wp-json\/wp\/v2\/comments?post=2865"}],"wp:featuredmedia":[{"embeddable":true,"href":"https:\/\/dingogear.si\/hr\/wp-json\/wp\/v2\/media\/17910"}],"wp:attachment":[{"href":"https:\/\/dingogear.si\/hr\/wp-json\/wp\/v2\/media?parent=2865"}],"wp:term":[{"taxonomy":"product_brand","embeddable":true,"href":"https:\/\/dingogear.si\/hr\/wp-json\/wp\/v2\/product_brand?post=2865"},{"taxonomy":"product_cat","embeddable":true,"href":"https:\/\/dingogear.si\/hr\/wp-json\/wp\/v2\/product_cat?post=2865"},{"taxonomy":"product_tag","embeddable":true,"href":"https:\/\/dingogear.si\/hr\/wp-json\/wp\/v2\/product_tag?post=2865"}],"curies":[{"name":"wp","href":"https:\/\/api.w.org\/{rel}","templated":true}]}}