{"id":2870,"date":"2017-11-22T13:23:16","date_gmt":"2017-11-22T12:23:16","guid":{"rendered":"http:\/\/dingogear.si\/?post_type=product&#038;p=2870"},"modified":"2023-01-11T13:34:49","modified_gmt":"2023-01-11T12:34:49","slug":"zastitni-rukav-roxi","status":"publish","type":"product","link":"https:\/\/dingogear.si\/hr\/zastitni-rukav-roxi\/","title":{"rendered":"Za\u0161titni rukav ROXI"},"content":{"rendered":"<p><img decoding=\"async\" class=\"aligncenter size-full wp-image-1101\" src=\"https:\/\/dingogear.si\/wp-content\/uploads\/2017\/11\/rokav-ROXI.jpg\" alt=\"\" width=\"1590\" height=\"743\" title=\"\" srcset=\"https:\/\/dingogear.si\/wp-content\/uploads\/2017\/11\/rokav-ROXI.jpg 1590w, https:\/\/dingogear.si\/wp-content\/uploads\/2017\/11\/rokav-ROXI-500x234.jpg 500w, https:\/\/dingogear.si\/wp-content\/uploads\/2017\/11\/rokav-ROXI-700x327.jpg 700w, https:\/\/dingogear.si\/wp-content\/uploads\/2017\/11\/rokav-ROXI-300x140.jpg 300w, https:\/\/dingogear.si\/wp-content\/uploads\/2017\/11\/rokav-ROXI-768x359.jpg 768w, https:\/\/dingogear.si\/wp-content\/uploads\/2017\/11\/rokav-ROXI-1024x479.jpg 1024w\" sizes=\"(max-width: 1590px) 100vw, 1590px\" \/><\/p>\n","protected":false},"excerpt":{"rendered":"<p>DINGO GEAR profesionalni za\u0161titni rukav od mekane jute namijenjen za dresuru mladih pasa &#8211; za SOFT zagriz &#8211; za prijelazno razdoblje pripreme za pravi IGP rukav i pravi zagriz. Super izdr\u017eljiv!<\/p>\n<p>Testirano i odobreno od strane profesionalnih trenera. Pouzdana kvaliteta i izvrsnost izvedbe omogu\u0107uju 100% zadovoljstvo korisnika.<\/p>\n<p>Ru\u010dno izra\u0111eni od strane stru\u010dnjaka za profesionalce!<\/p>\n<p>Posebne zna\u010dajke:<\/p>\n<ul>\n<li>ergonomski model<\/li>\n<li>izra\u0111ena od visokokvalitetne jute<\/li>\n<li>\u010dvrst zahvat<\/li>\n<li>odgovaraju\u0107a meko\u0107a i lako\u0107a<\/li>\n<li>bez unutarnjeg jastuka<\/li>\n<li>materijal je oja\u010dan, \u0161to osigurava trajnost kori\u0161tenja<\/li>\n<li>odgovaraju\u0107e unutarnje poja\u010danje i podstava rukava<\/li>\n<li>remen s rukohvatom za jednostavno no\u0161enje rukava<\/li>\n<\/ul>\n<p>Parametri: te\u017eina &#8211; 0,9 kg, du\u017eina 35 cm, dubina 28 cm, visina 13 cm<\/p>\n<p>Svrha rukava je uvje\u017ebati psa za pravilan ugriz i hvat te pobolj\u0161ati ugriz do savr\u0161enstva! Zajam\u010dena sigurnost psa i pomaga\u010da!<\/p>\n<p>&nbsp;<\/p>\n","protected":false},"featured_media":1102,"comment_status":"open","ping_status":"closed","template":"","meta":{"_acf_changed":false},"product_brand":[2948],"product_cat":[781,821,787],"product_tag":[1240,777],"class_list":{"0":"post-2870","1":"product","2":"type-product","3":"status-publish","4":"has-post-thumbnail","6":"product_brand-dingo-gear","7":"product_cat-oprema-za-markirante","8":"product_cat-trening-obrane","9":"product_cat-zastitni-rukavi-i-navlake","10":"product_tag-obrana","11":"product_tag-rukavi","12":"pa_barva-zascitnega-rokava-boja-jute","13":"pa_levi-ali-desni-rokav-univerzalan","14":"pa_material-rokava-juta-hr","15":"pa_namen-rokava-zvecila-aporta-trening-mladih-pasa","16":"pa_vrsta-rokava-vanjski-iznad-odjela","17":"pa_vrsta-rokava-zatvoreni","19":"first","20":"outofstock","21":"taxable","22":"shipping-taxable","23":"purchasable","24":"product-type-simple"},"acf":[],"_links":{"self":[{"href":"https:\/\/dingogear.si\/hr\/wp-json\/wp\/v2\/product\/2870","targetHints":{"allow":["GET"]}}],"collection":[{"href":"https:\/\/dingogear.si\/hr\/wp-json\/wp\/v2\/product"}],"about":[{"href":"https:\/\/dingogear.si\/hr\/wp-json\/wp\/v2\/types\/product"}],"replies":[{"embeddable":true,"href":"https:\/\/dingogear.si\/hr\/wp-json\/wp\/v2\/comments?post=2870"}],"wp:featuredmedia":[{"embeddable":true,"href":"https:\/\/dingogear.si\/hr\/wp-json\/wp\/v2\/media\/1102"}],"wp:attachment":[{"href":"https:\/\/dingogear.si\/hr\/wp-json\/wp\/v2\/media?parent=2870"}],"wp:term":[{"taxonomy":"product_brand","embeddable":true,"href":"https:\/\/dingogear.si\/hr\/wp-json\/wp\/v2\/product_brand?post=2870"},{"taxonomy":"product_cat","embeddable":true,"href":"https:\/\/dingogear.si\/hr\/wp-json\/wp\/v2\/product_cat?post=2870"},{"taxonomy":"product_tag","embeddable":true,"href":"https:\/\/dingogear.si\/hr\/wp-json\/wp\/v2\/product_tag?post=2870"}],"curies":[{"name":"wp","href":"https:\/\/api.w.org\/{rel}","templated":true}]}}