{"id":2879,"date":"2017-11-12T20:27:03","date_gmt":"2018-03-28T11:16:48","guid":{"rendered":"http:\/\/dingogear.si\/?post_type=product&#038;p=2879"},"modified":"2022-11-21T11:18:08","modified_gmt":"2022-11-21T10:18:08","slug":"drveni-aport-ipo-s-uzetom","status":"publish","type":"product","link":"https:\/\/dingogear.si\/hr\/drveni-aport-ipo-s-uzetom\/","title":{"rendered":"Drveni aport IPO s u\u017eetom"},"content":{"rendered":"<p><img decoding=\"async\" class=\"aligncenter wp-image-1083 size-full\" src=\"https:\/\/dingogear.si\/wp-content\/uploads\/2017\/11\/leseni-IPO-aport_vrv_VEL.jpg\" alt=\"\" width=\"1157\" height=\"675\" title=\"\" srcset=\"https:\/\/dingogear.si\/wp-content\/uploads\/2017\/11\/leseni-IPO-aport_vrv_VEL.jpg 1157w, https:\/\/dingogear.si\/wp-content\/uploads\/2017\/11\/leseni-IPO-aport_vrv_VEL-500x292.jpg 500w, https:\/\/dingogear.si\/wp-content\/uploads\/2017\/11\/leseni-IPO-aport_vrv_VEL-700x408.jpg 700w, https:\/\/dingogear.si\/wp-content\/uploads\/2017\/11\/leseni-IPO-aport_vrv_VEL-300x175.jpg 300w, https:\/\/dingogear.si\/wp-content\/uploads\/2017\/11\/leseni-IPO-aport_vrv_VEL-768x448.jpg 768w, https:\/\/dingogear.si\/wp-content\/uploads\/2017\/11\/leseni-IPO-aport_vrv_VEL-1024x597.jpg 1024w\" sizes=\"(max-width: 1157px) 100vw, 1157px\" \/><\/p>\n","protected":false},"excerpt":{"rendered":"<p>Drveni aport te\u017eine 650g sa \u0161pagom za lak\u0161e bacanje. Svi dijelovi aporta su vij\u010dani, a ru\u010dka dono\u0161enja je od bukovog drveta otpornog na stalno grickanje.<\/p>\n<p>Parametri: duljina 20 cm; \u0161irina 12 cm; visina 12 cm; te\u017eina <strong>650 grama<\/strong><\/p>\n<p>Testirano i odobreno od strane profesionalnih trenera pasa.<\/p>\n<p>Zna\u010dajke:<\/p>\n<ul>\n<li>vrlo \u010dvrst materijal<\/li>\n<li>otporan na ugriz<\/li>\n<li>dr\u017ea\u010d od bukovog drveta<\/li>\n<li>svi dijelovi modela su za\u0161rafljeni i vodootporni<\/li>\n<\/ul>\n<p>&nbsp;<\/p>\n","protected":false},"featured_media":1084,"comment_status":"open","ping_status":"closed","template":"","meta":{"_acf_changed":false},"product_brand":[2948],"product_cat":[807,803,783,817,819,823],"product_tag":[749,745,1238],"class_list":{"0":"post-2879","1":"product","2":"type-product","3":"status-publish","4":"has-post-thumbnail","6":"product_brand-dingo-gear","7":"product_cat-kobasice-aporti","8":"product_cat-oprema-za-psa","9":"product_cat-oprema-za-trening-poligon","10":"product_cat-oprema-za-vodica","11":"product_cat-pomagala-za-trening","12":"product_cat-trening-vodljivosti","13":"product_tag-ipo-hr","14":"product_tag-kobasice","15":"product_tag-vodljivost","16":"pa_izdelava-ipo-aporta-vijcan","17":"pa_material-aporta-drvo","18":"pa_teza-ipo-aporta-650g-hr","20":"first","21":"instock","22":"featured","23":"taxable","24":"shipping-taxable","25":"purchasable","26":"product-type-simple"},"acf":[],"_links":{"self":[{"href":"https:\/\/dingogear.si\/hr\/wp-json\/wp\/v2\/product\/2879","targetHints":{"allow":["GET"]}}],"collection":[{"href":"https:\/\/dingogear.si\/hr\/wp-json\/wp\/v2\/product"}],"about":[{"href":"https:\/\/dingogear.si\/hr\/wp-json\/wp\/v2\/types\/product"}],"replies":[{"embeddable":true,"href":"https:\/\/dingogear.si\/hr\/wp-json\/wp\/v2\/comments?post=2879"}],"wp:featuredmedia":[{"embeddable":true,"href":"https:\/\/dingogear.si\/hr\/wp-json\/wp\/v2\/media\/1084"}],"wp:attachment":[{"href":"https:\/\/dingogear.si\/hr\/wp-json\/wp\/v2\/media?parent=2879"}],"wp:term":[{"taxonomy":"product_brand","embeddable":true,"href":"https:\/\/dingogear.si\/hr\/wp-json\/wp\/v2\/product_brand?post=2879"},{"taxonomy":"product_cat","embeddable":true,"href":"https:\/\/dingogear.si\/hr\/wp-json\/wp\/v2\/product_cat?post=2879"},{"taxonomy":"product_tag","embeddable":true,"href":"https:\/\/dingogear.si\/hr\/wp-json\/wp\/v2\/product_tag?post=2879"}],"curies":[{"name":"wp","href":"https:\/\/api.w.org\/{rel}","templated":true}]}}