{"id":2884,"date":"2017-11-12T20:06:01","date_gmt":"2018-03-28T11:16:59","guid":{"rendered":"http:\/\/dingogear.si\/?post_type=product&#038;p=2884"},"modified":"2020-05-06T17:22:01","modified_gmt":"2020-05-06T15:22:01","slug":"drveni-aport-ipo-extra","status":"publish","type":"product","link":"https:\/\/dingogear.si\/hr\/drveni-aport-ipo-extra\/","title":{"rendered":"Drveni aport IPO EXTRA"},"content":{"rendered":"<p><img decoding=\"async\" class=\"aligncenter wp-image-1061 size-full\" src=\"https:\/\/dingogear.si\/wp-content\/uploads\/2017\/11\/leseni-IPO-aport_extra_VEL.jpg\" alt=\"\" width=\"1170\" height=\"570\" title=\"\" srcset=\"https:\/\/dingogear.si\/wp-content\/uploads\/2017\/11\/leseni-IPO-aport_extra_VEL.jpg 1170w, https:\/\/dingogear.si\/wp-content\/uploads\/2017\/11\/leseni-IPO-aport_extra_VEL-500x244.jpg 500w, https:\/\/dingogear.si\/wp-content\/uploads\/2017\/11\/leseni-IPO-aport_extra_VEL-700x341.jpg 700w, https:\/\/dingogear.si\/wp-content\/uploads\/2017\/11\/leseni-IPO-aport_extra_VEL-300x146.jpg 300w, https:\/\/dingogear.si\/wp-content\/uploads\/2017\/11\/leseni-IPO-aport_extra_VEL-768x374.jpg 768w, https:\/\/dingogear.si\/wp-content\/uploads\/2017\/11\/leseni-IPO-aport_extra_VEL-1024x499.jpg 1024w\" sizes=\"(max-width: 1170px) 100vw, 1170px\" \/><\/p>\n","protected":false},"excerpt":{"rendered":"<p>Aport, ki se uporablja na IPO tekmovanjih, kjer je te\u017ea aporta predpisana. Vsi deli aporta so privija\u010deni, dr\u017ealo aporta pa je izdelano iz bukovega lesa odpornega na konstantno grizenje.<\/p>\n<p>Na voljo v treh razli\u010dicah:<\/p>\n<ul>\n<li>650g<\/li>\n<li>1000g<\/li>\n<li>2000g<\/li>\n<\/ul>\n<p>Preizku\u0161eno in odobreno s profesionalnih trenerjev za pse.<\/p>\n<p>Zna\u010dilnosti:<\/p>\n<ul>\n<li>zelo trden material<\/li>\n<li>odporen na ugrize<\/li>\n<li>dr\u017ealo iz bukovega lesa<\/li>\n<li>vsi deli modela so privija\u010deni in vodotesni<\/li>\n<\/ul>\n<table width=\"362\">\n<tbody>\n<tr>\n<td width=\"78\"><\/td>\n<td style=\"font-style: inherit; font-weight: inherit;\" width=\"78\">MASA<\/td>\n<td style=\"font-style: inherit; font-weight: inherit;\" width=\"78\">DOL\u017dINA<\/td>\n<td style=\"font-style: inherit; font-weight: inherit;\" width=\"64\">\u0160IRINA<\/td>\n<td style=\"font-style: inherit; font-weight: inherit;\" width=\"64\">VI\u0160INA<\/td>\n<\/tr>\n<tr style=\"font-style: inherit; font-weight: inherit;\">\n<td style=\"font-style: inherit; font-weight: inherit;\">S02503<\/td>\n<td style=\"font-style: inherit; font-weight: inherit;\">650G<\/td>\n<td style=\"font-style: inherit; font-weight: inherit;\">17cm<\/td>\n<td style=\"font-style: inherit; font-weight: inherit;\">13cm<\/td>\n<td style=\"font-style: inherit; font-weight: inherit;\">13cm<\/td>\n<\/tr>\n<tr style=\"font-style: inherit; font-weight: inherit;\">\n<td style=\"font-style: inherit; font-weight: inherit;\">S02504<\/td>\n<td style=\"font-style: inherit; font-weight: inherit;\">1000g<\/td>\n<td style=\"font-style: inherit; font-weight: inherit;\">21cm<\/td>\n<td style=\"font-style: inherit; font-weight: inherit;\">13cm<\/td>\n<td style=\"font-style: inherit; font-weight: inherit;\">13cm<\/td>\n<\/tr>\n<tr style=\"font-style: inherit; font-weight: inherit;\">\n<td style=\"font-style: inherit; font-weight: inherit;\">S02505<\/td>\n<td style=\"font-style: inherit; font-weight: inherit;\">2000g<\/td>\n<td style=\"font-style: inherit; font-weight: inherit;\">30cm<\/td>\n<td style=\"font-style: inherit; font-weight: inherit;\">13cm<\/td>\n<td style=\"font-style: inherit; font-weight: inherit;\">13cm<\/td>\n<\/tr>\n<\/tbody>\n<\/table>\n","protected":false},"featured_media":1070,"comment_status":"open","ping_status":"closed","template":"","meta":{"_acf_changed":false},"product_brand":[2948],"product_cat":[807,803,783,817,819,823],"product_tag":[749,745,1238],"class_list":{"0":"post-2884","1":"product","2":"type-product","3":"status-publish","4":"has-post-thumbnail","6":"product_brand-dingo-gear","7":"product_cat-kobasice-aporti","8":"product_cat-oprema-za-psa","9":"product_cat-oprema-za-trening-poligon","10":"product_cat-oprema-za-vodica","11":"product_cat-pomagala-za-trening","12":"product_cat-trening-vodljivosti","13":"product_tag-ipo-hr","14":"product_tag-kobasice","15":"product_tag-vodljivost","16":"pa_izdelava-ipo-aporta-vijcan","17":"pa_material-aporta-drvo","18":"pa_teza-ipo-aporta-1000g-hr","19":"pa_teza-ipo-aporta-2000g-hr","20":"pa_teza-ipo-aporta-650g-hr","22":"first","23":"instock","24":"featured","25":"taxable","26":"shipping-taxable","27":"purchasable","28":"product-type-variable"},"acf":[],"_links":{"self":[{"href":"https:\/\/dingogear.si\/hr\/wp-json\/wp\/v2\/product\/2884","targetHints":{"allow":["GET"]}}],"collection":[{"href":"https:\/\/dingogear.si\/hr\/wp-json\/wp\/v2\/product"}],"about":[{"href":"https:\/\/dingogear.si\/hr\/wp-json\/wp\/v2\/types\/product"}],"replies":[{"embeddable":true,"href":"https:\/\/dingogear.si\/hr\/wp-json\/wp\/v2\/comments?post=2884"}],"wp:featuredmedia":[{"embeddable":true,"href":"https:\/\/dingogear.si\/hr\/wp-json\/wp\/v2\/media\/1070"}],"wp:attachment":[{"href":"https:\/\/dingogear.si\/hr\/wp-json\/wp\/v2\/media?parent=2884"}],"wp:term":[{"taxonomy":"product_brand","embeddable":true,"href":"https:\/\/dingogear.si\/hr\/wp-json\/wp\/v2\/product_brand?post=2884"},{"taxonomy":"product_cat","embeddable":true,"href":"https:\/\/dingogear.si\/hr\/wp-json\/wp\/v2\/product_cat?post=2884"},{"taxonomy":"product_tag","embeddable":true,"href":"https:\/\/dingogear.si\/hr\/wp-json\/wp\/v2\/product_tag?post=2884"}],"curies":[{"name":"wp","href":"https:\/\/api.w.org\/{rel}","templated":true}]}}