{"id":2888,"date":"2017-11-12T19:32:27","date_gmt":"2017-11-12T18:32:27","guid":{"rendered":"http:\/\/dingogear.si\/?post_type=product&#038;p=2888"},"modified":"2021-12-29T18:55:45","modified_gmt":"2021-12-29T17:55:45","slug":"sator-revir","status":"publish","type":"product","link":"https:\/\/dingogear.si\/hr\/sator-revir\/","title":{"rendered":"\u0160ator &#8211; revir sa prolazom"},"content":{"rendered":"<p><img decoding=\"async\" class=\"aligncenter wp-image-1031 size-full\" src=\"https:\/\/dingogear.si\/wp-content\/uploads\/2017\/11\/revirji_VEL.jpg\" alt=\"\" width=\"1137\" height=\"698\" title=\"\" srcset=\"https:\/\/dingogear.si\/wp-content\/uploads\/2017\/11\/revirji_VEL.jpg 1137w, https:\/\/dingogear.si\/wp-content\/uploads\/2017\/11\/revirji_VEL-500x307.jpg 500w, https:\/\/dingogear.si\/wp-content\/uploads\/2017\/11\/revirji_VEL-700x430.jpg 700w, https:\/\/dingogear.si\/wp-content\/uploads\/2017\/11\/revirji_VEL-300x184.jpg 300w, https:\/\/dingogear.si\/wp-content\/uploads\/2017\/11\/revirji_VEL-768x471.jpg 768w, https:\/\/dingogear.si\/wp-content\/uploads\/2017\/11\/revirji_VEL-1024x629.jpg 1024w\" sizes=\"(max-width: 1137px) 100vw, 1137px\" \/><\/p>\n","protected":false},"excerpt":{"rendered":"<p>Sklopivi \u0161ator \/ revir za markiranta (meta)! Revir ima \u0161iri metalni prsten u gornjem dijelu na koji se razvla\u010di platno. Taj prsten omogu\u0107uje ugodno (u \u0161irini ramena) postavljanje markera iza revira, bez savijanja ili prisilnog dr\u017eanja. <strong>Testirano, odobreno i preporu\u010deno od strane profesionalnih markiranta pasa!<\/strong><\/p>\n<p>Pouzdana kvaliteta i savr\u0161enstvo omogu\u0107uju postizanje 100% zadovoljstva.<\/p>\n<p>Izrada \u0161atora:<\/p>\n<ul>\n<li>pocin\u010dana metalna konstrukcija<\/li>\n<li>\u010cetiri noge<\/li>\n<li>preklopni<\/li>\n<li>metalni trokuti za monta\u017eu nogu<\/li>\n<li>dva zida<\/li>\n<li>vodootporni materijal, uklju\u010dena torba za no\u0161enje od istog materijala<\/li>\n<\/ul>\n<p><strong>Parametri \u0161atora s 3 zida i 4 noge:<\/strong> te\u017eina 9,9 kg, visina 230 cm, \u0161irina gornjeg zida 27 cm, \u0161irina donjeg zida 124 cm (ukupna \u0161irina: gore 81 cm, dno 372 cm), debljina 21 cm<\/p>\n<p>Svrha<strong> <\/strong>\u0161atora<strong>:<\/strong><\/p>\n<ul>\n<li>trening i obuka pasa<\/li>\n<li>u\u010dvr\u0161\u0107ivanje nau\u010denog<\/li>\n<li>pru\u017ea sigurnost psu i markeru, bez dijelova koji bi mogli o\u0161tetiti odje\u0107u markera ili ko\u017eu psa<\/li>\n<\/ul>\n","protected":false},"featured_media":1037,"comment_status":"open","ping_status":"closed","template":"","meta":{"_acf_changed":false},"product_brand":[2948],"product_cat":[781,783,791,821],"product_tag":[749,1500],"class_list":{"0":"post-2888","1":"product","2":"type-product","3":"status-publish","4":"has-post-thumbnail","6":"product_brand-dingo-gear","7":"product_cat-oprema-za-markirante","8":"product_cat-oprema-za-trening-poligon","9":"product_cat-reviri-i-zastirke","10":"product_cat-trening-obrane","11":"product_tag-ipo-hr","12":"product_tag-poligon","13":"product_shipping_class-dostava-vecih-i-tezih-paketa","14":"pa_velikost-revirja-3-zida-4-noge","16":"first","17":"instock","18":"taxable","19":"shipping-taxable","20":"purchasable","21":"product-type-simple"},"acf":[],"_links":{"self":[{"href":"https:\/\/dingogear.si\/hr\/wp-json\/wp\/v2\/product\/2888","targetHints":{"allow":["GET"]}}],"collection":[{"href":"https:\/\/dingogear.si\/hr\/wp-json\/wp\/v2\/product"}],"about":[{"href":"https:\/\/dingogear.si\/hr\/wp-json\/wp\/v2\/types\/product"}],"replies":[{"embeddable":true,"href":"https:\/\/dingogear.si\/hr\/wp-json\/wp\/v2\/comments?post=2888"}],"wp:featuredmedia":[{"embeddable":true,"href":"https:\/\/dingogear.si\/hr\/wp-json\/wp\/v2\/media\/1037"}],"wp:attachment":[{"href":"https:\/\/dingogear.si\/hr\/wp-json\/wp\/v2\/media?parent=2888"}],"wp:term":[{"taxonomy":"product_brand","embeddable":true,"href":"https:\/\/dingogear.si\/hr\/wp-json\/wp\/v2\/product_brand?post=2888"},{"taxonomy":"product_cat","embeddable":true,"href":"https:\/\/dingogear.si\/hr\/wp-json\/wp\/v2\/product_cat?post=2888"},{"taxonomy":"product_tag","embeddable":true,"href":"https:\/\/dingogear.si\/hr\/wp-json\/wp\/v2\/product_tag?post=2888"}],"curies":[{"name":"wp","href":"https:\/\/api.w.org\/{rel}","templated":true}]}}