{"id":2904,"date":"2017-11-12T17:54:17","date_gmt":"2018-03-28T12:26:29","guid":{"rendered":"http:\/\/dingogear.si\/?post_type=product&#038;p=2904"},"modified":"2023-01-05T20:05:40","modified_gmt":"2023-01-05T19:05:40","slug":"kozna-brnjica","status":"publish","type":"product","link":"https:\/\/dingogear.si\/hr\/kozna-brnjica\/","title":{"rendered":"Ko\u017ena brnjica"},"content":{"rendered":"<p><img decoding=\"async\" class=\"aligncenter wp-image-1015 size-full\" src=\"https:\/\/dingogear.si\/wp-content\/uploads\/2017\/11\/nagob\u010dnik_usnjen_VEL.jpg\" alt=\"\" width=\"1773\" height=\"771\" title=\"\" srcset=\"https:\/\/dingogear.si\/wp-content\/uploads\/2017\/11\/nagob\u010dnik_usnjen_VEL.jpg 1773w, https:\/\/dingogear.si\/wp-content\/uploads\/2017\/11\/nagob\u010dnik_usnjen_VEL-500x217.jpg 500w, https:\/\/dingogear.si\/wp-content\/uploads\/2017\/11\/nagob\u010dnik_usnjen_VEL-700x304.jpg 700w, https:\/\/dingogear.si\/wp-content\/uploads\/2017\/11\/nagob\u010dnik_usnjen_VEL-300x130.jpg 300w, https:\/\/dingogear.si\/wp-content\/uploads\/2017\/11\/nagob\u010dnik_usnjen_VEL-768x334.jpg 768w, https:\/\/dingogear.si\/wp-content\/uploads\/2017\/11\/nagob\u010dnik_usnjen_VEL-1024x445.jpg 1024w\" sizes=\"(max-width: 1773px) 100vw, 1773px\" \/><\/p>\n","protected":false},"excerpt":{"rendered":"<p>Nagob\u010dnik za usposabljanje psa je namenjen delovnim psom v uniformiranih slu\u017ebah, kot sta policija in vojska. Zaradi oblike je posebej priporo\u010dljiv za pasme kot so nem\u0161ki ov\u010dar in belgijski ov\u010dar.<\/p>\n<p>Preizku\u0161eno in odobreno s strani profesionalnih trenerjev psov. Odli\u010dna kakovost in popolnost izdelka dosegata 100% zadovoljstvo lastnika!<\/p>\n<p>Ro\u010dno izdelani s strani strokovnjakov za strokovnjake!<\/p>\n<p>Izdelava:<\/p>\n<ul>\n<li>Izdelano iz visoko kakovostnega usnja<\/li>\n<li>oja\u010dano z mo\u010dnim jeklenim vlo\u017ekom<\/li>\n<li>Posamezni usnjeni deli so pritrjeni z zakovicami, da prepre\u010dijo zlom gobca<\/li>\n<li>Pes ni vezan in lahko svobodno odpre gobec<\/li>\n<li>Luknje na celotnem delu nagob\u010dnika omogo\u010dajo popolno prezra\u010devanje<\/li>\n<li>Okrepljeni hrbtni del nagob\u010dnika prepre\u010duje upogibanje ali navijanje in ga stabilizira v pravilnem polo\u017eaju za psa.<\/li>\n<li>Gobec je nastavljiv na dveh delih<\/li>\n<li>HS SPRENGER zakovica za hitro odstranjevanje<\/li>\n<li>kovi\u010denje in dvojno \u0161ivanje \u0161ob zagotavlja veliko kakovost<\/li>\n<\/ul>\n<p>Da bi pravilno izbrali pravi nagob\u010dnik za svojega psa, morate izmeriti njegov gobec. Dimenzijo je potrebno primerjati s spodnjo podano tabelo in izbrati ustrezno velikost:<\/p>\n<p>Obseg velikosti pasjega gobca<\/p>\n<table width=\"653\">\n<tbody>\n<tr>\n<td width=\"89\"><span style=\"font-style: inherit; font-weight: inherit;\">Koda izdelka<\/span><\/td>\n<td width=\"70\"><span style=\"font-style: inherit; font-weight: inherit;\">Velikost<\/span><\/td>\n<td width=\"77\"><span style=\"font-style: inherit; font-weight: inherit;\">Max obseg<\/span><\/td>\n<td width=\"133\"><span style=\"font-style: inherit; font-weight: inherit;\">Dol\u017eina nagob\u010dnika<\/span><\/td>\n<td width=\"284\"><span style=\"font-style: inherit; font-weight: inherit;\">Ponavadi ustreza:<\/span><\/td>\n<\/tr>\n<tr>\n<td><span style=\"font-style: inherit; font-weight: inherit;\">S03030<\/span><\/td>\n<td><span style=\"font-style: inherit; font-weight: inherit;\">Vel 1<\/span><\/td>\n<td><span style=\"font-style: inherit; font-weight: inherit;\">31,8 cm<\/span><\/td>\n<td><span style=\"font-style: inherit; font-weight: inherit;\">9,5 cm<\/span><\/td>\n<td><span style=\"font-style: inherit; font-weight: inherit;\">Malinois \u2013 psica<\/span><\/td>\n<\/tr>\n<tr>\n<td><span style=\"font-style: inherit; font-weight: inherit;\">S03031<\/span><\/td>\n<td><span style=\"font-style: inherit; font-weight: inherit;\">Vel 2<\/span><\/td>\n<td><span style=\"font-style: inherit; font-weight: inherit;\">34,6 cm<\/span><\/td>\n<td><span style=\"font-style: inherit; font-weight: inherit;\">9 cm<\/span><\/td>\n<td><span style=\"font-style: inherit; font-weight: inherit;\">Malinois \u2013 pes, Nem\u0161ki ov\u010dar &#8211; psica<\/span><\/td>\n<\/tr>\n<tr>\n<td><span style=\"font-style: inherit; font-weight: inherit;\">S03032<\/span><\/td>\n<td><span style=\"font-style: inherit; font-weight: inherit;\">Vel 3<\/span><\/td>\n<td><span style=\"font-style: inherit; font-weight: inherit;\">39,6 cm<\/span><\/td>\n<td><span style=\"font-style: inherit; font-weight: inherit;\">10 cm<\/span><\/td>\n<td><span style=\"font-style: inherit; font-weight: inherit;\">Nem\u0161ki ov\u010dar \u2013 pes<\/span><\/td>\n<\/tr>\n<\/tbody>\n<\/table>\n<p>Popolnoma nastavljivo s stranskimi trakovi in \u200b\u200bobodom vratu.<\/p>\n","protected":false},"featured_media":18565,"comment_status":"open","ping_status":"closed","template":"","meta":{"_acf_changed":false},"product_brand":[2948],"product_cat":[811,803,817],"product_tag":[751],"class_list":{"0":"post-2904","1":"product","2":"type-product","3":"status-publish","4":"has-post-thumbnail","6":"product_brand-dingo-gear","7":"product_cat-brnjice","8":"product_cat-oprema-za-psa","9":"product_cat-oprema-za-vodica","10":"product_tag-brnjice","11":"pa_material-nagobcnika-kozni","12":"pa_velikost-usnjenega-nagob-velicina-1-belgijski-ovcar-kuja","13":"pa_velikost-usnjenega-nagob-velicina-2-belgijski-ovcar-pas-njemacki-ovcar-kuja","14":"pa_velikost-usnjenega-nagob-velicina-3-njemacki-ovcar-pas","16":"first","17":"instock","18":"taxable","19":"shipping-taxable","20":"purchasable","21":"product-type-variable"},"acf":[],"_links":{"self":[{"href":"https:\/\/dingogear.si\/hr\/wp-json\/wp\/v2\/product\/2904","targetHints":{"allow":["GET"]}}],"collection":[{"href":"https:\/\/dingogear.si\/hr\/wp-json\/wp\/v2\/product"}],"about":[{"href":"https:\/\/dingogear.si\/hr\/wp-json\/wp\/v2\/types\/product"}],"replies":[{"embeddable":true,"href":"https:\/\/dingogear.si\/hr\/wp-json\/wp\/v2\/comments?post=2904"}],"wp:featuredmedia":[{"embeddable":true,"href":"https:\/\/dingogear.si\/hr\/wp-json\/wp\/v2\/media\/18565"}],"wp:attachment":[{"href":"https:\/\/dingogear.si\/hr\/wp-json\/wp\/v2\/media?parent=2904"}],"wp:term":[{"taxonomy":"product_brand","embeddable":true,"href":"https:\/\/dingogear.si\/hr\/wp-json\/wp\/v2\/product_brand?post=2904"},{"taxonomy":"product_cat","embeddable":true,"href":"https:\/\/dingogear.si\/hr\/wp-json\/wp\/v2\/product_cat?post=2904"},{"taxonomy":"product_tag","embeddable":true,"href":"https:\/\/dingogear.si\/hr\/wp-json\/wp\/v2\/product_tag?post=2904"}],"curies":[{"name":"wp","href":"https:\/\/api.w.org\/{rel}","templated":true}]}}