{"id":2908,"date":"2017-11-12T17:38:50","date_gmt":"2017-11-12T16:38:50","guid":{"rendered":"http:\/\/dingogear.si\/?post_type=product&#038;p=2908"},"modified":"2022-08-19T12:52:30","modified_gmt":"2022-08-19T10:52:30","slug":"metalna-brnjica-rotty","status":"publish","type":"product","link":"https:\/\/dingogear.si\/hr\/metalna-brnjica-rotty\/","title":{"rendered":"Metalna brnjica ROTTY"},"content":{"rendered":"<p><img decoding=\"async\" class=\"aligncenter wp-image-1002 size-full\" src=\"https:\/\/dingogear.si\/wp-content\/uploads\/2017\/11\/nagob\u010dnik_kovinski_rottweiler_VEL.jpg\" alt=\"\" width=\"1771\" height=\"711\" title=\"\" srcset=\"https:\/\/dingogear.si\/wp-content\/uploads\/2017\/11\/nagob\u010dnik_kovinski_rottweiler_VEL.jpg 1771w, https:\/\/dingogear.si\/wp-content\/uploads\/2017\/11\/nagob\u010dnik_kovinski_rottweiler_VEL-500x201.jpg 500w, https:\/\/dingogear.si\/wp-content\/uploads\/2017\/11\/nagob\u010dnik_kovinski_rottweiler_VEL-700x281.jpg 700w, https:\/\/dingogear.si\/wp-content\/uploads\/2017\/11\/nagob\u010dnik_kovinski_rottweiler_VEL-300x120.jpg 300w, https:\/\/dingogear.si\/wp-content\/uploads\/2017\/11\/nagob\u010dnik_kovinski_rottweiler_VEL-768x308.jpg 768w, https:\/\/dingogear.si\/wp-content\/uploads\/2017\/11\/nagob\u010dnik_kovinski_rottweiler_VEL-1024x411.jpg 1024w\" sizes=\"(max-width: 1771px) 100vw, 1771px\" \/><\/p>\n","protected":false},"excerpt":{"rendered":"<p>Nagob\u010dnik za usposabljanje psa je namenjen delovnim psom v uniformiranih slu\u017ebah, kot sta policija in vojska. Zaradi \u0161ir\u0161e oblike je posebej priporo\u010dljiv za pasmo rottweiler in druge pasme podobnih oblik glav.<\/p>\n<p>Preizku\u0161eno in odobreno s strani profesionalnih trenerjev psov. Odli\u010dna kakovost in popolnost izdelka dosegata 100% zadovoljstvo lastnika!<\/p>\n<p>Ro\u010dno izdelani s strani strokovnjakov za strokovnjake!<\/p>\n<p>Izdelava:<\/p>\n<ul>\n<li>kovinska ko\u0161ara, kromirana s protikorozijsko prevleko, ki prepre\u010duje tudi mehanske po\u0161kodbe<\/li>\n<li>usnjeni deli iz naravnega usnja<\/li>\n<li>podlo\u017eeno z visoko kakovostnim debelim filcem<\/li>\n<\/ul>\n<p>U\u010dinkovitost in varnost za psa in markerja (tar\u010do):<\/p>\n<ul>\n<li>Posebej izdelan profil, ki je namenjen udarcu psa z najve\u010djo bole\u010dino in u\u010dinkovitostjo<\/li>\n<li>Kovinski deli in usnje u\u010dinkovito za\u0161\u010ditijo ta ob\u010dutljiv del psa med treningom in dejanskim slu\u017ebovanjem<\/li>\n<li>Debel oblazinjen del iz filca \u0161\u010diti in absorbira ve\u010dino sile, ki deluje na psa med napadom, u\u010dinkovito zmanj\u0161a mo\u017enost kakr\u0161nekoli bole\u010dine, tako da pes nestrpno in igrivo ponavlja vajo!<\/li>\n<li>Filc pokriva tudi stranske dele pasjih ustnic in \u0161\u010diti proti odrgninam<\/li>\n<\/ul>\n<p>Da bi pravilno izbrali pravi nagob\u010dnik za svojega psa, morate izmeriti njegov gobec. Dimenzijo je potrebno primerjati s spodnjo podano tabelo in izbrati ustrezno velikost:<\/p>\n<p>Na voljo v 2 velikostih, za psa in za psico!<\/p>\n<table width=\"390\">\n<tbody>\n<tr>\n<td width=\"78\">Velikost<\/td>\n<td width=\"78\">Dol\u017eina<\/td>\n<td style=\"font-style: inherit; font-weight: inherit;\" width=\"78\">Vi\u0161ina<\/td>\n<td style=\"font-style: inherit; font-weight: inherit;\" width=\"78\">\u0160irina<\/td>\n<td style=\"font-style: inherit; font-weight: inherit;\" width=\"78\">Te\u017ea<\/td>\n<\/tr>\n<tr>\n<td style=\"font-style: inherit; font-weight: inherit;\">PES<\/td>\n<td style=\"font-style: inherit; font-weight: inherit;\">34cm<\/td>\n<td style=\"font-style: inherit; font-weight: inherit;\">14cm<\/td>\n<td style=\"font-style: inherit; font-weight: inherit;\">18cm<\/td>\n<td style=\"font-style: inherit; font-weight: inherit;\">0,4kg<\/td>\n<\/tr>\n<tr>\n<td style=\"font-style: inherit; font-weight: inherit;\">PSICA<\/td>\n<td style=\"font-style: inherit; font-weight: inherit;\">33cm<\/td>\n<td style=\"font-style: inherit; font-weight: inherit;\">12cm<\/td>\n<td style=\"font-style: inherit; font-weight: inherit;\">16cm<\/td>\n<td style=\"font-style: inherit; font-weight: inherit;\">0,4kg<\/td>\n<\/tr>\n<tr>\n<td style=\"font-style: inherit; font-weight: inherit;\"><\/td>\n<td style=\"font-style: inherit; font-weight: inherit;\"><\/td>\n<td style=\"font-style: inherit; font-weight: inherit;\"><\/td>\n<td style=\"font-style: inherit; font-weight: inherit;\"><\/td>\n<td style=\"font-style: inherit; font-weight: inherit;\"><\/td>\n<\/tr>\n<\/tbody>\n<\/table>\n","protected":false},"featured_media":1003,"comment_status":"open","ping_status":"closed","template":"","meta":{"_acf_changed":false},"product_brand":[2948],"product_cat":[811,803,821],"product_tag":[751,1240],"class_list":{"0":"post-2908","1":"product","2":"type-product","3":"status-publish","4":"has-post-thumbnail","6":"product_brand-dingo-gear","7":"product_cat-brnjice","8":"product_cat-oprema-za-psa","9":"product_cat-trening-obrane","10":"product_tag-brnjice","11":"product_tag-obrana","12":"pa_material-nagobcnika-metalni","13":"pa_velikost-nagobcnika-rotty-velicina-kuja-o34cm-v11cm","14":"pa_velikost-nagobcnika-rotty-velicina-pas-o3cm-v12cm","16":"first","17":"instock","18":"taxable","19":"shipping-taxable","20":"purchasable","21":"product-type-variable"},"acf":[],"_links":{"self":[{"href":"https:\/\/dingogear.si\/hr\/wp-json\/wp\/v2\/product\/2908","targetHints":{"allow":["GET"]}}],"collection":[{"href":"https:\/\/dingogear.si\/hr\/wp-json\/wp\/v2\/product"}],"about":[{"href":"https:\/\/dingogear.si\/hr\/wp-json\/wp\/v2\/types\/product"}],"replies":[{"embeddable":true,"href":"https:\/\/dingogear.si\/hr\/wp-json\/wp\/v2\/comments?post=2908"}],"wp:featuredmedia":[{"embeddable":true,"href":"https:\/\/dingogear.si\/hr\/wp-json\/wp\/v2\/media\/1003"}],"wp:attachment":[{"href":"https:\/\/dingogear.si\/hr\/wp-json\/wp\/v2\/media?parent=2908"}],"wp:term":[{"taxonomy":"product_brand","embeddable":true,"href":"https:\/\/dingogear.si\/hr\/wp-json\/wp\/v2\/product_brand?post=2908"},{"taxonomy":"product_cat","embeddable":true,"href":"https:\/\/dingogear.si\/hr\/wp-json\/wp\/v2\/product_cat?post=2908"},{"taxonomy":"product_tag","embeddable":true,"href":"https:\/\/dingogear.si\/hr\/wp-json\/wp\/v2\/product_tag?post=2908"}],"curies":[{"name":"wp","href":"https:\/\/api.w.org\/{rel}","templated":true}]}}