{"id":2911,"date":"2017-11-12T17:35:28","date_gmt":"2017-11-12T16:35:28","guid":{"rendered":"http:\/\/dingogear.si\/?post_type=product&#038;p=2911"},"modified":"2023-01-11T13:33:35","modified_gmt":"2023-01-11T12:33:35","slug":"metalna-brnjica","status":"publish","type":"product","link":"https:\/\/dingogear.si\/hr\/metalna-brnjica\/","title":{"rendered":"Metalna brnjica"},"content":{"rendered":"<p><img decoding=\"async\" class=\"aligncenter wp-image-990 size-full\" src=\"https:\/\/dingogear.si\/wp-content\/uploads\/2017\/11\/nagob%C4%8Dnik_kovinski_VEL.jpg\" alt=\"\" width=\"1156\" height=\"549\" title=\"\"><\/p>\n","protected":false},"excerpt":{"rendered":"<p>Metalna brnjica za obuku pasa namijenjena je radnim psima u uniformiranim slu\u017ebama poput policije i vojske. Zbog svog oblika posebno se preporu\u010duje za pasmine poput njema\u010dkog ov\u010dara, belgijskog ov\u010dara, dobermana, \u0161naucera i drugih pasmina sli\u010dnih oblika glave.<\/p>\n<p>Proizvod:<\/p>\n<ul>\n<li>metalna ko\u0161ara, kromirana s antikorozivnim premazom, koji tako\u0111er sprje\u010dava mehani\u010dka o\u0161te\u0107enja<\/li>\n<li>ko\u017eni dijelovi od prirodne ko\u017ee<\/li>\n<li>oblo\u017een visokokvalitetnim debelim filcom<\/li>\n<\/ul>\n<p>U\u010dinkovitost i sigurnost za psa i markera (cilj):<\/p>\n<ul>\n<li>Posebno dizajniran profil dizajniran da pogodi maksimalnom brzinom i u\u010dinkovito\u0161\u0107u<\/li>\n<li>Metalni dijelovi i ko\u017ea u\u010dinkovito \u0161tite ovaj osjetljivi dio psa tijekom treninga i stvarne slu\u017ebe<\/li>\n<li>Debeli podstavljeni komad filca \u0161titi i apsorbira ve\u0107inu sile koja djeluje na psa tijekom napada, u\u010dinkovito smanjuju\u0107i mogu\u0107nost bilo kakve boli tjeraju\u0107i psa da nestrpljivo i zaigrano ponavlja vje\u017ebu!<\/li>\n<li>Filc tako\u0111er pokriva bo\u010dne strane usana psa i \u0161titi od ogrebotina<\/li>\n<\/ul>\n<p>Da biste pravilno odabrali pravu brnjicu za svog psa, morate izmjeriti njegovu nju\u0161ku. Dimenzija se mora usporediti s donjom tabelom i odabrati odgovaraju\u0107u veli\u010dinu:<\/p>\n<p>Dimenzije su potpuno podesive sa bo\u010dnim naramenicama i opsegom vrata.<\/p>\n<table width=\"390\">\n<tbody>\n<tr>\n<td width=\"78\">Veli\u010dina<\/td>\n<td width=\"78\">Opseg pse\u0107e nju\u0161ke<\/td>\n<td style=\"font-style: inherit; font-weight: inherit;\" width=\"78\">\u0160irina brnjice<\/td>\n<td style=\"font-style: inherit; font-weight: inherit;\" width=\"78\">Visina brnjice<\/td>\n<td style=\"font-style: inherit; font-weight: inherit;\" width=\"78\">Te\u017eina<\/td>\n<\/tr>\n<tr>\n<td style=\"font-style: inherit; font-weight: inherit;\">1<\/td>\n<td style=\"font-style: inherit; font-weight: inherit;\">23 &#8211; 26 cm<\/td>\n<td style=\"font-style: inherit; font-weight: inherit;\">11cm<\/td>\n<td style=\"font-style: inherit; font-weight: inherit;\">12cm<\/td>\n<td style=\"font-style: inherit; font-weight: inherit;\">0,5kg<\/td>\n<\/tr>\n<tr>\n<td style=\"font-style: inherit; font-weight: inherit;\">2<\/td>\n<td style=\"font-style: inherit; font-weight: inherit;\">27 &#8211; 29 cm<\/td>\n<td style=\"font-style: inherit; font-weight: inherit;\">11cm<\/td>\n<td style=\"font-style: inherit; font-weight: inherit;\">14cm<\/td>\n<td style=\"font-style: inherit; font-weight: inherit;\">0,5kg<\/td>\n<\/tr>\n<tr>\n<td style=\"font-style: inherit; font-weight: inherit;\">3<\/td>\n<td style=\"font-style: inherit; font-weight: inherit;\">30 &#8211; 32 cm<\/td>\n<td style=\"font-style: inherit; font-weight: inherit;\">14cm<\/td>\n<td style=\"font-style: inherit; font-weight: inherit;\">16cm<\/td>\n<td style=\"font-style: inherit; font-weight: inherit;\">0,5kg<\/td>\n<\/tr>\n<tr>\n<td style=\"font-style: inherit; font-weight: inherit;\">4<\/td>\n<td style=\"font-style: inherit; font-weight: inherit;\">33 &#8211; 35 cm<\/td>\n<td style=\"font-style: inherit; font-weight: inherit;\">14cm<\/td>\n<td style=\"font-style: inherit; font-weight: inherit;\">17cm<\/td>\n<td style=\"font-style: inherit; font-weight: inherit;\">0,5kg<\/td>\n<\/tr>\n<\/tbody>\n<\/table>\n","protected":false},"featured_media":9157,"comment_status":"open","ping_status":"closed","template":"","meta":{"_acf_changed":false},"product_brand":[2948],"product_cat":[811,803,821],"product_tag":[751,1240],"class_list":{"0":"post-2911","1":"product","2":"type-product","3":"status-publish","4":"has-post-thumbnail","6":"product_brand-dingo-gear","7":"product_cat-brnjice","8":"product_cat-oprema-za-psa","9":"product_cat-trening-obrane","10":"product_tag-brnjice","11":"product_tag-obrana","12":"pa_material-nagobcnika-metalni","13":"pa_velikost-nagobcnika-velicina-1-d26cm-v11cm-s12cm","14":"pa_velikost-nagobcnika-velicina-2-d27cm-v11cm-s14cm","15":"pa_velikost-nagobcnika-velicina-3-d30cm-v14cm-s16cm","16":"pa_velikost-nagobcnika-velicina-4-d32cm-v14cm-s17cm","18":"first","19":"instock","20":"featured","21":"taxable","22":"shipping-taxable","23":"purchasable","24":"product-type-variable"},"acf":[],"_links":{"self":[{"href":"https:\/\/dingogear.si\/hr\/wp-json\/wp\/v2\/product\/2911","targetHints":{"allow":["GET"]}}],"collection":[{"href":"https:\/\/dingogear.si\/hr\/wp-json\/wp\/v2\/product"}],"about":[{"href":"https:\/\/dingogear.si\/hr\/wp-json\/wp\/v2\/types\/product"}],"replies":[{"embeddable":true,"href":"https:\/\/dingogear.si\/hr\/wp-json\/wp\/v2\/comments?post=2911"}],"wp:featuredmedia":[{"embeddable":true,"href":"https:\/\/dingogear.si\/hr\/wp-json\/wp\/v2\/media\/9157"}],"wp:attachment":[{"href":"https:\/\/dingogear.si\/hr\/wp-json\/wp\/v2\/media?parent=2911"}],"wp:term":[{"taxonomy":"product_brand","embeddable":true,"href":"https:\/\/dingogear.si\/hr\/wp-json\/wp\/v2\/product_brand?post=2911"},{"taxonomy":"product_cat","embeddable":true,"href":"https:\/\/dingogear.si\/hr\/wp-json\/wp\/v2\/product_cat?post=2911"},{"taxonomy":"product_tag","embeddable":true,"href":"https:\/\/dingogear.si\/hr\/wp-json\/wp\/v2\/product_tag?post=2911"}],"curies":[{"name":"wp","href":"https:\/\/api.w.org\/{rel}","templated":true}]}}