{"id":2925,"date":"2017-11-12T16:04:54","date_gmt":"2018-03-28T12:26:52","guid":{"rendered":"http:\/\/dingogear.si\/?post_type=product&#038;p=2925"},"modified":"2022-03-31T11:47:41","modified_gmt":"2022-03-31T09:47:41","slug":"orma-cobra","status":"publish","type":"product","link":"https:\/\/dingogear.si\/hr\/orma-cobra\/","title":{"rendered":"Radna orma &#8211; Orma za rad COBRA"},"content":{"rendered":"<p><img decoding=\"async\" class=\"aligncenter wp-image-954 size-full\" src=\"https:\/\/dingogear.si\/wp-content\/uploads\/2017\/11\/delovna-oprsnica_cobra_VEL.jpg\" alt=\"\" width=\"784\" height=\"658\" title=\"\" srcset=\"https:\/\/dingogear.si\/wp-content\/uploads\/2017\/11\/delovna-oprsnica_cobra_VEL.jpg 784w, https:\/\/dingogear.si\/wp-content\/uploads\/2017\/11\/delovna-oprsnica_cobra_VEL-500x420.jpg 500w, https:\/\/dingogear.si\/wp-content\/uploads\/2017\/11\/delovna-oprsnica_cobra_VEL-700x588.jpg 700w, https:\/\/dingogear.si\/wp-content\/uploads\/2017\/11\/delovna-oprsnica_cobra_VEL-300x252.jpg 300w, https:\/\/dingogear.si\/wp-content\/uploads\/2017\/11\/delovna-oprsnica_cobra_VEL-768x645.jpg 768w\" sizes=\"(max-width: 784px) 100vw, 784px\" \/><\/p>\n","protected":false},"excerpt":{"rendered":"<p>Delovna oprsnica za\u00a0profesionalno\u00a0usposabljanje psa z varovalom prsnega ko\u0161a psa, ki poteka po ko\u0161u navzdol in ne pre\u010dno! Oprsnica ima na\u00a0hrbtnem\u00a0delu ro\u010daj. Z\u00a0zaponko COBRA, patentirano s strani avstrijske plezalne organizacije. Zaponka se samodejno ne more odpreti!<\/p>\n<p>Na voljo v 3 velikostih!<\/p>\n<p>Zna\u010dilnosti oprsnice:<\/p>\n<ul>\n<li>\u0161iroki pasovi<\/li>\n<li>prsno varovalo vzdol\u017e prsnega ko\u0161a in ne pre\u010dno, za dodatno udobje in varnost psa<\/li>\n<li>Pasovi so nastavljivi<\/li>\n<li>zvarjen krom<\/li>\n<li>zaponka Cobra je izdelek\u00a0slovitega avstrijskega podjetja, ki izdeluje opremo za visokogorsko plezanje in uporabo v ekstremnih \u0161portih.<\/li>\n<li>Cobra zaponka ima najvi\u0161ji certifikat vzdr\u017eljivosti, je namenjena za izredne izzive (re\u0161evanja), je prakti\u010dno neuni\u010dljiv del oprsnice<\/li>\n<li>Zaponka Cobra ima mehanizem za raztegovanje in pritrjevanje<\/li>\n<li>Posebej\u00a0v\u0161it\u00a0ro\u010daj na hrbtu za hitro zadr\u017eanje psa<\/li>\n<li>ekstremna trpe\u017enost in odpornost proti mo\u010dnemu mehani\u010dnemu delovanju (hitre kretnje in dolgotrajna napetost traku)<\/li>\n<li>odpornost proti: umazaniji, vodi, zmrzali<\/li>\n<li>Pranje na 30 stopinj Celzija<\/li>\n<li>mo\u017enost personalizacije napisa \/ imena, pritrjenega\u00a0z velcro trakom<\/li>\n<\/ul>\n<p>Dol\u017eina traku (prsni ko\u0161)<\/p>\n<p>M 60-75 cm<br \/>\nL 75-90CM<br \/>\nXL 90-105CM<br \/>\nparametri: dol\u017eina 42 cm; \u0161irina 10cm; debelina 0,3 cm; te\u017ea 0,5kg<br \/>\nNamen oprsnice:<\/p>\n<ul>\n<li>Usposabljanje in izbolj\u0161anje psa pri obrambi<\/li>\n<li>sledenje in iskanje<\/li>\n<li>re\u0161evanje v ekstremnih razmerah<\/li>\n<\/ul>\n","protected":false},"featured_media":955,"comment_status":"open","ping_status":"closed","template":"","meta":{"_acf_changed":false},"product_brand":[2948],"product_cat":[813,803,821,823],"product_tag":[1242],"class_list":{"0":"post-2925","1":"product","2":"type-product","3":"status-publish","4":"has-post-thumbnail","6":"product_brand-dingo-gear","7":"product_cat-hamovi-orma","8":"product_cat-oprema-za-psa","9":"product_cat-trening-obrane","10":"product_cat-trening-vodljivosti","11":"product_tag-hamovi-i-orme","12":"pa_barva-oprsnice-crna-hr","13":"pa_posebnost-oprsnice-cobra-sponka-hr","14":"pa_posebnost-oprsnice-radna-orma-orma-za-rad","15":"pa_velikost-delovne-oprsnice-l-opseg-prsa-75-90cm","16":"pa_velikost-delovne-oprsnice-m-opseg-prsa-60-75cm","17":"pa_velikost-delovne-oprsnice-xl-opseg-prsa-95-105cm","19":"first","20":"instock","21":"featured","22":"taxable","23":"shipping-taxable","24":"purchasable","25":"product-type-variable"},"acf":[],"_links":{"self":[{"href":"https:\/\/dingogear.si\/hr\/wp-json\/wp\/v2\/product\/2925","targetHints":{"allow":["GET"]}}],"collection":[{"href":"https:\/\/dingogear.si\/hr\/wp-json\/wp\/v2\/product"}],"about":[{"href":"https:\/\/dingogear.si\/hr\/wp-json\/wp\/v2\/types\/product"}],"replies":[{"embeddable":true,"href":"https:\/\/dingogear.si\/hr\/wp-json\/wp\/v2\/comments?post=2925"}],"wp:featuredmedia":[{"embeddable":true,"href":"https:\/\/dingogear.si\/hr\/wp-json\/wp\/v2\/media\/955"}],"wp:attachment":[{"href":"https:\/\/dingogear.si\/hr\/wp-json\/wp\/v2\/media?parent=2925"}],"wp:term":[{"taxonomy":"product_brand","embeddable":true,"href":"https:\/\/dingogear.si\/hr\/wp-json\/wp\/v2\/product_brand?post=2925"},{"taxonomy":"product_cat","embeddable":true,"href":"https:\/\/dingogear.si\/hr\/wp-json\/wp\/v2\/product_cat?post=2925"},{"taxonomy":"product_tag","embeddable":true,"href":"https:\/\/dingogear.si\/hr\/wp-json\/wp\/v2\/product_tag?post=2925"}],"curies":[{"name":"wp","href":"https:\/\/api.w.org\/{rel}","templated":true}]}}