{"id":2942,"date":"2017-11-02T11:12:25","date_gmt":"2018-03-28T12:48:53","guid":{"rendered":"http:\/\/dingogear.si\/?post_type=product&#038;p=2942"},"modified":"2022-05-09T17:33:38","modified_gmt":"2022-05-09T15:33:38","slug":"navlaka-za-zastitni-rukav-dzefi","status":"publish","type":"product","link":"https:\/\/dingogear.si\/hr\/navlaka-za-zastitni-rukav-dzefi\/","title":{"rendered":"Navlaka za za\u0161titni rukav D\u017dEFI"},"content":{"rendered":"<p><img decoding=\"async\" class=\"aligncenter wp-image-918 size-full\" src=\"https:\/\/dingogear.si\/wp-content\/uploads\/2017\/11\/prevleka-za-d%C5%BEefi.jpg\" alt=\"\" width=\"900\" height=\"608\" title=\"\"><\/p>\n","protected":false},"excerpt":{"rendered":"<p>DINGOGEAR za\u0161titni kratki rukav za obuku sa zamjenjivom navlakom od jute dizajniran za dresuru mladih i odraslih pasa. Super izdr\u017eljiv!<\/p>\n<p>Testirano i odobreno od strane profesionalnih trenera. Pouzdana kvaliteta i izvrsnost izvedbe omogu\u0107uju 100% zadovoljstvo korisnika.<\/p>\n<p>Ru\u010dno izra\u0111eni od strane stru\u010dnjaka za profesionalce!<\/p>\n<p>Posebne zna\u010dajke:<\/p>\n<ul>\n<li>sna\u017ean i ergonomski model (unutra\u0161nja ru\u010dka)<\/li>\n<li>izra\u0111en od visokokvalitetnog materijala od jute ili french ring materiajala (izbor pri ulasku u ko\u0161aricu!)<\/li>\n<li>\u010dvrst zahvat<\/li>\n<li>profilirani prikladno \u010dvrsti jastuci<\/li>\n<li>bez metala i plastike<\/li>\n<li>oja\u010dana jutom, osigurava trajnost kori\u0161tenja, kao i french ring materijal<\/li>\n<li>omogu\u0107uje psu duboki ugriz u rukav bez opasnosti od ozljeda<\/li>\n<li>odgovaraju\u0107e unutarnje poja\u010danje<\/li>\n<li>ru\u010dka unutar rukava od \u0161iroke i mekane gume, remen pru\u017ea pobolj\u0161anu sigurnost i udobnost<\/li>\n<li>odvojivi jastuk\/navlaka koji se mo\u017ee mijenjati kupnjom novog jastuka &#8211; S00615 (juta) ili S00616 (french ring materijal)<\/li>\n<\/ul>\n<p>Parametri:<\/p>\n<ol>\n<li>Juta: te\u017eina &#8211; 1,5 kg, du\u017eina 33 cm, dubina 26 cm, visina 15 cm<\/li>\n<li>French Ring: te\u017eina &#8211; 1,2 kg, du\u017eina 33 cm, \u0161irina 26 cm, debljina 14 cm<\/li>\n<\/ol>\n<p>Svrha rukava je uvje\u017ebati psa za pravilan ugriz i hvat te pobolj\u0161ati ugriz do savr\u0161enstva! Zajam\u010dena sigurnost psa i pomaga\u010da!<\/p>\n","protected":false},"featured_media":924,"comment_status":"open","ping_status":"closed","template":"","meta":{"_acf_changed":false},"product_brand":[2948],"product_cat":[781,821,1829,787],"product_tag":[775,1240],"class_list":{"0":"post-2942","1":"product","2":"type-product","3":"status-publish","4":"has-post-thumbnail","6":"product_brand-dingo-gear","7":"product_cat-oprema-za-markirante","8":"product_cat-trening-obrane","9":"product_cat-zastitne-navlake","10":"product_cat-zastitni-rukavi-i-navlake","11":"product_tag-navlake-za-rukav","12":"product_tag-obrana","13":"pa_barva-zascitnega-rokava-boja-jute","14":"pa_barva-zascitnega-rokava-crna-hr","15":"pa_levi-ali-desni-rokav-univerzalan","16":"pa_material-rokava-french-ring-nylcot-hr","17":"pa_material-rokava-juta-hr","19":"first","20":"instock","21":"taxable","22":"shipping-taxable","23":"purchasable","24":"product-type-variable"},"acf":[],"_links":{"self":[{"href":"https:\/\/dingogear.si\/hr\/wp-json\/wp\/v2\/product\/2942","targetHints":{"allow":["GET"]}}],"collection":[{"href":"https:\/\/dingogear.si\/hr\/wp-json\/wp\/v2\/product"}],"about":[{"href":"https:\/\/dingogear.si\/hr\/wp-json\/wp\/v2\/types\/product"}],"replies":[{"embeddable":true,"href":"https:\/\/dingogear.si\/hr\/wp-json\/wp\/v2\/comments?post=2942"}],"wp:featuredmedia":[{"embeddable":true,"href":"https:\/\/dingogear.si\/hr\/wp-json\/wp\/v2\/media\/924"}],"wp:attachment":[{"href":"https:\/\/dingogear.si\/hr\/wp-json\/wp\/v2\/media?parent=2942"}],"wp:term":[{"taxonomy":"product_brand","embeddable":true,"href":"https:\/\/dingogear.si\/hr\/wp-json\/wp\/v2\/product_brand?post=2942"},{"taxonomy":"product_cat","embeddable":true,"href":"https:\/\/dingogear.si\/hr\/wp-json\/wp\/v2\/product_cat?post=2942"},{"taxonomy":"product_tag","embeddable":true,"href":"https:\/\/dingogear.si\/hr\/wp-json\/wp\/v2\/product_tag?post=2942"}],"curies":[{"name":"wp","href":"https:\/\/api.w.org\/{rel}","templated":true}]}}