{"id":2959,"date":"2017-10-31T16:29:22","date_gmt":"2018-03-28T13:37:33","guid":{"rendered":"http:\/\/dingogear.si\/?post_type=product&#038;p=2959"},"modified":"2022-03-31T13:40:28","modified_gmt":"2022-03-31T11:40:28","slug":"navlaka-za-podrukav","status":"publish","type":"product","link":"https:\/\/dingogear.si\/hr\/navlaka-za-podrukav\/","title":{"rendered":"Za\u0161titna navlaka za rukav"},"content":{"rendered":"<p><img decoding=\"async\" class=\"aligncenter wp-image-870 size-full\" src=\"https:\/\/dingogear.si\/wp-content\/uploads\/2017\/10\/vseprevleke.jpg\" alt=\"\" width=\"1223\" height=\"866\" title=\"\" srcset=\"https:\/\/dingogear.si\/wp-content\/uploads\/2017\/10\/vseprevleke.jpg 1223w, https:\/\/dingogear.si\/wp-content\/uploads\/2017\/10\/vseprevleke-500x354.jpg 500w, https:\/\/dingogear.si\/wp-content\/uploads\/2017\/10\/vseprevleke-700x496.jpg 700w, https:\/\/dingogear.si\/wp-content\/uploads\/2017\/10\/vseprevleke-300x212.jpg 300w, https:\/\/dingogear.si\/wp-content\/uploads\/2017\/10\/vseprevleke-768x544.jpg 768w, https:\/\/dingogear.si\/wp-content\/uploads\/2017\/10\/vseprevleke-1024x725.jpg 1024w\" sizes=\"(max-width: 1223px) 100vw, 1223px\" \/><\/p>\n","protected":false},"excerpt":{"rendered":"<p>DINGOGEAR profesionalna za\u0161titna navlaka za rukav. Prikladno za kori\u0161tenje samo sa IGP rukavima: S00501, S00502, S00503, S00504, S00505, S00506, S00507, S00508 in S00509.<\/p>\n<p>Testirano i odobreno od strane profesionalnih trenera. Pouzdana kvaliteta i izvrsnost izvedbe omogu\u0107uju 100% zadovoljstvo korisnika.<\/p>\n<p>Ru\u010dno izra\u0111eni od strane stru\u010dnjaka za profesionalce!<\/p>\n","protected":false},"featured_media":849,"comment_status":"open","ping_status":"closed","template":"","meta":{"_acf_changed":false},"product_brand":[2948],"product_cat":[781,817,821,1829,787],"product_tag":[775,1240],"class_list":{"0":"post-2959","1":"product","2":"type-product","3":"status-publish","4":"has-post-thumbnail","6":"product_brand-dingo-gear","7":"product_cat-oprema-za-markirante","8":"product_cat-oprema-za-vodica","9":"product_cat-trening-obrane","10":"product_cat-zastitne-navlake","11":"product_cat-zastitni-rukavi-i-navlake","12":"product_tag-navlake-za-rukav","13":"product_tag-obrana","14":"pa_material-prevleke-french-ring-nylcot-hr","15":"pa_material-prevleke-meka-juta","16":"pa_material-prevleke-meka-juta-s-kozom","17":"pa_material-prevleke-tvrda-juta","18":"pa_material-prevleke-tvrda-juta-s-plastikom","19":"pa_namen-rokava-zvecila-aporta-trening-odraslih-pasa","21":"first","22":"instock","23":"taxable","24":"shipping-taxable","25":"purchasable","26":"product-type-variable"},"acf":[],"_links":{"self":[{"href":"https:\/\/dingogear.si\/hr\/wp-json\/wp\/v2\/product\/2959","targetHints":{"allow":["GET"]}}],"collection":[{"href":"https:\/\/dingogear.si\/hr\/wp-json\/wp\/v2\/product"}],"about":[{"href":"https:\/\/dingogear.si\/hr\/wp-json\/wp\/v2\/types\/product"}],"replies":[{"embeddable":true,"href":"https:\/\/dingogear.si\/hr\/wp-json\/wp\/v2\/comments?post=2959"}],"wp:featuredmedia":[{"embeddable":true,"href":"https:\/\/dingogear.si\/hr\/wp-json\/wp\/v2\/media\/849"}],"wp:attachment":[{"href":"https:\/\/dingogear.si\/hr\/wp-json\/wp\/v2\/media?parent=2959"}],"wp:term":[{"taxonomy":"product_brand","embeddable":true,"href":"https:\/\/dingogear.si\/hr\/wp-json\/wp\/v2\/product_brand?post=2959"},{"taxonomy":"product_cat","embeddable":true,"href":"https:\/\/dingogear.si\/hr\/wp-json\/wp\/v2\/product_cat?post=2959"},{"taxonomy":"product_tag","embeddable":true,"href":"https:\/\/dingogear.si\/hr\/wp-json\/wp\/v2\/product_tag?post=2959"}],"curies":[{"name":"wp","href":"https:\/\/api.w.org\/{rel}","templated":true}]}}