{"id":2965,"date":"2017-10-31T15:51:42","date_gmt":"2017-10-31T14:51:42","guid":{"rendered":"http:\/\/dingogear.si\/?post_type=product&#038;p=2965"},"modified":"2022-03-31T13:40:28","modified_gmt":"2022-03-31T11:40:28","slug":"navlaka-za-podrukav-french-ring","status":"publish","type":"product","link":"https:\/\/dingogear.si\/hr\/navlaka-za-podrukav-french-ring\/","title":{"rendered":"Za\u0161titna navlaka za rokav &#8211; FRENCH RING &#8211; NYLCOT"},"content":{"rendered":"<p><a href=\"https:\/\/dingogear.si\/wp-content\/uploads\/2017\/10\/S00614-S00619-S00620-S00621.jpg\"><img decoding=\"async\" class=\"aligncenter size-full wp-image-11806\" src=\"https:\/\/dingogear.si\/wp-content\/uploads\/2017\/10\/S00614-S00619-S00620-S00621.jpg\" alt=\"\" width=\"1000\" height=\"1000\" title=\"\" srcset=\"https:\/\/dingogear.si\/wp-content\/uploads\/2017\/10\/S00614-S00619-S00620-S00621.jpg 1000w, https:\/\/dingogear.si\/wp-content\/uploads\/2017\/10\/S00614-S00619-S00620-S00621-300x300.jpg 300w, https:\/\/dingogear.si\/wp-content\/uploads\/2017\/10\/S00614-S00619-S00620-S00621-150x150.jpg 150w, https:\/\/dingogear.si\/wp-content\/uploads\/2017\/10\/S00614-S00619-S00620-S00621-768x768.jpg 768w, https:\/\/dingogear.si\/wp-content\/uploads\/2017\/10\/S00614-S00619-S00620-S00621-500x500.jpg 500w, https:\/\/dingogear.si\/wp-content\/uploads\/2017\/10\/S00614-S00619-S00620-S00621-700x700.jpg 700w, https:\/\/dingogear.si\/wp-content\/uploads\/2017\/10\/S00614-S00619-S00620-S00621-100x100.jpg 100w\" sizes=\"(max-width: 1000px) 100vw, 1000px\" \/><\/a><\/p>\n","protected":false},"excerpt":{"rendered":"<p>DINGOGEAR profesionalna za\u0161titna navlaka za rukav od ring materijala za obuku odraslih pasa. Prikladno za kori\u0161tenje samo sa IGP rukavima: S00501, S00502, S00503, S00504, S00505, S00506, S00507, S00508 in S00509.<\/p>\n<p>Testirano i odobreno od strane profesionalnih trenera. Pouzdana kvaliteta i izvrsnost izvedbe omogu\u0107uju 100% zadovoljstvo korisnika.<\/p>\n<p>Ru\u010dni rad stru\u010dnjaka za profesionalce!<\/p>\n<p>Posebne zna\u010dajke:<\/p>\n<ul>\n<li>Tvrdi uvez i te\u017eina<\/li>\n<li>izra\u0111eno od visokokvalitetnog ring materijala<\/li>\n<li>bez metala i plastike, \u0161to osigurava potpunu sigurnost<\/li>\n<li>izra\u0111eno od materijala (koji se koristi za \u0161ivanje full-bite odje\u0107e) osigurava trajnost kori\u0161tenja<\/li>\n<li>materijal poti\u010de pse na grickanje<\/li>\n<li>\u0161irok i gumeni remen za jednostavno no\u0161enje rukava<\/li>\n<li>petlje za pri\u010dvr\u0161\u0107ivanje obru\u010da<\/li>\n<\/ul>\n<p>Parametri: te\u017eina &#8211; 0,8 kg, du\u017eina 61 cm, dubina 28,5 cm, debljina 3 cm<\/p>\n<p>Svrha rukava je uvje\u017ebati psa za pravilan ugriz i hvat te pobolj\u0161ati ugriz do savr\u0161enstva! Zajam\u010dena sigurnost psa i pomaga\u010da!<\/p>\n","protected":false},"featured_media":11806,"comment_status":"open","ping_status":"closed","template":"","meta":{"_acf_changed":false},"product_brand":[2948],"product_cat":[781,817,821,1829,787],"product_tag":[775,1240],"class_list":{"0":"post-2965","1":"product","2":"type-product","3":"status-publish","4":"has-post-thumbnail","6":"product_brand-dingo-gear","7":"product_cat-oprema-za-markirante","8":"product_cat-oprema-za-vodica","9":"product_cat-trening-obrane","10":"product_cat-zastitne-navlake","11":"product_cat-zastitni-rukavi-i-navlake","12":"product_tag-navlake-za-rukav","13":"product_tag-obrana","14":"pa_barva-nylcot-prevleke-crna-hr","15":"pa_barva-nylcot-prevleke-crvena","16":"pa_barva-nylcot-prevleke-narancasta","17":"pa_barva-nylcot-prevleke-plava","18":"pa_material-prevleke-french-ring-nylcot-hr","19":"pa_namen-rokava-zvecila-aporta-trening-odraslih-pasa","21":"first","22":"instock","23":"taxable","24":"shipping-taxable","25":"purchasable","26":"product-type-variable"},"acf":[],"_links":{"self":[{"href":"https:\/\/dingogear.si\/hr\/wp-json\/wp\/v2\/product\/2965","targetHints":{"allow":["GET"]}}],"collection":[{"href":"https:\/\/dingogear.si\/hr\/wp-json\/wp\/v2\/product"}],"about":[{"href":"https:\/\/dingogear.si\/hr\/wp-json\/wp\/v2\/types\/product"}],"replies":[{"embeddable":true,"href":"https:\/\/dingogear.si\/hr\/wp-json\/wp\/v2\/comments?post=2965"}],"wp:featuredmedia":[{"embeddable":true,"href":"https:\/\/dingogear.si\/hr\/wp-json\/wp\/v2\/media\/11806"}],"wp:attachment":[{"href":"https:\/\/dingogear.si\/hr\/wp-json\/wp\/v2\/media?parent=2965"}],"wp:term":[{"taxonomy":"product_brand","embeddable":true,"href":"https:\/\/dingogear.si\/hr\/wp-json\/wp\/v2\/product_brand?post=2965"},{"taxonomy":"product_cat","embeddable":true,"href":"https:\/\/dingogear.si\/hr\/wp-json\/wp\/v2\/product_cat?post=2965"},{"taxonomy":"product_tag","embeddable":true,"href":"https:\/\/dingogear.si\/hr\/wp-json\/wp\/v2\/product_tag?post=2965"}],"curies":[{"name":"wp","href":"https:\/\/api.w.org\/{rel}","templated":true}]}}