{"id":2974,"date":"2017-10-31T10:51:31","date_gmt":"2018-03-28T13:46:25","guid":{"rendered":"http:\/\/dingogear.si\/?post_type=product&#038;p=2974"},"modified":"2022-03-31T13:40:28","modified_gmt":"2022-03-31T11:40:28","slug":"navlaka-za-podrukav-tvrda-juta-s-plastikom","status":"publish","type":"product","link":"https:\/\/dingogear.si\/hr\/navlaka-za-podrukav-tvrda-juta-s-plastikom\/","title":{"rendered":"Za\u0161titna navlaka za rukav &#8211; TVRDA JUTA s PLASTIKOM"},"content":{"rendered":"<p><img decoding=\"async\" class=\"aligncenter wp-image-854 size-full\" src=\"https:\/\/dingogear.si\/wp-content\/uploads\/2017\/10\/prevleka_trda-juta-s-plastiko.jpg\" alt=\"\" width=\"947\" height=\"419\" title=\"\" srcset=\"https:\/\/dingogear.si\/wp-content\/uploads\/2017\/10\/prevleka_trda-juta-s-plastiko.jpg 947w, https:\/\/dingogear.si\/wp-content\/uploads\/2017\/10\/prevleka_trda-juta-s-plastiko-500x221.jpg 500w, https:\/\/dingogear.si\/wp-content\/uploads\/2017\/10\/prevleka_trda-juta-s-plastiko-700x310.jpg 700w, https:\/\/dingogear.si\/wp-content\/uploads\/2017\/10\/prevleka_trda-juta-s-plastiko-300x133.jpg 300w, https:\/\/dingogear.si\/wp-content\/uploads\/2017\/10\/prevleka_trda-juta-s-plastiko-768x340.jpg 768w\" sizes=\"(max-width: 947px) 100vw, 947px\" \/><\/p>\n","protected":false},"excerpt":{"rendered":"<p>DINGOGEAR profesionalna za\u0161titna navlaka za rukav od tvrde jute &#8211; grubo i \u010dvrsto izvezena oko plastike za dresuru odraslih pasa &#8211; za ispravljanje ugriza\/hvata. Prikladno za kori\u0161tenje samo sa IGP rukavima: S00501, S00502, S00503, S00504, S00505, S00506, S00507, S00508 in S00509.<\/p>\n<p>Testirano i odobreno od strane profesionalnih trenera. Pouzdana kvaliteta i izvrsnost izvedbe omogu\u0107uju 100% zadovoljstvo korisnika.<\/p>\n<p>Ru\u010dno izra\u0111eni od strane stru\u010dnjaka za profesionalce!<\/p>\n<p>Posebne zna\u010dajke:<\/p>\n<ul>\n<li>Tvrdi uvez i te\u017eina<\/li>\n<li>izra\u0111ena od visokokvalitetne jute<\/li>\n<li>potpuna sigurnost<\/li>\n<li>juta oja\u010dana polipropilenom osigurava trajnost kori\u0161tenja<\/li>\n<li>Zbog svojih svojstava, juta omogu\u0107uje psu da duboko prodre u materijal bez opasnosti od ozljeda<\/li>\n<li>u sredini navlake oblo\u017een je poliesterskom podstavom, \u0161to uvelike olak\u0161ava njegovu upotrebu.<\/li>\n<li>plastika postavljena na pravo mjesto ugriza psa<\/li>\n<li>\u0161irok i gumeni remen za jednostavno no\u0161enje rukava<\/li>\n<li>petlje za pri\u010dvr\u0161\u0107ivanje obru\u010da<\/li>\n<\/ul>\n<p>Parametri: te\u017eina &#8211; 1,6 kg, du\u017eina 59 cm, dubina 31 cm, debljina 9 cm<\/p>\n<p>Svrha rukava je uvje\u017ebati psa za pravilan ugriz i hvat te pobolj\u0161ati ugriz do savr\u0161enstva! Zajam\u010dena sigurnost psa i pomaga\u010da!<\/p>\n","protected":false},"featured_media":850,"comment_status":"open","ping_status":"closed","template":"","meta":{"_acf_changed":false},"product_brand":[2948],"product_cat":[781,817,821,1829,787],"product_tag":[775,1240],"class_list":{"0":"post-2974","1":"product","2":"type-product","3":"status-publish","4":"has-post-thumbnail","6":"product_brand-dingo-gear","7":"product_cat-oprema-za-markirante","8":"product_cat-oprema-za-vodica","9":"product_cat-trening-obrane","10":"product_cat-zastitne-navlake","11":"product_cat-zastitni-rukavi-i-navlake","12":"product_tag-navlake-za-rukav","13":"product_tag-obrana","14":"pa_material-prevleke-tvrda-juta-s-plastikom","15":"pa_namen-rokava-zvecila-aporta-trening-odraslih-pasa","17":"first","18":"instock","19":"taxable","20":"shipping-taxable","21":"purchasable","22":"product-type-simple"},"acf":[],"_links":{"self":[{"href":"https:\/\/dingogear.si\/hr\/wp-json\/wp\/v2\/product\/2974","targetHints":{"allow":["GET"]}}],"collection":[{"href":"https:\/\/dingogear.si\/hr\/wp-json\/wp\/v2\/product"}],"about":[{"href":"https:\/\/dingogear.si\/hr\/wp-json\/wp\/v2\/types\/product"}],"replies":[{"embeddable":true,"href":"https:\/\/dingogear.si\/hr\/wp-json\/wp\/v2\/comments?post=2974"}],"wp:featuredmedia":[{"embeddable":true,"href":"https:\/\/dingogear.si\/hr\/wp-json\/wp\/v2\/media\/850"}],"wp:attachment":[{"href":"https:\/\/dingogear.si\/hr\/wp-json\/wp\/v2\/media?parent=2974"}],"wp:term":[{"taxonomy":"product_brand","embeddable":true,"href":"https:\/\/dingogear.si\/hr\/wp-json\/wp\/v2\/product_brand?post=2974"},{"taxonomy":"product_cat","embeddable":true,"href":"https:\/\/dingogear.si\/hr\/wp-json\/wp\/v2\/product_cat?post=2974"},{"taxonomy":"product_tag","embeddable":true,"href":"https:\/\/dingogear.si\/hr\/wp-json\/wp\/v2\/product_tag?post=2974"}],"curies":[{"name":"wp","href":"https:\/\/api.w.org\/{rel}","templated":true}]}}