{"id":2975,"date":"2017-10-31T10:49:22","date_gmt":"2017-10-31T09:49:22","guid":{"rendered":"http:\/\/dingogear.si\/?post_type=product&#038;p=2975"},"modified":"2022-03-31T13:40:28","modified_gmt":"2022-03-31T11:40:28","slug":"navlaka-za-podrukav-tvrda-juta","status":"publish","type":"product","link":"https:\/\/dingogear.si\/hr\/navlaka-za-podrukav-tvrda-juta\/","title":{"rendered":"Za\u0161titna navlaka za rukav &#8211; TVRDA JUTA"},"content":{"rendered":"<p><img decoding=\"async\" class=\"aligncenter wp-image-846 size-full\" src=\"https:\/\/dingogear.si\/wp-content\/uploads\/2017\/10\/prevleka_trda-juta.jpg\" alt=\"\" width=\"928\" height=\"382\" title=\"\" srcset=\"https:\/\/dingogear.si\/wp-content\/uploads\/2017\/10\/prevleka_trda-juta.jpg 928w, https:\/\/dingogear.si\/wp-content\/uploads\/2017\/10\/prevleka_trda-juta-500x206.jpg 500w, https:\/\/dingogear.si\/wp-content\/uploads\/2017\/10\/prevleka_trda-juta-700x288.jpg 700w, https:\/\/dingogear.si\/wp-content\/uploads\/2017\/10\/prevleka_trda-juta-300x123.jpg 300w, https:\/\/dingogear.si\/wp-content\/uploads\/2017\/10\/prevleka_trda-juta-768x316.jpg 768w\" sizes=\"(max-width: 928px) 100vw, 928px\" \/><\/p>\n","protected":false},"excerpt":{"rendered":"<p>DINGOGEAR profesionalna za\u0161titna navlaka za rukav od tvrde jute &#8211; gruba i \u010dvrsto vezena. Prikladno za kori\u0161tenje samo sa IGP rukavima: S00501, S00502, S00503, S00504, S00505, S00506, S00507, S00508 in S00509.<\/p>\n<p>Testirano i odobreno od strane profesionalnih trenera. Pouzdana kvaliteta i izvrsnost izvedbe omogu\u0107uju 100% zadovoljstvo korisnika.<\/p>\n<p>Ru\u010dno izra\u0111eni od strane stru\u010dnjaka za profesionalce!<\/p>\n<p>Posebne zna\u010dajke:<\/p>\n<ul>\n<li>Tvrdi uvez i te\u017eina<\/li>\n<li>izra\u0111ena od visokokvalitetne jute<\/li>\n<li>bez metala i plastike, \u0161to osigurava potpunu sigurnost<\/li>\n<li>juta oja\u010dana polipropilenom osigurava trajnost kori\u0161tenja<\/li>\n<li>Zbog svojih svojstava, juta omogu\u0107uje psu da duboko prodre u materijal bez opasnosti od ozljeda<\/li>\n<li>u sredini navlake oblo\u017een je poliesterskom podstavom, \u0161to uvelike olak\u0161ava njegovu upotrebu.<\/li>\n<li>\u0161irok hvat i gumeni remen za lak\u0161e no\u0161enje rukava<\/li>\n<li>petlje za pri\u010dvr\u0161\u0107ivanje obru\u010da<\/li>\n<\/ul>\n<p>Parametri: te\u017eina &#8211; 1,3 kg, du\u017eina 59 cm, dubina 30,5 cm, debljina 7 cm<\/p>\n","protected":false},"featured_media":849,"comment_status":"open","ping_status":"closed","template":"","meta":{"_acf_changed":false},"product_brand":[2948],"product_cat":[781,817,821,1829,787],"product_tag":[775,1240],"class_list":{"0":"post-2975","1":"product","2":"type-product","3":"status-publish","4":"has-post-thumbnail","6":"product_brand-dingo-gear","7":"product_cat-oprema-za-markirante","8":"product_cat-oprema-za-vodica","9":"product_cat-trening-obrane","10":"product_cat-zastitne-navlake","11":"product_cat-zastitni-rukavi-i-navlake","12":"product_tag-navlake-za-rukav","13":"product_tag-obrana","14":"pa_material-prevleke-tvrda-juta","15":"pa_namen-rokava-zvecila-aporta-trening-odraslih-pasa","17":"first","18":"instock","19":"featured","20":"taxable","21":"shipping-taxable","22":"purchasable","23":"product-type-simple"},"acf":[],"_links":{"self":[{"href":"https:\/\/dingogear.si\/hr\/wp-json\/wp\/v2\/product\/2975","targetHints":{"allow":["GET"]}}],"collection":[{"href":"https:\/\/dingogear.si\/hr\/wp-json\/wp\/v2\/product"}],"about":[{"href":"https:\/\/dingogear.si\/hr\/wp-json\/wp\/v2\/types\/product"}],"replies":[{"embeddable":true,"href":"https:\/\/dingogear.si\/hr\/wp-json\/wp\/v2\/comments?post=2975"}],"wp:featuredmedia":[{"embeddable":true,"href":"https:\/\/dingogear.si\/hr\/wp-json\/wp\/v2\/media\/849"}],"wp:attachment":[{"href":"https:\/\/dingogear.si\/hr\/wp-json\/wp\/v2\/media?parent=2975"}],"wp:term":[{"taxonomy":"product_brand","embeddable":true,"href":"https:\/\/dingogear.si\/hr\/wp-json\/wp\/v2\/product_brand?post=2975"},{"taxonomy":"product_cat","embeddable":true,"href":"https:\/\/dingogear.si\/hr\/wp-json\/wp\/v2\/product_cat?post=2975"},{"taxonomy":"product_tag","embeddable":true,"href":"https:\/\/dingogear.si\/hr\/wp-json\/wp\/v2\/product_tag?post=2975"}],"curies":[{"name":"wp","href":"https:\/\/api.w.org\/{rel}","templated":true}]}}