{"id":2980,"date":"2017-10-30T15:53:24","date_gmt":"2017-10-30T14:53:24","guid":{"rendered":"http:\/\/dingogear.si\/?post_type=product&#038;p=2980"},"modified":"2022-03-31T12:45:13","modified_gmt":"2022-03-31T10:45:13","slug":"zastitni-rukav-fred-medium","status":"publish","type":"product","link":"https:\/\/dingogear.si\/hr\/zastitni-rukav-fred-medium\/","title":{"rendered":"Za\u0161titni rukav FRED MEDIUM"},"content":{"rendered":"<p><img decoding=\"async\" class=\"aligncenter wp-image-812 size-full\" src=\"https:\/\/dingogear.si\/wp-content\/uploads\/2017\/10\/rokav-FRED-MEDIUM.jpg\" alt=\"\" width=\"977\" height=\"580\" title=\"\" srcset=\"https:\/\/dingogear.si\/wp-content\/uploads\/2017\/10\/rokav-FRED-MEDIUM.jpg 977w, https:\/\/dingogear.si\/wp-content\/uploads\/2017\/10\/rokav-FRED-MEDIUM-500x297.jpg 500w, https:\/\/dingogear.si\/wp-content\/uploads\/2017\/10\/rokav-FRED-MEDIUM-700x416.jpg 700w, https:\/\/dingogear.si\/wp-content\/uploads\/2017\/10\/rokav-FRED-MEDIUM-300x178.jpg 300w, https:\/\/dingogear.si\/wp-content\/uploads\/2017\/10\/rokav-FRED-MEDIUM-768x456.jpg 768w\" sizes=\"(max-width: 977px) 100vw, 977px\" \/><\/p>\n","protected":false},"excerpt":{"rendered":"<p>DINGOGEAR profesionalni za\u0161titni rukav od jute &#8211; srednje du\u017eine. Super izdr\u017eljiv! Rukav je univerzalan &#8211; za uporabu na desnoj ili lijevoj ruci. Mogu\u0107nost dodatne za\u0161tite ramena s artiklom S02005 ili S02006 <a href=\"https:\/\/dingogear.si\/izdelek\/ramenska-zascita-ramenski-scitnik\/\">Za\u0161tita za ramena.<\/a><\/p>\n<p>Testirano i odobreno od strane profesionalnih trenera. Pouzdana kvaliteta i izvrsnost izvedbe omogu\u0107uju 100% zadovoljstvo korisnika.<\/p>\n<p>Ru\u010dno izra\u0111eni od strane stru\u010dnjaka za profesionalce!<\/p>\n<p>Posebne zna\u010dajke:<\/p>\n<ul>\n<li>ergonomski model<\/li>\n<li>izra\u0111ena od visokokvalitetne jute &#8211; srednje tvrdo\u0107e<\/li>\n<li>2 ru\u010dke za \u010dvrst hvat<\/li>\n<li>profilirani prikladno \u010dvrsti jastuci<\/li>\n<li>bez metala i plastike<\/li>\n<li>juta oja\u010dana polipropilenom, \u0161to osigurava trajnost uporabe<\/li>\n<li>odgovaraju\u0107e unutarnje poja\u010danje i podstava rukava<\/li>\n<\/ul>\n<p>Parametri: te\u017eina &#8211; 1,6 kg, du\u017eina 42 cm, dubina 28 cm, visina 15 cm<\/p>\n<p>Svrha rukava je uvje\u017ebati psa za pravilan ugriz i hvat te pobolj\u0161ati ugriz do savr\u0161enstva! Zajam\u010dena sigurnost psa i pomaga\u010da!<\/p>\n","protected":false},"featured_media":811,"comment_status":"open","ping_status":"closed","template":"","meta":{"_acf_changed":false},"product_brand":[2948],"product_cat":[781,821,787],"product_tag":[1240,777],"class_list":{"0":"post-2980","1":"product","2":"type-product","3":"status-publish","4":"has-post-thumbnail","6":"product_brand-dingo-gear","7":"product_cat-oprema-za-markirante","8":"product_cat-trening-obrane","9":"product_cat-zastitni-rukavi-i-navlake","10":"product_tag-obrana","11":"product_tag-rukavi","12":"pa_levi-ali-desni-rokav-univerzalan","13":"pa_material-rokava-juta-hr","15":"first","16":"instock","17":"taxable","18":"shipping-taxable","19":"purchasable","20":"product-type-simple"},"acf":[],"_links":{"self":[{"href":"https:\/\/dingogear.si\/hr\/wp-json\/wp\/v2\/product\/2980","targetHints":{"allow":["GET"]}}],"collection":[{"href":"https:\/\/dingogear.si\/hr\/wp-json\/wp\/v2\/product"}],"about":[{"href":"https:\/\/dingogear.si\/hr\/wp-json\/wp\/v2\/types\/product"}],"replies":[{"embeddable":true,"href":"https:\/\/dingogear.si\/hr\/wp-json\/wp\/v2\/comments?post=2980"}],"wp:featuredmedia":[{"embeddable":true,"href":"https:\/\/dingogear.si\/hr\/wp-json\/wp\/v2\/media\/811"}],"wp:attachment":[{"href":"https:\/\/dingogear.si\/hr\/wp-json\/wp\/v2\/media?parent=2980"}],"wp:term":[{"taxonomy":"product_brand","embeddable":true,"href":"https:\/\/dingogear.si\/hr\/wp-json\/wp\/v2\/product_brand?post=2980"},{"taxonomy":"product_cat","embeddable":true,"href":"https:\/\/dingogear.si\/hr\/wp-json\/wp\/v2\/product_cat?post=2980"},{"taxonomy":"product_tag","embeddable":true,"href":"https:\/\/dingogear.si\/hr\/wp-json\/wp\/v2\/product_tag?post=2980"}],"curies":[{"name":"wp","href":"https:\/\/api.w.org\/{rel}","templated":true}]}}