{"id":2981,"date":"2017-10-30T15:53:19","date_gmt":"2017-10-30T14:53:19","guid":{"rendered":"http:\/\/dingogear.si\/?post_type=product&#038;p=2981"},"modified":"2023-01-11T13:37:19","modified_gmt":"2023-01-11T12:37:19","slug":"zastitni-rukav-fred-kratak","status":"publish","type":"product","link":"https:\/\/dingogear.si\/hr\/zastitni-rukav-fred-kratak\/","title":{"rendered":"Za\u0161titni rukav FRED KRATAK"},"content":{"rendered":"<p><img decoding=\"async\" class=\"aligncenter wp-image-791 size-full\" src=\"https:\/\/dingogear.si\/wp-content\/uploads\/2017\/10\/rokav-FRED-KRATEK.jpg\" alt=\"\" width=\"1623\" height=\"556\" title=\"\" srcset=\"https:\/\/dingogear.si\/wp-content\/uploads\/2017\/10\/rokav-FRED-KRATEK.jpg 1623w, https:\/\/dingogear.si\/wp-content\/uploads\/2017\/10\/rokav-FRED-KRATEK-500x171.jpg 500w, https:\/\/dingogear.si\/wp-content\/uploads\/2017\/10\/rokav-FRED-KRATEK-700x240.jpg 700w, https:\/\/dingogear.si\/wp-content\/uploads\/2017\/10\/rokav-FRED-KRATEK-300x103.jpg 300w, https:\/\/dingogear.si\/wp-content\/uploads\/2017\/10\/rokav-FRED-KRATEK-768x263.jpg 768w, https:\/\/dingogear.si\/wp-content\/uploads\/2017\/10\/rokav-FRED-KRATEK-1024x351.jpg 1024w\" sizes=\"(max-width: 1623px) 100vw, 1623px\" \/><\/p>\n","protected":false},"excerpt":{"rendered":"<p>Za\u0161titni rukav FRED KRATAK<\/p>\n<p>DINGOGEAR profesionalni za\u0161titni rukav od srednje tvrdog materijala od jute ili francuskog materijala. Super izdr\u017eljiv!<\/p>\n<p>Testirano i odobreno od strane profesionalnih trenera. Pouzdana kvaliteta i izvrsnost izvedbe omogu\u0107uju 100% zadovoljstvo korisnika.<\/p>\n<p>Ru\u010dno izra\u0111eni od strane stru\u010dnjaka za profesionalce!<\/p>\n<p>Posebne zna\u010dajke:<\/p>\n<ul>\n<li>ergonomski model<\/li>\n<li>od kvalitetne jute &#8211; srednje tvrdo\u0107e ili francuskog materijala &#8211; provjerite prilikom narud\u017ebe!<\/li>\n<li>\u010dvrst zahvat<\/li>\n<li>profilirani prikladno \u010dvrsti jastuci<\/li>\n<li>bez metala i plastike<\/li>\n<li>juta oja\u010dana polipropilenom, \u0161to osigurava trajnost uporabe<\/li>\n<li>odgovaraju\u0107e unutarnje poja\u010danje i podstava rukava<\/li>\n<\/ul>\n<p>Parametri: te\u017eina &#8211; 1,6 kg, du\u017eina 42 cm, dubina 28 cm, visina 15 cm<\/p>\n<p>Svrha rukava je uvje\u017ebati psa za pravilan ugriz i hvat te pobolj\u0161ati ugriz do savr\u0161enstva! Zajam\u010dena sigurnost psa i pomaga\u010da!<\/p>\n","protected":false},"featured_media":797,"comment_status":"open","ping_status":"closed","template":"","meta":{"_acf_changed":false},"product_brand":[2948],"product_cat":[781,821,787],"product_tag":[1240,777],"class_list":{"0":"post-2981","1":"product","2":"type-product","3":"status-publish","4":"has-post-thumbnail","6":"product_brand-dingo-gear","7":"product_cat-oprema-za-markirante","8":"product_cat-trening-obrane","9":"product_cat-zastitni-rukavi-i-navlake","10":"product_tag-obrana","11":"product_tag-rukavi","12":"pa_levi-ali-desni-rokav-univerzalan","13":"pa_material-rokava-french-ring-nylcot-hr","14":"pa_material-rokava-juta-hr","16":"first","17":"instock","18":"taxable","19":"shipping-taxable","20":"purchasable","21":"product-type-variable"},"acf":[],"_links":{"self":[{"href":"https:\/\/dingogear.si\/hr\/wp-json\/wp\/v2\/product\/2981","targetHints":{"allow":["GET"]}}],"collection":[{"href":"https:\/\/dingogear.si\/hr\/wp-json\/wp\/v2\/product"}],"about":[{"href":"https:\/\/dingogear.si\/hr\/wp-json\/wp\/v2\/types\/product"}],"replies":[{"embeddable":true,"href":"https:\/\/dingogear.si\/hr\/wp-json\/wp\/v2\/comments?post=2981"}],"wp:featuredmedia":[{"embeddable":true,"href":"https:\/\/dingogear.si\/hr\/wp-json\/wp\/v2\/media\/797"}],"wp:attachment":[{"href":"https:\/\/dingogear.si\/hr\/wp-json\/wp\/v2\/media?parent=2981"}],"wp:term":[{"taxonomy":"product_brand","embeddable":true,"href":"https:\/\/dingogear.si\/hr\/wp-json\/wp\/v2\/product_brand?post=2981"},{"taxonomy":"product_cat","embeddable":true,"href":"https:\/\/dingogear.si\/hr\/wp-json\/wp\/v2\/product_cat?post=2981"},{"taxonomy":"product_tag","embeddable":true,"href":"https:\/\/dingogear.si\/hr\/wp-json\/wp\/v2\/product_tag?post=2981"}],"curies":[{"name":"wp","href":"https:\/\/api.w.org\/{rel}","templated":true}]}}