{"id":2990,"date":"2018-03-28T15:53:56","date_gmt":"2018-03-28T13:53:56","guid":{"rendered":"http:\/\/dingogear.si\/?post_type=product&#038;p=2990"},"modified":"2022-05-09T17:33:38","modified_gmt":"2022-05-09T15:33:38","slug":"zastitni-igp-rukav-profi-wide","status":"publish","type":"product","link":"https:\/\/dingogear.si\/hr\/zastitni-igp-rukav-profi-wide\/","title":{"rendered":"Za\u0161titni IGP rukav PROFI WIDE"},"content":{"rendered":"<p><img decoding=\"async\" class=\"aligncenter wp-image-773 size-full\" src=\"https:\/\/dingogear.si\/wp-content\/uploads\/2017\/10\/podrokav-PROFILIRAN_WIDE.jpg\" alt=\"\" width=\"968\" height=\"443\" title=\"\" srcset=\"https:\/\/dingogear.si\/wp-content\/uploads\/2017\/10\/podrokav-PROFILIRAN_WIDE.jpg 968w, https:\/\/dingogear.si\/wp-content\/uploads\/2017\/10\/podrokav-PROFILIRAN_WIDE-500x229.jpg 500w, https:\/\/dingogear.si\/wp-content\/uploads\/2017\/10\/podrokav-PROFILIRAN_WIDE-700x320.jpg 700w, https:\/\/dingogear.si\/wp-content\/uploads\/2017\/10\/podrokav-PROFILIRAN_WIDE-300x137.jpg 300w, https:\/\/dingogear.si\/wp-content\/uploads\/2017\/10\/podrokav-PROFILIRAN_WIDE-768x351.jpg 768w\" sizes=\"(max-width: 968px) 100vw, 968px\" \/><\/p>\n","protected":false},"excerpt":{"rendered":"<p>DINGOGEAR profesionalni za\u0161titni IGP rukav profiliran za obuku odraslih pasa. Povr\u0161ina ugriza je anatomski oblikovana, dopu\u0161taju\u0107i psima da grizu punije. Super izdr\u017eljiv! OBAVEZNO KORISTITI SA ZA\u0160TITNIM NAVLAKAMA! (S00611, S00614, S00603, S00610, S00612)<\/p>\n<p>Dostupan je u verzijama za obje ruke.<\/p>\n<p>Testirano i odobreno od strane profesionalnih trenera. Pouzdana kvaliteta i izvrsnost izvedbe omogu\u0107uju 100% zadovoljstvo korisnika.<\/p>\n<p>Ru\u010dno izra\u0111eni od strane stru\u010dnjaka za profesionalce!<\/p>\n<p>Posebne zna\u010dajke:<\/p>\n<ul>\n<li>ergonomski model<\/li>\n<li>za\u0161tita za ruke &#8211; \u0161titi rame i ruku pomo\u0107nika<\/li>\n<li>fleksibilna ruka u kombinaciji s polipropilensskom navlakom<\/li>\n<li>ko\u017eni remen za pri\u010dvr\u0161\u0107ivanje navlake rukava<\/li>\n<li>izra\u0111ena od visokokvalitetne meke ko\u017ee<\/li>\n<li>\u010dvrst zahvat<\/li>\n<li>posebno profiliran dubok jastuk za pou\u010davanje pobolj\u0161anja prianjanja psa<\/li>\n<li>jastuk (dio u koji pas zagrize) mo\u017ee biti mekan ili tvrd &#8211; provjerite prilikom naru\u010divanja!<\/li>\n<li>potpuno apsorbira silu udarca i potpuno apsorbira izlo\u017eeni pritisak i kut ugriza (smanjuje rizik od ozljeda psa)<\/li>\n<li>izdr\u017eljiva, meka ko\u017ea osigurava trajnost kori\u0161tenja<\/li>\n<li>fleksibilnost rukava omogu\u0107uje psu da ugrize prirodno i refleksno<\/li>\n<li>odgovaraju\u0107e unutarnje poja\u010danje i podstava u tuljcu<\/li>\n<li>rukav tako\u0111er ima ru\u010dku (remen) za lak\u0161e no\u0161enje<\/li>\n<\/ul>\n<p>parametri: te\u017eina &#8211; 1,4 kg, duljina 80 cm, dubina 22 cm, visina 15 cm<\/p>\n<p>Svrha rukava je obu\u010diti psa za pravilan ugriz i hvat te pobolj\u0161ati ugriz do savr\u0161enstva<\/p>\n","protected":false},"featured_media":777,"comment_status":"open","ping_status":"closed","template":"","meta":{"_acf_changed":false},"product_brand":[2948],"product_cat":[781,817,821,787],"product_tag":[1240,777],"class_list":{"0":"post-2990","1":"product","2":"type-product","3":"status-publish","4":"has-post-thumbnail","6":"product_brand-dingo-gear","7":"product_cat-oprema-za-markirante","8":"product_cat-oprema-za-vodica","9":"product_cat-trening-obrane","10":"product_cat-zastitni-rukavi-i-navlake","11":"product_tag-obrana","12":"product_tag-rukavi","13":"pa_levi-ali-desni-rokav-desna-ruka","14":"pa_levi-ali-desni-rokav-lijeva-ruka","15":"pa_namen-rokava-zvecila-aporta-trening-odraslih-pasa","16":"pa_trdota-podrokava-mekan-rukav","17":"pa_vrsta-rokava-ipo-igp-rukav","18":"pa_vrsta-rokava-podrukav-upotrebljavati-se-moze-samo-sa-navlakom","19":"pa_vrsta-rokava-vanjski-iznad-odjela","20":"pa_vrsta-rokava-zatvoreni","22":"first","23":"onbackorder","24":"taxable","25":"shipping-taxable","26":"purchasable","27":"product-type-variable"},"acf":[],"_links":{"self":[{"href":"https:\/\/dingogear.si\/hr\/wp-json\/wp\/v2\/product\/2990","targetHints":{"allow":["GET"]}}],"collection":[{"href":"https:\/\/dingogear.si\/hr\/wp-json\/wp\/v2\/product"}],"about":[{"href":"https:\/\/dingogear.si\/hr\/wp-json\/wp\/v2\/types\/product"}],"replies":[{"embeddable":true,"href":"https:\/\/dingogear.si\/hr\/wp-json\/wp\/v2\/comments?post=2990"}],"wp:featuredmedia":[{"embeddable":true,"href":"https:\/\/dingogear.si\/hr\/wp-json\/wp\/v2\/media\/777"}],"wp:attachment":[{"href":"https:\/\/dingogear.si\/hr\/wp-json\/wp\/v2\/media?parent=2990"}],"wp:term":[{"taxonomy":"product_brand","embeddable":true,"href":"https:\/\/dingogear.si\/hr\/wp-json\/wp\/v2\/product_brand?post=2990"},{"taxonomy":"product_cat","embeddable":true,"href":"https:\/\/dingogear.si\/hr\/wp-json\/wp\/v2\/product_cat?post=2990"},{"taxonomy":"product_tag","embeddable":true,"href":"https:\/\/dingogear.si\/hr\/wp-json\/wp\/v2\/product_tag?post=2990"}],"curies":[{"name":"wp","href":"https:\/\/api.w.org\/{rel}","templated":true}]}}