{"id":2998,"date":"2018-03-28T15:54:05","date_gmt":"2018-03-28T13:54:05","guid":{"rendered":"http:\/\/dingogear.si\/?post_type=product&#038;p=2998"},"modified":"2022-03-31T12:31:09","modified_gmt":"2022-03-31T10:31:09","slug":"zastitni-igp-rukav-rocky","status":"publish","type":"product","link":"https:\/\/dingogear.si\/hr\/zastitni-igp-rukav-rocky\/","title":{"rendered":"Za\u0161titni IGP rukav ROCKY"},"content":{"rendered":"<p><img decoding=\"async\" class=\"aligncenter wp-image-751 size-full\" src=\"https:\/\/dingogear.si\/wp-content\/uploads\/2017\/10\/podrokav-ROCKY.jpg\" alt=\"\" width=\"932\" height=\"463\" title=\"\" srcset=\"https:\/\/dingogear.si\/wp-content\/uploads\/2017\/10\/podrokav-ROCKY.jpg 932w, https:\/\/dingogear.si\/wp-content\/uploads\/2017\/10\/podrokav-ROCKY-500x248.jpg 500w, https:\/\/dingogear.si\/wp-content\/uploads\/2017\/10\/podrokav-ROCKY-700x348.jpg 700w, https:\/\/dingogear.si\/wp-content\/uploads\/2017\/10\/podrokav-ROCKY-300x149.jpg 300w, https:\/\/dingogear.si\/wp-content\/uploads\/2017\/10\/podrokav-ROCKY-768x382.jpg 768w\" sizes=\"(max-width: 932px) 100vw, 932px\" \/><\/p>\n","protected":false},"excerpt":{"rendered":"<p>Izuzetno izdr\u017eljiv za\u0161titni IGP rukav ROCKY najja\u010di je rukav iz kolekcije Dingo Gear za obuku vrlo jakih odraslih pasa. Posebno profilirana zadebljana, tvrda i fleksibilna povr\u0161ina zagriza veliki je izazov za radne pse. Lako\u0107a i trajnost konstrukcije jam\u010de vam potpuno zadovoljstvo poslom.<\/p>\n<p>OPREZ: Koristite samo sa sljede\u0107im zamjenskim navlakama:<\/p>\n<p>&#8211; <a href=\"https:\/\/dingogear.si\/izdelek\/prevleka-za-podrokav-trda-juta-s-plastiko\/\">S00611 tvrda navlaka od jute sa u\u0161ivenom plastikom<\/a><br \/>\n&#8211; <a href=\"https:\/\/dingogear.si\/izdelek\/prevleka-za-podrokav-french-ring\/\">S00614 navlaka iz <span style=\"font-size: 14.4px;\">RING <\/span><span style=\"font-size: 14.4px;\">materijala <\/span><\/a><br \/>\n&#8211; <a href=\"https:\/\/dingogear.si\/izdelek\/prevleka-za-podrokav-trda-juta\/\">S00603 tvrda navlaka od jute<\/a><br \/>\n&#8211; <a href=\"https:\/\/dingogear.si\/izdelek\/prevleka-za-podrokav-mehka-juta\/\">S00610 mekana navlaka od jute<\/a><br \/>\n&#8211; <a href=\"https:\/\/dingogear.si\/izdelek\/prevleka-za-podrokav-mehka-juta-z-usnjem\/\">S00612 mekana navlaka od jute sa ko\u017eom<\/a><\/p>\n<p>Testirano i odobreno od strane profesionalnih trenera. Pouzdana kvaliteta i izvrsnost izvedbe omogu\u0107uju 100% zadovoljstvo korisnika. Ru\u010dno izra\u0111eni od strane stru\u010dnjaka za profesionalce!<\/p>\n<p>Posebne zna\u010dajke:<\/p>\n<ul>\n<li>ergonomski model<\/li>\n<li>puna za\u0161tita za ruke &#8211; rame, nadlaktica, podlaktica i ruka pomo\u0107nika<\/li>\n<li>navlaka za ruke izra\u0111ena od fleksibilnog polipropilena spojena na \u010dahuru<\/li>\n<li>ko\u017ene trake izra\u0111ene od visokokvalitetne meke ko\u017ee<\/li>\n<li>unutarnji rukav promjera 12 cm izra\u0111en je od izdr\u017eljive plastike i prekriven mikrovlaknom<\/li>\n<li>\u010dvrst zahvat<\/li>\n<li>posebno <strong>profilirana duboka povr\u0161ina ugriza<\/strong> za pou\u010davanje boljeg dr\u017eanja \/ ugriza psa<\/li>\n<li>savr\u0161eno apsorbira silu udarca i <strong>potpuno apsorbira izlo\u017eeni pritisak i kut ugriza<\/strong> (smanjuje rizik od ozljeda psa i pomicanje \u010deljusti psa)<\/li>\n<li>izdr\u017eljiva, meka ko\u017ea osigurava trajnost kori\u0161tenja<\/li>\n<li>fleksibilnost rukava omogu\u0107uje psu da prirodno i refleksno grize (lak\u0161e posti\u0107i prirodni refleks ugriza (fiksacija))<\/li>\n<li>odgovaraju\u0107e unutarnje poja\u010danje i podstava rukava<\/li>\n<li>rukav ima \u010dvrstu ru\u010dku iznutra pod prirodnim kutom (kut prikladan za pode\u0161avanje udara)<\/li>\n<li>traka za jednostavno no\u0161enje<\/li>\n<\/ul>\n<p>parametri: te\u017eina &#8211; 1,6 kg, duljina 80 cm, dubina 22 cm, visina 15 cm<\/p>\n<p>&nbsp;<\/p>\n","protected":false},"featured_media":752,"comment_status":"open","ping_status":"closed","template":"","meta":{"_acf_changed":false},"product_brand":[2948],"product_cat":[781,817,821,787],"product_tag":[1240,777],"class_list":{"0":"post-2998","1":"product","2":"type-product","3":"status-publish","4":"has-post-thumbnail","6":"product_brand-dingo-gear","7":"product_cat-oprema-za-markirante","8":"product_cat-oprema-za-vodica","9":"product_cat-trening-obrane","10":"product_cat-zastitni-rukavi-i-navlake","11":"product_tag-obrana","12":"product_tag-rukavi","13":"pa_levi-ali-desni-rokav-desna-ruka","14":"pa_levi-ali-desni-rokav-lijeva-ruka","15":"pa_namen-rokava-zvecila-aporta-trening-odraslih-pasa","16":"pa_trdota-podrokava-tvrd-rukav","17":"pa_vrsta-rokava-ipo-igp-rukav","18":"pa_vrsta-rokava-podrukav-upotrebljavati-se-moze-samo-sa-navlakom","19":"pa_vrsta-rokava-vanjski-iznad-odjela","20":"pa_vrsta-rokava-zatvoreni","22":"first","23":"instock","24":"taxable","25":"shipping-taxable","26":"purchasable","27":"product-type-variable"},"acf":[],"_links":{"self":[{"href":"https:\/\/dingogear.si\/hr\/wp-json\/wp\/v2\/product\/2998","targetHints":{"allow":["GET"]}}],"collection":[{"href":"https:\/\/dingogear.si\/hr\/wp-json\/wp\/v2\/product"}],"about":[{"href":"https:\/\/dingogear.si\/hr\/wp-json\/wp\/v2\/types\/product"}],"replies":[{"embeddable":true,"href":"https:\/\/dingogear.si\/hr\/wp-json\/wp\/v2\/comments?post=2998"}],"wp:featuredmedia":[{"embeddable":true,"href":"https:\/\/dingogear.si\/hr\/wp-json\/wp\/v2\/media\/752"}],"wp:attachment":[{"href":"https:\/\/dingogear.si\/hr\/wp-json\/wp\/v2\/media?parent=2998"}],"wp:term":[{"taxonomy":"product_brand","embeddable":true,"href":"https:\/\/dingogear.si\/hr\/wp-json\/wp\/v2\/product_brand?post=2998"},{"taxonomy":"product_cat","embeddable":true,"href":"https:\/\/dingogear.si\/hr\/wp-json\/wp\/v2\/product_cat?post=2998"},{"taxonomy":"product_tag","embeddable":true,"href":"https:\/\/dingogear.si\/hr\/wp-json\/wp\/v2\/product_tag?post=2998"}],"curies":[{"name":"wp","href":"https:\/\/api.w.org\/{rel}","templated":true}]}}