{"id":3001,"date":"2017-10-30T13:23:12","date_gmt":"2018-03-28T13:54:07","guid":{"rendered":"http:\/\/dingogear.si\/?post_type=product&#038;p=3001"},"modified":"2022-10-04T14:23:14","modified_gmt":"2022-10-04T12:23:14","slug":"zastitni-rukav-leo2-civil","status":"publish","type":"product","link":"https:\/\/dingogear.si\/hr\/zastitni-rukav-leo2-civil\/","title":{"rendered":"Za\u0161titni rukav LEO2 CIVIL"},"content":{"rendered":"<p><img decoding=\"async\" class=\"aligncenter wp-image-748 size-full\" src=\"https:\/\/dingogear.si\/wp-content\/uploads\/2017\/10\/rokav-LEO2.jpg\" alt=\"\" width=\"929\" height=\"467\" title=\"\" srcset=\"https:\/\/dingogear.si\/wp-content\/uploads\/2017\/10\/rokav-LEO2.jpg 929w, https:\/\/dingogear.si\/wp-content\/uploads\/2017\/10\/rokav-LEO2-500x251.jpg 500w, https:\/\/dingogear.si\/wp-content\/uploads\/2017\/10\/rokav-LEO2-700x352.jpg 700w, https:\/\/dingogear.si\/wp-content\/uploads\/2017\/10\/rokav-LEO2-300x151.jpg 300w, https:\/\/dingogear.si\/wp-content\/uploads\/2017\/10\/rokav-LEO2-768x386.jpg 768w\" sizes=\"(max-width: 929px) 100vw, 929px\" \/><\/p>\n","protected":false},"excerpt":{"rendered":"<p>DINGOGEAR profesionalni za\u0161titni rukav od francuskog materijala &#8211; podstavljen ko\u017eom! Super izdr\u017eljiv!<\/p>\n<p>Univerzalni rukav &#8211; za kori\u0161tenje na desnoj ili lijevoj ruci. Skriveni rukav je neophodan dio opreme svakog trenera policije, vojske, specijalnih postrojbi, \u010duvara, zatvorske slu\u017ebe, K9 i pse\u0107ih klubova.<\/p>\n<p>Koristi se za provjeru ujeda li pas zapravo nekoga tko nosi civilnu odje\u0107u. Stoga se \u010desto koristi naziv grupe za takve proizvode &#8220;Civilni&#8221;. Rukav se nosi ispod odijela, \u0161to poma\u017ee stvoriti stvarnu\/realisti\u010dnu situaciju tijekom treninga. Ovo je vrlo va\u017eno jer mnogi psi obu\u010deni za obranu ne\u0107e ugristi ljude bez o\u010ditog vanjskog rukava.<\/p>\n<p><strong>UPOZORENJE<\/strong><\/p>\n<p>Imajte na umu da kori\u0161tenje skrivenog rukava za testiranje radnog psa mo\u017ee biti opasno, oprema ne mo\u017ee u potpunosti za\u0161tititi od mogu\u0107ih o\u0161te\u0107enja markera! Nikada nemojte koristiti rukave i\/ili osobe koje nemaju dovoljno iskustva u radu sa psom, jer mo\u017ee do\u0107i do vrlo ozbiljnih ozljeda. Postoji opasnost od ozbiljnih ozljeda ako se proizvod ne koristi pravilno.<\/p>\n<p>Pouzdana kvaliteta i performanse omogu\u0107uju 100% zadovoljstvo korisnika.<\/p>\n<p>Od profesionalca za profesionalce!<\/p>\n<ul>\n<li>ergonomski model<\/li>\n<li>fleksibilan,<\/li>\n<li>s podesivom debljinom zbog mogu\u0107nosti vezanja<\/li>\n<li>za\u0161tita za ruke &#8211; \u0161titi ruku pomo\u0107nika i podlakticu<\/li>\n<li>od materijala od kojeg je sa\u0161ivena za\u0161titna odje\u0107a &#8211; najekstremnija odje\u0107a u kolekciji<\/li>\n<li>oja\u010danje ko\u017eom &#8211; spajanje i ja\u010danje unutarnjih obloga rukava<\/li>\n<li>unutarnji dijelovi su tako\u0111er izra\u0111eni od neoprena koji sprje\u010dava sklizanje rukava s ruke<\/li>\n<li>parametri: te\u017eina 1,6 kg, du\u017eina 72 cm, \u0161irina 23 cm, visina 9 cm<\/li>\n<\/ul>\n<p>Svrha rukava:<\/p>\n<p>Policija, vojska, specijalne snage, vatrogasci itd.<br \/>\nTestirano i odobreno od strane profesionalnih trenera. Pouzdana kvaliteta i izvrsnost izvedbe omogu\u0107uju 100% zadovoljstvo korisnika.<\/p>\n<p>Ru\u010dno izra\u0111eni od strane stru\u010dnjaka za profesionalce!<\/p>\n","protected":false},"featured_media":738,"comment_status":"open","ping_status":"closed","template":"","meta":{"_acf_changed":false},"product_brand":[2948],"product_cat":[781,821,787],"product_tag":[1240,777,1244],"class_list":{"0":"post-3001","1":"product","2":"type-product","3":"status-publish","4":"has-post-thumbnail","6":"product_brand-dingo-gear","7":"product_cat-oprema-za-markirante","8":"product_cat-trening-obrane","9":"product_cat-zastitni-rukavi-i-navlake","10":"product_tag-obrana","11":"product_tag-rukavi","12":"product_tag-rukavi-hr","13":"pa_barva-zascitnega-rokava-crna-hr","14":"pa_barva-zascitnega-rokava-plava","15":"pa_levi-ali-desni-rokav-univerzalan","16":"pa_vrsta-rokava-otvoreni","17":"pa_vrsta-rokava-skriveni-ispod-odjela","19":"first","20":"instock","21":"taxable","22":"shipping-taxable","23":"purchasable","24":"product-type-variable"},"acf":[],"_links":{"self":[{"href":"https:\/\/dingogear.si\/hr\/wp-json\/wp\/v2\/product\/3001","targetHints":{"allow":["GET"]}}],"collection":[{"href":"https:\/\/dingogear.si\/hr\/wp-json\/wp\/v2\/product"}],"about":[{"href":"https:\/\/dingogear.si\/hr\/wp-json\/wp\/v2\/types\/product"}],"replies":[{"embeddable":true,"href":"https:\/\/dingogear.si\/hr\/wp-json\/wp\/v2\/comments?post=3001"}],"wp:featuredmedia":[{"embeddable":true,"href":"https:\/\/dingogear.si\/hr\/wp-json\/wp\/v2\/media\/738"}],"wp:attachment":[{"href":"https:\/\/dingogear.si\/hr\/wp-json\/wp\/v2\/media?parent=3001"}],"wp:term":[{"taxonomy":"product_brand","embeddable":true,"href":"https:\/\/dingogear.si\/hr\/wp-json\/wp\/v2\/product_brand?post=3001"},{"taxonomy":"product_cat","embeddable":true,"href":"https:\/\/dingogear.si\/hr\/wp-json\/wp\/v2\/product_cat?post=3001"},{"taxonomy":"product_tag","embeddable":true,"href":"https:\/\/dingogear.si\/hr\/wp-json\/wp\/v2\/product_tag?post=3001"}],"curies":[{"name":"wp","href":"https:\/\/api.w.org\/{rel}","templated":true}]}}