{"id":3009,"date":"2017-10-30T09:49:08","date_gmt":"2018-03-28T13:54:16","guid":{"rendered":"http:\/\/dingogear.si\/?post_type=product&#038;p=3009"},"modified":"2021-07-27T09:52:00","modified_gmt":"2021-07-27T07:52:00","slug":"prsluk-unisex","status":"publish","type":"product","link":"https:\/\/dingogear.si\/hr\/prsluk-unisex\/","title":{"rendered":"Trening prsluk UNISEX"},"content":{"rendered":"<p><img decoding=\"async\" class=\"aligncenter wp-image-678 size-full\" src=\"https:\/\/dingogear.si\/wp-content\/uploads\/2017\/10\/telovnik-unisex.jpg\" alt=\"\" width=\"977\" height=\"516\" title=\"\" srcset=\"https:\/\/dingogear.si\/wp-content\/uploads\/2017\/10\/telovnik-unisex.jpg 977w, https:\/\/dingogear.si\/wp-content\/uploads\/2017\/10\/telovnik-unisex-500x264.jpg 500w, https:\/\/dingogear.si\/wp-content\/uploads\/2017\/10\/telovnik-unisex-700x370.jpg 700w, https:\/\/dingogear.si\/wp-content\/uploads\/2017\/10\/telovnik-unisex-300x158.jpg 300w, https:\/\/dingogear.si\/wp-content\/uploads\/2017\/10\/telovnik-unisex-768x406.jpg 768w\" sizes=\"(max-width: 977px) 100vw, 977px\" \/><\/p>\n","protected":false},"excerpt":{"rendered":"<p>Univerzalni telovnik za vodnika psa iz rip-stop lahke\u00a0trpe\u017ene\u00a0tkanine.\u00a0Lahek poletni telovnik iz mo\u010dnega materiala z veliko funkcionalnimi \u017eepi spredaj in zadaj.\u00a0Zgornji in hrbtni del sta iz mre\u017eastega blaga.<\/p>\n<p>Testiran in odobren s strani profesionalnih trenerjev. Zanesljiva kakovost in odli\u010dnost izvedbe omogo\u010data stoodstotno zadovoljstvo uporabnika.<\/p>\n<p>Ro\u010dno izdelan s strani strokovnjakov za strokovnjake!<\/p>\n<p>Posebnosti:<\/p>\n<ul>\n<li>ergonomski model<\/li>\n<li>iz rip-stop lahke trpe\u017ene mre\u017easte tkanine<\/li>\n<li>\u017eep za shranjevanje opreme za usposabljanje psov, kot so aporti, igra\u010de, \u017eve\u010dke<\/li>\n<li>ima nastavljivo vrvico v pasu za stabilizacijo telovnika med intenzivnim gibanjem<\/li>\n<li>notranji \u017eepi so vodoodporni in vam omogo\u010dajo shranjevanje dokumentov ali telefonov<\/li>\n<li>poseben zaklop\/ro\u010daj vam omogo\u010da hiter izpust nagrade (pohvala-igra\u010de) za psa<\/li>\n<li>Na voljo je v velikostih: S, M, L, XL, XXL, XXXL<\/li>\n<\/ul>\n","protected":false},"featured_media":11145,"comment_status":"open","ping_status":"closed","template":"","meta":{"_acf_changed":false},"product_brand":[2948],"product_cat":[1740,817,1836,825,823],"product_tag":[763],"class_list":{"0":"post-3009","1":"product","2":"type-product","3":"status-publish","4":"has-post-thumbnail","6":"product_brand-dingo-gear","7":"product_cat-odjela-za-vodica","8":"product_cat-oprema-za-vodica","9":"product_cat-prsluki-za-trening","10":"product_cat-trening-traganja","11":"product_cat-trening-vodljivosti","12":"product_tag-dodatki-za-trening","13":"pa_barva-izdelka-crna-hr","14":"pa_velikost-telovnika-unisex-l-atorso-78cm-bprsa-62cm-cpas-62cm","15":"pa_velikost-telovnika-unisex-m-atorso-76cm-bprsa-58cm-cpas-57cm","16":"pa_velikost-telovnika-unisex-s-atorso-74cm-bprsa-54cm-cpas-53cm","17":"pa_velikost-telovnika-unisex-xl-atorso-80cm-bprsa-66cm-cpas-65cm","18":"pa_velikost-telovnika-unisex-xxl-atorso-82cm-bprsa-71cm-cpas-70cm","19":"pa_velikost-telovnika-unisex-xxxl-atorso-84cm-bprsa-77cm-cpas-76cm","21":"first","22":"instock","23":"featured","24":"taxable","25":"shipping-taxable","26":"purchasable","27":"product-type-variable"},"acf":[],"_links":{"self":[{"href":"https:\/\/dingogear.si\/hr\/wp-json\/wp\/v2\/product\/3009","targetHints":{"allow":["GET"]}}],"collection":[{"href":"https:\/\/dingogear.si\/hr\/wp-json\/wp\/v2\/product"}],"about":[{"href":"https:\/\/dingogear.si\/hr\/wp-json\/wp\/v2\/types\/product"}],"replies":[{"embeddable":true,"href":"https:\/\/dingogear.si\/hr\/wp-json\/wp\/v2\/comments?post=3009"}],"wp:featuredmedia":[{"embeddable":true,"href":"https:\/\/dingogear.si\/hr\/wp-json\/wp\/v2\/media\/11145"}],"wp:attachment":[{"href":"https:\/\/dingogear.si\/hr\/wp-json\/wp\/v2\/media?parent=3009"}],"wp:term":[{"taxonomy":"product_brand","embeddable":true,"href":"https:\/\/dingogear.si\/hr\/wp-json\/wp\/v2\/product_brand?post=3009"},{"taxonomy":"product_cat","embeddable":true,"href":"https:\/\/dingogear.si\/hr\/wp-json\/wp\/v2\/product_cat?post=3009"},{"taxonomy":"product_tag","embeddable":true,"href":"https:\/\/dingogear.si\/hr\/wp-json\/wp\/v2\/product_tag?post=3009"}],"curies":[{"name":"wp","href":"https:\/\/api.w.org\/{rel}","templated":true}]}}