{"id":3016,"date":"2017-10-30T10:40:38","date_gmt":"2017-10-30T09:40:38","guid":{"rendered":"http:\/\/dingogear.si\/?post_type=product&#038;p=3016"},"modified":"2023-01-05T20:05:43","modified_gmt":"2023-01-05T19:05:43","slug":"pojas-za-trening-kilt","status":"publish","type":"product","link":"https:\/\/dingogear.si\/hr\/pojas-za-trening-kilt\/","title":{"rendered":"Pojas za trening KILT"},"content":{"rendered":"<table style=\"height: 218px;\" width=\"555\">\n<tbody>\n<tr>\n<td width=\"118\"><span style=\"font-style: inherit; font-weight: inherit;\">Tablica veli\u010dina<\/span><\/td>\n<td width=\"67\"><span style=\"font-style: inherit; font-weight: inherit;\">XS<\/span><\/td>\n<td width=\"64\"><span style=\"font-style: inherit; font-weight: inherit;\">S<\/span><\/td>\n<td width=\"64\"><span style=\"font-style: inherit; font-weight: inherit;\">M<\/span><\/td>\n<td width=\"64\"><span style=\"font-style: inherit; font-weight: inherit;\">L<\/span><\/td>\n<td width=\"64\"><span style=\"font-style: inherit; font-weight: inherit;\">XL<\/span><\/td>\n<\/tr>\n<tr>\n<td><\/td>\n<td><\/td>\n<td><\/td>\n<td><\/td>\n<td><\/td>\n<td><\/td>\n<\/tr>\n<tr>\n<td><span style=\"font-style: inherit; font-weight: inherit;\">Opseg struka (cm)<\/span><\/td>\n<td><span style=\"font-style: inherit; font-weight: inherit;\">50-65<\/span><\/td>\n<td><span style=\"font-style: inherit; font-weight: inherit;\">60-75<\/span><\/td>\n<td><span style=\"font-style: inherit; font-weight: inherit;\">70-85<\/span><\/td>\n<td><span style=\"font-style: inherit; font-weight: inherit;\">80-105<\/span><\/td>\n<td><span style=\"font-style: inherit; font-weight: inherit;\">100-115<\/span><\/td>\n<\/tr>\n<tr>\n<td><span style=\"font-style: inherit; font-weight: inherit;\">Duljina<\/span><\/td>\n<td><span style=\"font-style: inherit; font-weight: inherit;\">33cm<\/span><\/td>\n<td><span style=\"font-style: inherit; font-weight: inherit;\">33cm<\/span><\/td>\n<td><span style=\"font-style: inherit; font-weight: inherit;\">33cm<\/span><\/td>\n<td><span style=\"font-style: inherit; font-weight: inherit;\">33cm<\/span><\/td>\n<td><span style=\"font-style: inherit; font-weight: inherit;\">33cm<\/span><\/td>\n<\/tr>\n<tr>\n<td><span style=\"font-style: inherit; font-weight: inherit;\">Debljina materijala<\/span><\/td>\n<td><span style=\"font-style: inherit; font-weight: inherit;\">0,3cm<\/span><\/td>\n<td><span style=\"font-style: inherit; font-weight: inherit;\">0,3cm<\/span><\/td>\n<td><span style=\"font-style: inherit; font-weight: inherit;\">0,3cm<\/span><\/td>\n<td><span style=\"font-style: inherit; font-weight: inherit;\">0,3cm<\/span><\/td>\n<td><span style=\"font-style: inherit; font-weight: inherit;\">0,3cm<\/span><\/td>\n<\/tr>\n<tr>\n<td><span style=\"font-style: inherit; font-weight: inherit;\">Te\u017eina<\/span><\/td>\n<td><span style=\"font-style: inherit; font-weight: inherit;\">300g<\/span><\/td>\n<td><span style=\"font-style: inherit; font-weight: inherit;\">300g<\/span><\/td>\n<td><span style=\"font-style: inherit; font-weight: inherit;\">300g<\/span><\/td>\n<td><span style=\"font-style: inherit; font-weight: inherit;\">300g<\/span><\/td>\n<td><span style=\"font-style: inherit; font-weight: inherit;\">300g<\/span><\/td>\n<\/tr>\n<\/tbody>\n<\/table>\n","protected":false},"excerpt":{"rendered":"<p>KILT s podesivim remenom i kop\u010dom. Pogodan za trening na ekstremnim temperaturama jer se kombinira s odje\u0107om.<\/p>\n<ul>\n<li>ergonomski model<\/li>\n<li>izra\u0111en od rip-stop materijala<\/li>\n<li>sprijeda ima \u010detiri d\u017eepa od kojih se jedan zatvara na patentni zatvara\u010d, a jedan na pre\u0161u<\/li>\n<li>veliki klokan d\u017eep na le\u0111ima<\/li>\n<li>ekstra veliki d\u017eep za dokumente ili telefon<\/li>\n<li>ima podesiv pojas u struku koji ga stabilizira tijekom intenzivnih pokreta<\/li>\n<\/ul>\n<ul>\n<li>perivo u perilici na 30 stupnjeva Celzija<\/li>\n<\/ul>\n","protected":false},"featured_media":10062,"comment_status":"open","ping_status":"closed","template":"","meta":{"_acf_changed":false},"product_brand":[2948],"product_cat":[1838,1740,817,819],"product_tag":[763],"class_list":{"0":"post-3016","1":"product","2":"type-product","3":"status-publish","4":"has-post-thumbnail","6":"product_brand-dingo-gear","7":"product_cat-kiltovi-za-trening","8":"product_cat-odjela-za-vodica","9":"product_cat-oprema-za-vodica","10":"product_cat-pomagala-za-trening","11":"product_tag-dodatki-za-trening","12":"pa_barva-izdelka-crna-hr","13":"pa_barva-izdelka-kaki","14":"pa_barva-trening-pasu-crna-hr","15":"pa_barva-trening-pasu-khaki-hr","16":"pa_velikost-trening-pasu-l-80-105-cm","17":"pa_velikost-trening-pasu-m-70-85-cm","18":"pa_velikost-trening-pasu-s-60-75-cm","19":"pa_velikost-trening-pasu-xl-100-115-cm","20":"pa_velikost-trening-pasu-xs-50-65cm","22":"first","23":"instock","24":"taxable","25":"shipping-taxable","26":"purchasable","27":"product-type-variable"},"acf":[],"_links":{"self":[{"href":"https:\/\/dingogear.si\/hr\/wp-json\/wp\/v2\/product\/3016","targetHints":{"allow":["GET"]}}],"collection":[{"href":"https:\/\/dingogear.si\/hr\/wp-json\/wp\/v2\/product"}],"about":[{"href":"https:\/\/dingogear.si\/hr\/wp-json\/wp\/v2\/types\/product"}],"replies":[{"embeddable":true,"href":"https:\/\/dingogear.si\/hr\/wp-json\/wp\/v2\/comments?post=3016"}],"wp:featuredmedia":[{"embeddable":true,"href":"https:\/\/dingogear.si\/hr\/wp-json\/wp\/v2\/media\/10062"}],"wp:attachment":[{"href":"https:\/\/dingogear.si\/hr\/wp-json\/wp\/v2\/media?parent=3016"}],"wp:term":[{"taxonomy":"product_brand","embeddable":true,"href":"https:\/\/dingogear.si\/hr\/wp-json\/wp\/v2\/product_brand?post=3016"},{"taxonomy":"product_cat","embeddable":true,"href":"https:\/\/dingogear.si\/hr\/wp-json\/wp\/v2\/product_cat?post=3016"},{"taxonomy":"product_tag","embeddable":true,"href":"https:\/\/dingogear.si\/hr\/wp-json\/wp\/v2\/product_tag?post=3016"}],"curies":[{"name":"wp","href":"https:\/\/api.w.org\/{rel}","templated":true}]}}