{"id":3034,"date":"2017-10-30T08:41:27","date_gmt":"2017-10-30T07:41:27","guid":{"rendered":"http:\/\/dingogear.si\/?post_type=product&#038;p=3034"},"modified":"2021-12-30T11:03:48","modified_gmt":"2021-12-30T10:03:48","slug":"stitnik-za-medunozje-evolution","status":"publish","type":"product","link":"https:\/\/dingogear.si\/hr\/stitnik-za-medunozje-evolution\/","title":{"rendered":"\u0160titnik za me\u0111uno\u017eje EVOLUTION"},"content":{"rendered":"<p><img decoding=\"async\" class=\"aligncenter wp-image-636 size-full\" src=\"https:\/\/dingogear.si\/wp-content\/uploads\/2017\/10\/%C5%A1%C4%8Ditnik-za-medno%C5%BEje.jpg\" alt=\"\" width=\"758\" height=\"483\" title=\"\"><\/p>\n","protected":false},"excerpt":{"rendered":"<div id=\"short_description_block\">\n<div id=\"short_description_content\" class=\"rte align_justify\">\n<p>DINGOGEAR profesionalna za\u0161tita za prepone, dostupna u dvije veli\u010dine (M i L). <span class=\"goog-text-highlight\">Za\u0161tita \u0161titi genitalije od o\u0161te\u0107enja,<\/span> izra\u0111ena je od pamuka i plasti\u010dne &#8220;navlake&#8221; u\u0161ivene u pamuk.<\/p>\n<p>Ru\u010dno pranje na temperaturi od 30 stupnjeva, za osjetljivo rublje. Ne peglajte.<\/p>\n<\/div>\n<\/div>\n<div class=\"available-box\"><\/div>\n<form id=\"buy_block\" action=\"http:\/\/astor.si\/index.php?controller=cart\" method=\"post\">\n<div class=\"box-info-product\"><\/div>\n<\/form>\n","protected":false},"featured_media":638,"comment_status":"open","ping_status":"closed","template":"","meta":{"_acf_changed":false},"product_brand":[2948],"product_cat":[781,797],"product_tag":[1234],"class_list":{"0":"post-3034","1":"product","2":"type-product","3":"status-publish","4":"has-post-thumbnail","6":"product_brand-dingo-gear","7":"product_cat-oprema-za-markirante","8":"product_cat-scitnici","9":"product_tag-scitnici","11":"first","12":"instock","13":"taxable","14":"shipping-taxable","15":"purchasable","16":"product-type-variable"},"acf":[],"_links":{"self":[{"href":"https:\/\/dingogear.si\/hr\/wp-json\/wp\/v2\/product\/3034","targetHints":{"allow":["GET"]}}],"collection":[{"href":"https:\/\/dingogear.si\/hr\/wp-json\/wp\/v2\/product"}],"about":[{"href":"https:\/\/dingogear.si\/hr\/wp-json\/wp\/v2\/types\/product"}],"replies":[{"embeddable":true,"href":"https:\/\/dingogear.si\/hr\/wp-json\/wp\/v2\/comments?post=3034"}],"wp:featuredmedia":[{"embeddable":true,"href":"https:\/\/dingogear.si\/hr\/wp-json\/wp\/v2\/media\/638"}],"wp:attachment":[{"href":"https:\/\/dingogear.si\/hr\/wp-json\/wp\/v2\/media?parent=3034"}],"wp:term":[{"taxonomy":"product_brand","embeddable":true,"href":"https:\/\/dingogear.si\/hr\/wp-json\/wp\/v2\/product_brand?post=3034"},{"taxonomy":"product_cat","embeddable":true,"href":"https:\/\/dingogear.si\/hr\/wp-json\/wp\/v2\/product_cat?post=3034"},{"taxonomy":"product_tag","embeddable":true,"href":"https:\/\/dingogear.si\/hr\/wp-json\/wp\/v2\/product_tag?post=3034"}],"curies":[{"name":"wp","href":"https:\/\/api.w.org\/{rel}","templated":true}]}}