{"id":3037,"date":"2017-10-30T09:04:04","date_gmt":"2018-03-28T13:54:32","guid":{"rendered":"http:\/\/dingogear.si\/?post_type=product&#038;p=3037"},"modified":"2023-01-11T13:37:33","modified_gmt":"2023-01-11T12:37:33","slug":"stitnik-za-dio-pod-koljenom","status":"publish","type":"product","link":"https:\/\/dingogear.si\/hr\/stitnik-za-dio-pod-koljenom\/","title":{"rendered":"\u0160titnik za dio pod koljenom"},"content":{"rendered":"<p><img decoding=\"async\" class=\"aligncenter wp-image-660 size-full\" src=\"https:\/\/dingogear.si\/wp-content\/uploads\/2017\/10\/%C5%A1%C4%8Ditnik-za-me%C4%8Da.jpg\" alt=\"\" width=\"853\" height=\"399\" title=\"\"><\/p>\n","protected":false},"excerpt":{"rendered":"<p>\u0160titnik za dio pod koljenom<br \/>\nDINGOGEAR profesionalna za\u0161tita za donji dio noge, pri\u010dvr\u0161\u0107eno jakim \u010di\u010dak trakom. Univerzalna verzija &#8211; za lijevu i desnu nogu.<\/p>\n","protected":false},"featured_media":12355,"comment_status":"open","ping_status":"closed","template":"","meta":{"_acf_changed":false},"product_brand":[2948],"product_cat":[781,799,797],"product_tag":[1240,1234,767],"class_list":{"0":"post-3037","1":"product","2":"type-product","3":"status-publish","4":"has-post-thumbnail","6":"product_brand-dingo-gear","7":"product_cat-oprema-za-markirante","8":"product_cat-scitnici-za-noge","9":"product_cat-scitnici","10":"product_tag-obrana","11":"product_tag-scitnici","12":"product_tag-zastita-noge","14":"first","15":"instock","16":"taxable","17":"shipping-taxable","18":"purchasable","19":"product-type-simple"},"acf":[],"_links":{"self":[{"href":"https:\/\/dingogear.si\/hr\/wp-json\/wp\/v2\/product\/3037","targetHints":{"allow":["GET"]}}],"collection":[{"href":"https:\/\/dingogear.si\/hr\/wp-json\/wp\/v2\/product"}],"about":[{"href":"https:\/\/dingogear.si\/hr\/wp-json\/wp\/v2\/types\/product"}],"replies":[{"embeddable":true,"href":"https:\/\/dingogear.si\/hr\/wp-json\/wp\/v2\/comments?post=3037"}],"wp:featuredmedia":[{"embeddable":true,"href":"https:\/\/dingogear.si\/hr\/wp-json\/wp\/v2\/media\/12355"}],"wp:attachment":[{"href":"https:\/\/dingogear.si\/hr\/wp-json\/wp\/v2\/media?parent=3037"}],"wp:term":[{"taxonomy":"product_brand","embeddable":true,"href":"https:\/\/dingogear.si\/hr\/wp-json\/wp\/v2\/product_brand?post=3037"},{"taxonomy":"product_cat","embeddable":true,"href":"https:\/\/dingogear.si\/hr\/wp-json\/wp\/v2\/product_cat?post=3037"},{"taxonomy":"product_tag","embeddable":true,"href":"https:\/\/dingogear.si\/hr\/wp-json\/wp\/v2\/product_tag?post=3037"}],"curies":[{"name":"wp","href":"https:\/\/api.w.org\/{rel}","templated":true}]}}