{"id":3055,"date":"2017-10-29T21:25:32","date_gmt":"2018-03-28T14:54:24","guid":{"rendered":"http:\/\/dingogear.si\/?post_type=product&#038;p=3055"},"modified":"2021-12-30T11:19:56","modified_gmt":"2021-12-30T10:19:56","slug":"zastitne-hlace-za-markiranta-rip-stop","status":"publish","type":"product","link":"https:\/\/dingogear.si\/hr\/zastitne-hlace-za-markiranta-rip-stop\/","title":{"rendered":"Za\u0161titne hla\u010de za markiranta \u2013 RIP-STOP"},"content":{"rendered":"<p><img decoding=\"async\" class=\"aligncenter wp-image-563 size-full\" src=\"https:\/\/dingogear.si\/wp-content\/uploads\/2017\/10\/za%C5%A1%C4%8Ditna-obleka-RIPSTOP_velika.jpg\" alt=\"\" width=\"874\" height=\"923\" title=\"\"><\/p>\n","protected":false},"excerpt":{"rendered":"<p>DINGOGEAR profesionalna super lagana za\u0161titna odje\u0107a &#8211; HLA\u010cE od izdr\u017eljivog materijala, otporne na ogrebotine i svjetlost. Odjevni predmet je napravljen tako da nudi najbolju mogu\u0107u za\u0161titu i funkcionalnost.<\/p>\n<p>Hla\u010de su dio kompleta, dostupna je i jakna.<\/p>\n<p>Testirano i odobreno od strane profesionalnih trenera. Pouzdana kvaliteta i izvrsnost izvedbe omogu\u0107uju 100% zadovoljstvo korisnika.<\/p>\n<p>Posebne zna\u010dajke:<\/p>\n<ul>\n<li>Izuzetno izdr\u017eljiva rip-stop tkanina, koja je kombinacija poliestera i pamuka (65% PES, 35% TM) oja\u010dana ja\u010dim vlaknima koja se dodaju u intervalima kako bi se sprije\u010dilo kidanje materijala<\/li>\n<li>rip-stop se koristi za \u0161ivanje uniformi za vojsku i druga uniformirana zanimanja<\/li>\n<li>ergonomski model<\/li>\n<li>lagani materijal vrlo otporan na trenje materijala &#8211; abrazije \/ ogrebotine<\/li>\n<li>ne ograni\u010dava kretanje pomaga\u010da, pa se mo\u017ee u\u010dinkovitije usredoto\u010diti na rad sa psom<\/li>\n<li>zatvaranje patentnim zatvara\u010dem i za\u0161tita patentnim zatvara\u010dem<\/li>\n<li>rubovi obra\u0111eni pamukom<\/li>\n<li>umetnute clip-on kop\u010de<\/li>\n<li>perivo na 30 stupnjeva Celzija<\/li>\n<\/ul>\n","protected":false},"featured_media":589,"comment_status":"open","ping_status":"closed","template":"","meta":{"_acf_changed":false},"product_brand":[2948],"product_cat":[1740,781,817,793],"product_tag":[1240,767,773],"class_list":{"0":"post-3055","1":"product","2":"type-product","3":"status-publish","4":"has-post-thumbnail","6":"product_brand-dingo-gear","7":"product_cat-odjela-za-vodica","8":"product_cat-oprema-za-markirante","9":"product_cat-oprema-za-vodica","10":"product_cat-zastitna-odjela-za-markirante","11":"product_tag-obrana","12":"product_tag-zastita-noge","13":"product_tag-zastitne-pantalone","14":"pa_barva-zascitne-obleke-crna-hr","15":"pa_barva-zascitne-obleke-kamuflaza-hr","16":"pa_material-zascitnih-oblacil-rip-stop-hr","17":"pa_velikost-zascitnih-hlac-rip-l-arazkorak-75cm-bopseg-u-pasu-90-110cm","18":"pa_velikost-zascitnih-hlac-rip-m-arazkorak-70cm-bopseg-u-pasu-85-105cm","19":"pa_velikost-zascitnih-hlac-rip-xl-arazkorak-80cm-bopseg-u-pasu-95-125cm","20":"pa_velikost-zascitnih-hlac-rip-xxl-arazkorak-85cm-bopseg-u-pasu-100-130cm","22":"first","23":"onbackorder","24":"taxable","25":"shipping-taxable","26":"purchasable","27":"product-type-variable"},"acf":[],"_links":{"self":[{"href":"https:\/\/dingogear.si\/hr\/wp-json\/wp\/v2\/product\/3055","targetHints":{"allow":["GET"]}}],"collection":[{"href":"https:\/\/dingogear.si\/hr\/wp-json\/wp\/v2\/product"}],"about":[{"href":"https:\/\/dingogear.si\/hr\/wp-json\/wp\/v2\/types\/product"}],"replies":[{"embeddable":true,"href":"https:\/\/dingogear.si\/hr\/wp-json\/wp\/v2\/comments?post=3055"}],"wp:featuredmedia":[{"embeddable":true,"href":"https:\/\/dingogear.si\/hr\/wp-json\/wp\/v2\/media\/589"}],"wp:attachment":[{"href":"https:\/\/dingogear.si\/hr\/wp-json\/wp\/v2\/media?parent=3055"}],"wp:term":[{"taxonomy":"product_brand","embeddable":true,"href":"https:\/\/dingogear.si\/hr\/wp-json\/wp\/v2\/product_brand?post=3055"},{"taxonomy":"product_cat","embeddable":true,"href":"https:\/\/dingogear.si\/hr\/wp-json\/wp\/v2\/product_cat?post=3055"},{"taxonomy":"product_tag","embeddable":true,"href":"https:\/\/dingogear.si\/hr\/wp-json\/wp\/v2\/product_tag?post=3055"}],"curies":[{"name":"wp","href":"https:\/\/api.w.org\/{rel}","templated":true}]}}