{"id":3072,"date":"2017-10-29T20:59:15","date_gmt":"2018-03-28T15:01:35","guid":{"rendered":"http:\/\/dingogear.si\/?post_type=product&#038;p=3072"},"modified":"2021-12-30T11:34:35","modified_gmt":"2021-12-30T10:34:35","slug":"zastitna-jakna-za-markiranta-kodura","status":"publish","type":"product","link":"https:\/\/dingogear.si\/hr\/zastitna-jakna-za-markiranta-kodura\/","title":{"rendered":"Za\u0161titna jakna za markiranta \u2013 KODURA"},"content":{"rendered":"<p><img decoding=\"async\" class=\"aligncenter wp-image-538 size-full\" src=\"https:\/\/dingogear.si\/wp-content\/uploads\/2017\/10\/za%C5%A1%C4%8Ditna-obleka-KODURA_hinj_velika.jpg\" alt=\"\" width=\"857\" height=\"868\" title=\"\"><\/p>\n","protected":false},"excerpt":{"rendered":"<p>DINGOGEAR profesionalna laka za\u0161titna odje\u0107a &#8211; JAKNA od izdr\u017eljivog materijala, otporna na ogrebotine i o\u0161tetu od svjetlosti. Odjevni predmet je napravljen tako da nudi najbolju mogu\u0107u za\u0161titu i funkcionalnost. Ru\u010dno izra\u0111eno s strane stru\u010dnjaka za profesionalce!<\/p>\n<p>Jakna ima univerzalni rukav koji se mo\u017ee pri\u010dvrstiti na desnu ili lijevu stranu.<\/p>\n<p>Testirano i odobreno od strane profesionalnih trenera. Pouzdana kvaliteta i izvrsnost izvedbe omogu\u0107uju 100% zadovoljstvo korisnika.<\/p>\n<p>Posebne zna\u010dajke:<\/p>\n<ul>\n<li>ergonomski model<\/li>\n<li>lagani materijal vrlo otporan na trenje materijala &#8211; abrazije \/ ogrebotine<\/li>\n<li>ne ograni\u010dava kretanje pomaga\u010da, pa se mo\u017ee u\u010dinkovitije usredoto\u010diti na rad sa psom<\/li>\n<li>prednji i stra\u017enji dio jakne su oja\u010dani pjenom<\/li>\n<li>patent zatvara\u010d i tri om\u010de (slika)<\/li>\n<li>dvostruko zatvaranje, \u0161to osigurava dodatnu izdr\u017eljivost<\/li>\n<li>rubovi jakne zavr\u0161eni pamukom<\/li>\n<li>rukavi su vrlo fleksibilni i laki za no\u0161enje<\/li>\n<li>rukav se sastoji od dva dijela: gornji mekani dio; donji dio, oja\u010dan tvrdom pjenom ili probu\u0161en kako bi se izbjeglo kretanje<\/li>\n<li>rukavi sa za\u0161titom za ramena<\/li>\n<li>ventilacijski otvori na le\u0111ima i ispod pazuha<\/li>\n<li>pamu\u010dna podstava<\/li>\n<li>perivo na 30 stupnjeva Celzija<\/li>\n<\/ul>\n","protected":false},"featured_media":539,"comment_status":"open","ping_status":"closed","template":"","meta":{"_acf_changed":false},"product_brand":[2948],"product_cat":[781,793],"product_tag":[1240,771],"class_list":{"0":"post-3072","1":"product","2":"type-product","3":"status-publish","4":"has-post-thumbnail","6":"product_brand-dingo-gear","7":"product_cat-oprema-za-markirante","8":"product_cat-zastitna-odjela-za-markirante","9":"product_tag-obrana","10":"product_tag-zastitna-jakna","11":"pa_barva-zascitne-obleke-crna-hr","12":"pa_material-zascitnih-oblacil-kodura-hr","13":"pa_velikost-zascitne-jakne-ko-l-visina-covjeka-170-176cm","14":"pa_velikost-zascitne-jakne-ko-xl-visina-covjeka-176-182cm","15":"pa_velikost-zascitne-jakne-ko-xxl-visina-covjeka-182-188cm","17":"first","18":"onbackorder","19":"taxable","20":"shipping-taxable","21":"purchasable","22":"product-type-variable"},"acf":[],"_links":{"self":[{"href":"https:\/\/dingogear.si\/hr\/wp-json\/wp\/v2\/product\/3072","targetHints":{"allow":["GET"]}}],"collection":[{"href":"https:\/\/dingogear.si\/hr\/wp-json\/wp\/v2\/product"}],"about":[{"href":"https:\/\/dingogear.si\/hr\/wp-json\/wp\/v2\/types\/product"}],"replies":[{"embeddable":true,"href":"https:\/\/dingogear.si\/hr\/wp-json\/wp\/v2\/comments?post=3072"}],"wp:featuredmedia":[{"embeddable":true,"href":"https:\/\/dingogear.si\/hr\/wp-json\/wp\/v2\/media\/539"}],"wp:attachment":[{"href":"https:\/\/dingogear.si\/hr\/wp-json\/wp\/v2\/media?parent=3072"}],"wp:term":[{"taxonomy":"product_brand","embeddable":true,"href":"https:\/\/dingogear.si\/hr\/wp-json\/wp\/v2\/product_brand?post=3072"},{"taxonomy":"product_cat","embeddable":true,"href":"https:\/\/dingogear.si\/hr\/wp-json\/wp\/v2\/product_cat?post=3072"},{"taxonomy":"product_tag","embeddable":true,"href":"https:\/\/dingogear.si\/hr\/wp-json\/wp\/v2\/product_tag?post=3072"}],"curies":[{"name":"wp","href":"https:\/\/api.w.org\/{rel}","templated":true}]}}