{"id":3085,"date":"2017-10-29T20:26:54","date_gmt":"2018-03-28T15:01:43","guid":{"rendered":"http:\/\/dingogear.si\/?post_type=product&#038;p=3085"},"modified":"2023-01-11T13:38:49","modified_gmt":"2023-01-11T12:38:49","slug":"zastitna-jakna-za-markiranta-eko-koza-light","status":"publish","type":"product","link":"https:\/\/dingogear.si\/hr\/zastitna-jakna-za-markiranta-eko-koza-light\/","title":{"rendered":"Za\u0161titna jakna za markiranta \u2013 EKO KO\u017dA \u2013 LIGHT"},"content":{"rendered":"<p>Za\u0161titna jakna za markiranta<\/p>\n<p>DINGOGEAR profesionalna lagana za\u0161titna odje\u0107a &#8211; JAKNA od izdr\u017eljive i elasti\u010dne umjetne eko ko\u017ee. Odjevni predmet je napravljen tako da nudi najbolju mogu\u0107u za\u0161titu i funkcionalnost.<\/p>\n<p>Jakna je dio kompleta, dostupne su i hla\u010de od istog materijala. Odje\u0107a je namijenjena slu\u017ebama stru\u010dnog \u0161kolovanja uniformiranih pasa. Ru\u010dno izra\u0111eno s strane stru\u010dnjaka za profesionalce!<\/p>\n<p>Odjevni predmet je testiran i odobren od strane profesionalnih trenera.<\/p>\n<p>Pouzdana kvaliteta i izvrsnost izrade omogu\u0107uju 100% zadovoljstvo korisnika.<\/p>\n<p><img decoding=\"async\" class=\"wp-image-509 size-full aligncenter\" src=\"https:\/\/dingogear.si\/wp-content\/uploads\/2017\/10\/za%C5%A1%C4%8Ditna-obleka-LIGHT_hla%C4%8De-in-jakna.jpg\" alt=\"\" width=\"847\" height=\"773\" title=\"\"><\/p>\n","protected":false},"excerpt":{"rendered":"<p>Za\u0161titna jakna za markiranta<\/p>\n<p>DINGOGEAR profesionalna lagana za\u0161titna odje\u0107a &#8211; JAKNA od izdr\u017eljive i elasti\u010dne umjetne eko ko\u017ee. Odjevni predmet je napravljen tako da nudi najbolju mogu\u0107u za\u0161titu i funkcionalnost.<\/p>\n<p>Jakna je dio kompleta, dostupne su i hla\u010de od istog materijala. Odje\u0107a je namijenjena slu\u017ebama stru\u010dnog \u0161kolovanja uniformiranih pasa. Ru\u010dno izra\u0111eno s strane stru\u010dnjaka za profesionalce!<\/p>\n<p>Odjevni predmet je testiran i odobren od strane profesionalnih trenera.<\/p>\n<p>Pouzdana kvaliteta i izvrsnost izrade omogu\u0107uju 100% zadovoljstvo korisnika.<\/p>\n","protected":false},"featured_media":517,"comment_status":"open","ping_status":"closed","template":"","meta":{"_acf_changed":false},"product_brand":[2948],"product_cat":[781,793],"product_tag":[1240,771],"class_list":{"0":"post-3085","1":"product","2":"type-product","3":"status-publish","4":"has-post-thumbnail","6":"product_brand-dingo-gear","7":"product_cat-oprema-za-markirante","8":"product_cat-zastitna-odjela-za-markirante","9":"product_tag-obrana","10":"product_tag-zastitna-jakna","11":"product_shipping_class-dostava-vecih-i-tezih-paketa","12":"pa_barva-zascitne-obleke-smeda","13":"pa_material-zascitnih-oblacil-koza","14":"pa_velikost-zascitne-jakne-li-l-visina-covjeka-170-176cm","15":"pa_velikost-zascitne-jakne-li-xl-visina-covjeka-176-182cm","16":"pa_velikost-zascitne-jakne-li-xxl-visina-covjeka-182-188cm","18":"first","19":"onbackorder","20":"taxable","21":"shipping-taxable","22":"purchasable","23":"product-type-variable"},"acf":[],"_links":{"self":[{"href":"https:\/\/dingogear.si\/hr\/wp-json\/wp\/v2\/product\/3085","targetHints":{"allow":["GET"]}}],"collection":[{"href":"https:\/\/dingogear.si\/hr\/wp-json\/wp\/v2\/product"}],"about":[{"href":"https:\/\/dingogear.si\/hr\/wp-json\/wp\/v2\/types\/product"}],"replies":[{"embeddable":true,"href":"https:\/\/dingogear.si\/hr\/wp-json\/wp\/v2\/comments?post=3085"}],"wp:featuredmedia":[{"embeddable":true,"href":"https:\/\/dingogear.si\/hr\/wp-json\/wp\/v2\/media\/517"}],"wp:attachment":[{"href":"https:\/\/dingogear.si\/hr\/wp-json\/wp\/v2\/media?parent=3085"}],"wp:term":[{"taxonomy":"product_brand","embeddable":true,"href":"https:\/\/dingogear.si\/hr\/wp-json\/wp\/v2\/product_brand?post=3085"},{"taxonomy":"product_cat","embeddable":true,"href":"https:\/\/dingogear.si\/hr\/wp-json\/wp\/v2\/product_cat?post=3085"},{"taxonomy":"product_tag","embeddable":true,"href":"https:\/\/dingogear.si\/hr\/wp-json\/wp\/v2\/product_tag?post=3085"}],"curies":[{"name":"wp","href":"https:\/\/api.w.org\/{rel}","templated":true}]}}