{"id":3089,"date":"2017-10-29T17:20:58","date_gmt":"2017-10-29T16:20:58","guid":{"rendered":"http:\/\/dingogear.si\/?post_type=product&#038;p=3089"},"modified":"2021-12-30T12:08:35","modified_gmt":"2021-12-30T11:08:35","slug":"zastitna-jakna-za-markiranta-extreme","status":"publish","type":"product","link":"https:\/\/dingogear.si\/hr\/zastitna-jakna-za-markiranta-extreme\/","title":{"rendered":"Za\u0161titna jakna za markiranta \u2013 EXTREME"},"content":{"rendered":"<p><strong>Posebne zna\u010dajke:<\/strong><\/p>\n<p>Ako se standardna veli\u010dina poka\u017ee neprikladnom, \u0161ivamo odje\u0107u prema veli\u010dini kupca. Cijena ostaje ista.<\/p>\n<p><strong>Garancija:<\/strong><\/p>\n<p>Nudimo jednogodi\u0161nje jamstvo za proizvedenu odje\u0107u. Tijekom jamstvenog roka svi popravci i prijevoz od i do kupca obavljaju se o tro\u0161ku tvrtke DingoGear. Nudimo i postprodajne usluge.<\/p>\n<p><strong>Certificiranje<\/strong><\/p>\n<p>Svaki odjevni predmet ima svoj individualni broj, \u0161to je potvr\u0111eno certifikatom kvalitete i originalnosti.<\/p>\n","protected":false},"excerpt":{"rendered":"<p>DINGOGEAR profesionalna za\u0161titna odje\u0107a &#8211; JAKNA &#8211; odje\u0107a koja nudi maksimalnu za\u0161titu. Jakna je dio kompleta, dostupne su i hla\u010de od istog materijala. Odje\u0107a je namijenjena slu\u017ebama stru\u010dnog \u0161kolovanja uniformiranih pasa. Ru\u010dno izra\u0111eno s strane stru\u010dnjaka za profesionalce!<\/p>\n<p>Najizdr\u017eljivija i naju\u010dinkovitija odje\u0107a za obrambeni trening u kinologiji. Namijenjen za profesionalnu upotrebu u vojsci i policiji. Za stru\u010dne asistente \/ markere. Odjevni predmet je testiran i odobren od strane profesionalnih trenera.<\/p>\n<p>Pouzdana kvaliteta i izvrsnost izrade omogu\u0107uju 100% zadovoljstvo korisnika.<\/p>\n","protected":false},"featured_media":11812,"comment_status":"open","ping_status":"closed","template":"","meta":{"_acf_changed":false},"product_brand":[2948],"product_cat":[781,821,793],"product_tag":[1240,771],"class_list":{"0":"post-3089","1":"product","2":"type-product","3":"status-publish","4":"has-post-thumbnail","6":"product_brand-dingo-gear","7":"product_cat-oprema-za-markirante","8":"product_cat-trening-obrane","9":"product_cat-zastitna-odjela-za-markirante","10":"product_tag-obrana","11":"product_tag-zastitna-jakna","12":"product_shipping_class-dostava-vecih-i-tezih-paketa","13":"pa_barva-zascitne-obleke-crna-hr","14":"pa_material-zascitnih-oblacil-french-ring-hr","15":"pa_velikost-zascitne-jakne-l-visina-covjeka-170-176cm","16":"pa_velikost-zascitne-jakne-xl-visina-covjeka-176-184cm","17":"pa_velikost-zascitne-jakne-xxl-visina-covjeka-184-192cm","19":"first","20":"onbackorder","21":"featured","22":"taxable","23":"shipping-taxable","24":"purchasable","25":"product-type-variable"},"acf":[],"_links":{"self":[{"href":"https:\/\/dingogear.si\/hr\/wp-json\/wp\/v2\/product\/3089","targetHints":{"allow":["GET"]}}],"collection":[{"href":"https:\/\/dingogear.si\/hr\/wp-json\/wp\/v2\/product"}],"about":[{"href":"https:\/\/dingogear.si\/hr\/wp-json\/wp\/v2\/types\/product"}],"replies":[{"embeddable":true,"href":"https:\/\/dingogear.si\/hr\/wp-json\/wp\/v2\/comments?post=3089"}],"wp:featuredmedia":[{"embeddable":true,"href":"https:\/\/dingogear.si\/hr\/wp-json\/wp\/v2\/media\/11812"}],"wp:attachment":[{"href":"https:\/\/dingogear.si\/hr\/wp-json\/wp\/v2\/media?parent=3089"}],"wp:term":[{"taxonomy":"product_brand","embeddable":true,"href":"https:\/\/dingogear.si\/hr\/wp-json\/wp\/v2\/product_brand?post=3089"},{"taxonomy":"product_cat","embeddable":true,"href":"https:\/\/dingogear.si\/hr\/wp-json\/wp\/v2\/product_cat?post=3089"},{"taxonomy":"product_tag","embeddable":true,"href":"https:\/\/dingogear.si\/hr\/wp-json\/wp\/v2\/product_tag?post=3089"}],"curies":[{"name":"wp","href":"https:\/\/api.w.org\/{rel}","templated":true}]}}