{"id":3093,"date":"2017-10-29T18:24:11","date_gmt":"2017-10-29T17:24:11","guid":{"rendered":"http:\/\/dingogear.si\/?post_type=product&#038;p=3093"},"modified":"2023-01-11T13:38:14","modified_gmt":"2023-01-11T12:38:14","slug":"zastitne-hlace-za-markiranta-eko-koza-light","status":"publish","type":"product","link":"https:\/\/dingogear.si\/hr\/zastitne-hlace-za-markiranta-eko-koza-light\/","title":{"rendered":"Za\u0161titne hla\u010de za markiranta \u2013 EKO KO\u017dA \u2013 LIGHT"},"content":{"rendered":"<p><img decoding=\"async\" class=\"wp-image-509 size-full aligncenter\" src=\"https:\/\/dingogear.si\/wp-content\/uploads\/2017\/10\/za%C5%A1%C4%8Ditna-obleka-LIGHT_hla%C4%8De-in-jakna.jpg\" alt=\"\" width=\"847\" height=\"773\" title=\"\"><\/p>\n","protected":false},"excerpt":{"rendered":"<p>DINGOGEAR profesionalna lagana za\u0161titna odje\u0107a &#8211; HLA\u010cE od izdr\u017eljive i elasti\u010dne umjetne eko ko\u017ee. Odjevni predmet je napravljen tako da nudi najbolju mogu\u0107u za\u0161titu i funkcionalnost.<\/p>\n<p>Hla\u010de su dio kompleta, a dostupna je i LIGHT jakna od istog materijala. Odje\u0107a je namijenjena slu\u017ebama stru\u010dnog \u0161kolovanja uniformiranih pasa. Ru\u010dno izra\u0111eno s strane stru\u010dnjaka za profesionalce!<\/p>\n<p>Odjevni predmet je testiran i odobren od strane profesionalnih trenera.<\/p>\n<p>Pouzdana kvaliteta i izvrsnost izrade omogu\u0107uju 100% zadovoljstvo korisnika.<\/p>\n","protected":false},"featured_media":514,"comment_status":"open","ping_status":"closed","template":"","meta":{"_acf_changed":false},"product_brand":[2948],"product_cat":[781,793],"product_tag":[1240,767,773],"class_list":{"0":"post-3093","1":"product","2":"type-product","3":"status-publish","4":"has-post-thumbnail","6":"product_brand-dingo-gear","7":"product_cat-oprema-za-markirante","8":"product_cat-zastitna-odjela-za-markirante","9":"product_tag-obrana","10":"product_tag-zastita-noge","11":"product_tag-zastitne-pantalone","12":"pa_barva-zascitne-obleke-smeda","13":"pa_material-zascitnih-oblacil-koza","14":"pa_velikost-zascitnih-hlac-li-l-arazkorak-75cm-bopseg-u-pasu-86-98cm","15":"pa_velikost-zascitnih-hlac-li-xl-arazkorak-80cm-bopseg-u-pasu-92-104cm","16":"pa_velikost-zascitnih-hlac-li-xxl-arazkorak-85cm-bopseg-u-pasu-98-110cm","18":"first","19":"onbackorder","20":"taxable","21":"shipping-taxable","22":"purchasable","23":"product-type-variable"},"acf":[],"_links":{"self":[{"href":"https:\/\/dingogear.si\/hr\/wp-json\/wp\/v2\/product\/3093","targetHints":{"allow":["GET"]}}],"collection":[{"href":"https:\/\/dingogear.si\/hr\/wp-json\/wp\/v2\/product"}],"about":[{"href":"https:\/\/dingogear.si\/hr\/wp-json\/wp\/v2\/types\/product"}],"replies":[{"embeddable":true,"href":"https:\/\/dingogear.si\/hr\/wp-json\/wp\/v2\/comments?post=3093"}],"wp:featuredmedia":[{"embeddable":true,"href":"https:\/\/dingogear.si\/hr\/wp-json\/wp\/v2\/media\/514"}],"wp:attachment":[{"href":"https:\/\/dingogear.si\/hr\/wp-json\/wp\/v2\/media?parent=3093"}],"wp:term":[{"taxonomy":"product_brand","embeddable":true,"href":"https:\/\/dingogear.si\/hr\/wp-json\/wp\/v2\/product_brand?post=3093"},{"taxonomy":"product_cat","embeddable":true,"href":"https:\/\/dingogear.si\/hr\/wp-json\/wp\/v2\/product_cat?post=3093"},{"taxonomy":"product_tag","embeddable":true,"href":"https:\/\/dingogear.si\/hr\/wp-json\/wp\/v2\/product_tag?post=3093"}],"curies":[{"name":"wp","href":"https:\/\/api.w.org\/{rel}","templated":true}]}}