{"id":3318,"date":"2018-10-30T18:49:43","date_gmt":"2020-05-05T21:33:14","guid":{"rendered":"http:\/\/dingogear.si\/?post_type=product&#038;p=3318"},"modified":"2021-07-30T17:08:32","modified_gmt":"2021-07-30T15:08:32","slug":"zastitno-odjelo-za-markiranta-civil","status":"publish","type":"product","link":"https:\/\/dingogear.si\/hr\/zastitno-odjelo-za-markiranta-civil\/","title":{"rendered":"Za\u0161titno odjelo za markiranta CIVIL"},"content":{"rendered":"<p><a href=\"https:\/\/dingogear.si\/wp-content\/uploads\/2018\/10\/S01090-1091-1092_VEL.jpg\"><img decoding=\"async\" class=\"aligncenter size-full wp-image-11298\" src=\"https:\/\/dingogear.si\/wp-content\/uploads\/2018\/10\/S01090-1091-1092_VEL.jpg\" alt=\"\" width=\"1073\" height=\"762\" title=\"\" srcset=\"https:\/\/dingogear.si\/wp-content\/uploads\/2018\/10\/S01090-1091-1092_VEL.jpg 1073w, https:\/\/dingogear.si\/wp-content\/uploads\/2018\/10\/S01090-1091-1092_VEL-300x214.jpg 300w, https:\/\/dingogear.si\/wp-content\/uploads\/2018\/10\/S01090-1091-1092_VEL-768x545.jpg 768w, https:\/\/dingogear.si\/wp-content\/uploads\/2018\/10\/S01090-1091-1092_VEL-1024x727.jpg 1024w, https:\/\/dingogear.si\/wp-content\/uploads\/2018\/10\/S01090-1091-1092_VEL-200x142.jpg 200w, https:\/\/dingogear.si\/wp-content\/uploads\/2018\/10\/S01090-1091-1092_VEL-400x284.jpg 400w, https:\/\/dingogear.si\/wp-content\/uploads\/2018\/10\/S01090-1091-1092_VEL-600x426.jpg 600w, https:\/\/dingogear.si\/wp-content\/uploads\/2018\/10\/S01090-1091-1092_VEL-800x568.jpg 800w, https:\/\/dingogear.si\/wp-content\/uploads\/2018\/10\/S01090-1091-1092_VEL-500x355.jpg 500w, https:\/\/dingogear.si\/wp-content\/uploads\/2018\/10\/S01090-1091-1092_VEL-700x497.jpg 700w\" sizes=\"(max-width: 1073px) 100vw, 1073px\" \/><\/a><\/p>\n","protected":false},"excerpt":{"rendered":"<p>Skriveno odijelo bitan je dio opreme svakog trenera policije, vojske, specijalnih snaga, stra\u017eara, zatvorske slu\u017ebe, K9 i pse\u0107ih klubova. Koristi se za provjeru ujeda li pas zapravo nekoga tko nosi civilnu odje\u0107u. Stoga je naziv grupe za takve proizvode \u010desto \u201ecivilian\u201c, tj. CIVILNI.<\/p>\n<p>Ispod civilnog odijela nosi se za\u0161titna odje\u0107a koja poma\u017ee stvoriti stvarnu situaciju tijekom treninga. To je vrlo va\u017eno jer mnogi obrambeno obu\u010deni psi ne\u0107e ugristi ljude bez o\u010ditog vanjskog rukava \/ odijela.<\/p>\n<p><strong>UPOZORENJE<\/strong><\/p>\n<p>Imajte na umu da kori\u0161tenje odijela za testiranje radnog psa mo\u017ee biti opasno, oprema ne mo\u017ee u potpunosti za\u0161tititi od mogu\u0107eg o\u0161te\u0107enja markera! Ni profesionalna oprema ne mo\u017ee u potpunosti za\u0161tititi od mogu\u0107ih ozljeda, ali sigurno smanjuje rizik od ve\u0107ih ozljeda. Odje\u0107u nikada ne smiju koristiti treneri po\u010detnici i \/ ili osobe koje nemaju odgovaraju\u0107e iskustvo u radu s psom, \u0161to mo\u017ee uzrokovati vrlo ozbiljne ozljede. Postoji opasnost od ozbiljnih ozljeda ako se proizvod ne koristi pravilno.<\/p>\n<p>Pouzdana kvaliteta i izvrsnost omogu\u0107uju 100% zadovoljstvo korisnika.<\/p>\n<ul>\n<li>hla\u010de s tregerima (podesive po duljini) od francuskog materijala i ko\u017ee s poja\u010danjem (materijal ARAMID ili KEVLAR, koji se uglavnom koristi za poja\u010danje u pancirima)<\/li>\n<li>za\u0161tita me\u010da sa \u0161titnicima za noge od materijala ARAMID- S02013 + S02014<\/li>\n<li>metalni \u0161titnik za prepone &#8211; S02027<\/li>\n<li>vanjska odje\u0107a (jakna) od materijala French Ring i pune ko\u017ee (vidi slike) s poja\u010danjem i \u010di\u010dak sustavom za potpuno pri\u010dvr\u0161\u0107ivanje<\/li>\n<\/ul>\n<p>Svrha odje\u0107e:<\/p>\n<p>Policija, vojska, specijalne snage itd.<br \/>\nTestirano i odobreno od strane profesionalnih trenera. Pouzdana kvaliteta i izvrsnost izvedbe omogu\u0107uju 100% zadovoljstvo korisnika.<\/p>\n<p>Ru\u010dno izra\u0111eni od strane stru\u010dnjaka za profesionalce!<\/p>\n<p>JAMSTVO<\/p>\n<p>Dajemo jednogodi\u0161nje jamstvo na odje\u0107u koja se koristi za obuku pasa. Tijekom jamstvenog roka, tro\u0161kove svih popravaka i transporta od i do kupca pokriva Dingo Gear. Nudimo i postgarancijske usluge.<\/p>\n","protected":false},"featured_media":11290,"comment_status":"open","ping_status":"closed","template":"","meta":{"_acf_changed":false},"product_brand":[2948],"product_cat":[781,821,793],"product_tag":[1240,779],"class_list":{"0":"post-3318","1":"product","2":"type-product","3":"status-publish","4":"has-post-thumbnail","6":"product_brand-dingo-gear","7":"product_cat-oprema-za-markirante","8":"product_cat-trening-obrane","9":"product_cat-zastitna-odjela-za-markirante","10":"product_tag-obrana","11":"product_tag-zastitno-odjelo","12":"product_shipping_class-dostava-vecih-i-tezih-paketa","13":"pa_material-zascitnih-oblacil-french-ring-s-kozom-i-aramid-vlaknima","14":"pa_velikost-zascitne-obleke-c-l-araskorak-75cm-bopseg-u-pasu-86-98cm-cvisina-covjeka-170-176cm","15":"pa_velikost-zascitne-obleke-c-xl-araskorak-80cm-bopseg-u-pasu-92-104cm-cvisina-covjeka-176-182cm","16":"pa_velikost-zascitne-obleke-c-xxl-araskorak-85cm-bopseg-u-pasu-98-110cm-cvisina-covjeka-182-188cm","18":"first","19":"onbackorder","20":"taxable","21":"shipping-taxable","22":"purchasable","23":"product-type-variable"},"acf":[],"_links":{"self":[{"href":"https:\/\/dingogear.si\/hr\/wp-json\/wp\/v2\/product\/3318","targetHints":{"allow":["GET"]}}],"collection":[{"href":"https:\/\/dingogear.si\/hr\/wp-json\/wp\/v2\/product"}],"about":[{"href":"https:\/\/dingogear.si\/hr\/wp-json\/wp\/v2\/types\/product"}],"replies":[{"embeddable":true,"href":"https:\/\/dingogear.si\/hr\/wp-json\/wp\/v2\/comments?post=3318"}],"wp:featuredmedia":[{"embeddable":true,"href":"https:\/\/dingogear.si\/hr\/wp-json\/wp\/v2\/media\/11290"}],"wp:attachment":[{"href":"https:\/\/dingogear.si\/hr\/wp-json\/wp\/v2\/media?parent=3318"}],"wp:term":[{"taxonomy":"product_brand","embeddable":true,"href":"https:\/\/dingogear.si\/hr\/wp-json\/wp\/v2\/product_brand?post=3318"},{"taxonomy":"product_cat","embeddable":true,"href":"https:\/\/dingogear.si\/hr\/wp-json\/wp\/v2\/product_cat?post=3318"},{"taxonomy":"product_tag","embeddable":true,"href":"https:\/\/dingogear.si\/hr\/wp-json\/wp\/v2\/product_tag?post=3318"}],"curies":[{"name":"wp","href":"https:\/\/api.w.org\/{rel}","templated":true}]}}