{"id":8347,"date":"2020-05-05T13:17:52","date_gmt":"2020-05-05T11:17:52","guid":{"rendered":"https:\/\/dingogear.si\/?post_type=product&#038;p=8347"},"modified":"2020-05-06T08:15:16","modified_gmt":"2020-05-06T06:15:16","slug":"aport-berta-loki-iz-ring-materiala-2","status":"publish","type":"product","link":"https:\/\/dingogear.si\/hr\/aport-berta-loki-iz-ring-materiala-2\/","title":{"rendered":"Aport BERTA LOKI iz RING materiala"},"content":{"rendered":"<p><a href=\"https:\/\/dingogear.si\/wp-content\/uploads\/2020\/05\/BERTA_aporti-vsi_oran\u017eni.jpg\"><img decoding=\"async\" class=\"size-full wp-image-8200 alignleft\" src=\"https:\/\/dingogear.si\/wp-content\/uploads\/2020\/05\/BERTA_aporti-vsi_oran\u017eni.jpg\" alt=\"\" width=\"600\" height=\"600\" title=\"\" srcset=\"https:\/\/dingogear.si\/wp-content\/uploads\/2020\/05\/BERTA_aporti-vsi_oran\u017eni.jpg 600w, https:\/\/dingogear.si\/wp-content\/uploads\/2020\/05\/BERTA_aporti-vsi_oran\u017eni-300x300.jpg 300w, https:\/\/dingogear.si\/wp-content\/uploads\/2020\/05\/BERTA_aporti-vsi_oran\u017eni-150x150.jpg 150w, https:\/\/dingogear.si\/wp-content\/uploads\/2020\/05\/BERTA_aporti-vsi_oran\u017eni-500x500.jpg 500w, https:\/\/dingogear.si\/wp-content\/uploads\/2020\/05\/BERTA_aporti-vsi_oran\u017eni-100x100.jpg 100w\" sizes=\"(max-width: 600px) 100vw, 600px\" \/><\/a> <a href=\"https:\/\/dingogear.si\/wp-content\/uploads\/2020\/05\/BERTA_aporti-vsi.jpg\"><img decoding=\"async\" class=\"size-full wp-image-8201 alignleft\" src=\"https:\/\/dingogear.si\/wp-content\/uploads\/2020\/05\/BERTA_aporti-vsi.jpg\" alt=\"\" width=\"600\" height=\"600\" title=\"\" srcset=\"https:\/\/dingogear.si\/wp-content\/uploads\/2020\/05\/BERTA_aporti-vsi.jpg 600w, https:\/\/dingogear.si\/wp-content\/uploads\/2020\/05\/BERTA_aporti-vsi-300x300.jpg 300w, https:\/\/dingogear.si\/wp-content\/uploads\/2020\/05\/BERTA_aporti-vsi-150x150.jpg 150w, https:\/\/dingogear.si\/wp-content\/uploads\/2020\/05\/BERTA_aporti-vsi-500x500.jpg 500w, https:\/\/dingogear.si\/wp-content\/uploads\/2020\/05\/BERTA_aporti-vsi-100x100.jpg 100w\" sizes=\"(max-width: 600px) 100vw, 600px\" \/><\/a><\/p>\n","protected":false},"excerpt":{"rendered":"<p>Aport narejen iz zelo vzdr\u017eljivega in trpe\u017enega materiala, iz katerega so narejene tudi obleke za markerje. Z dvema ro\u010dajema.<\/p>\n<p>Aporti iz Berta linije so zahvaljujo\u010d njihovi debelini v veliko pomo\u010d pri u\u010denju psa kako ugrizniti in oblikovati pravi oprijem ugriza.\u00a0 Izdelali smo jih ro\u010dno, s pozornostjo na vsako podrobnost, saj vemo, kako pomembna je trdnost in vzdr\u017eljivost aporta.<\/p>\n<p>Na\u0161i izdelki so namenjeni igri in vadbi s pomo\u010djo vodnika, psu jih ne prepu\u0161\u010dajte nenadzorovano.<\/p>\n<p><strong>Namenjen za zabavo psa in u\u010denje ugriza.<\/strong> Preizku\u0161eno in odobreno s strani profesionalnih trenerjev za pse.<\/p>\n<p>Zanesljiva kakovost in 100% zadovoljstvo. Ro\u010dno in strokovno izdelano za profesionalno uporabo.<\/p>\n<p>Karakteristike:<\/p>\n<ul>\n<li>zelo vzdr\u017eljiv RING material<\/li>\n<li>mehkoba<\/li>\n<li>konci aporta so brez dodatnih \u0161ivov (\u0161ivi so obrnjeni navznoter)<\/li>\n<li>DEBELINA aporta laj\u0161a u\u010denje ugriza in izbolj\u0161uje oprijem<\/li>\n<li>ro\u010daj iz \u0161irokega in mehkega traku &#8211; zagotavlja odli\u010dno udobje, pri tem pa ohranja mo\u010d potega<\/li>\n<li>robustni in mo\u010dni \u0161ivi zagotavljajo visoko toleranco na mo\u010dne potege<\/li>\n<\/ul>\n","protected":false},"featured_media":8225,"comment_status":"open","ping_status":"closed","template":"","meta":{"_acf_changed":false},"product_brand":[2948],"product_cat":[809,807,803,817,819,823],"product_tag":[747,745,1238],"class_list":{"0":"post-8347","1":"product","2":"type-product","3":"status-publish","4":"has-post-thumbnail","6":"product_brand-dingo-gear","7":"product_cat-igra-uz-trening","8":"product_cat-kobasice-aporti","9":"product_cat-oprema-za-psa","10":"product_cat-oprema-za-vodica","11":"product_cat-pomagala-za-trening","12":"product_cat-trening-vodljivosti","13":"product_tag-igra-hr","14":"product_tag-kobasice","15":"product_tag-vodljivost","16":"pa_barva-aporta-narancasta","17":"pa_barva-aporta-plava","18":"pa_barva-izdelka-narandzasta","19":"pa_barva-izdelka-plava","20":"pa_dimenzije-aporta-14-x-8cm-hr","21":"pa_material-aporta-french-ring-nylcot-hr","22":"pa_oblika-aporta-jastucic","23":"pa_oblika-aporta-lopta","24":"pa_stevilo-rocajev-na-aportu-1-rucka","26":"first","27":"instock","28":"featured","29":"taxable","30":"shipping-taxable","31":"purchasable","32":"product-type-variable"},"acf":[],"_links":{"self":[{"href":"https:\/\/dingogear.si\/hr\/wp-json\/wp\/v2\/product\/8347","targetHints":{"allow":["GET"]}}],"collection":[{"href":"https:\/\/dingogear.si\/hr\/wp-json\/wp\/v2\/product"}],"about":[{"href":"https:\/\/dingogear.si\/hr\/wp-json\/wp\/v2\/types\/product"}],"replies":[{"embeddable":true,"href":"https:\/\/dingogear.si\/hr\/wp-json\/wp\/v2\/comments?post=8347"}],"wp:featuredmedia":[{"embeddable":true,"href":"https:\/\/dingogear.si\/hr\/wp-json\/wp\/v2\/media\/8225"}],"wp:attachment":[{"href":"https:\/\/dingogear.si\/hr\/wp-json\/wp\/v2\/media?parent=8347"}],"wp:term":[{"taxonomy":"product_brand","embeddable":true,"href":"https:\/\/dingogear.si\/hr\/wp-json\/wp\/v2\/product_brand?post=8347"},{"taxonomy":"product_cat","embeddable":true,"href":"https:\/\/dingogear.si\/hr\/wp-json\/wp\/v2\/product_cat?post=8347"},{"taxonomy":"product_tag","embeddable":true,"href":"https:\/\/dingogear.si\/hr\/wp-json\/wp\/v2\/product_tag?post=8347"}],"curies":[{"name":"wp","href":"https:\/\/api.w.org\/{rel}","templated":true}]}}