{"id":8352,"date":"2019-02-04T20:57:58","date_gmt":"2020-05-05T20:02:11","guid":{"rendered":"https:\/\/dingogear.si\/?post_type=product&#038;p=8352"},"modified":"2022-11-21T11:02:54","modified_gmt":"2022-11-21T10:02:54","slug":"popper-uze-za-bic-3-kom","status":"publish","type":"product","link":"https:\/\/dingogear.si\/hr\/popper-uze-za-bic-3-kom\/","title":{"rendered":"POPPER u\u017ee za bi\u010d \u2013 3 kom"},"content":{"rendered":"<p>Dodatak koji koristite kao zamjenu za istro\u0161enu uzicu na postoje\u0107em bi\u010du. Koristi se \u0161tapovima ili bi\u010devima za postizanje specifi\u010dne buke &#8211; hitac koji koriste profesionalni treneri u IPO obuci pasa.<\/p>\n<p>Prednosti i svrha:<br \/>\n&#8211; u pakiranjima od 3 kom<br \/>\n&#8211; mogu\u0107nost kori\u0161tenja i razmjene u:<br \/>\n<a href=\"https:\/\/dingogear.si\/hr\/uze-za-bic\/\">S02625 uzica za bi\u010d<\/a><br \/>\n<a href=\"https:\/\/dingogear.si\/hr\/kozno-uze-za-bic\/\">S02626 uzica od ko\u017ee za bi\u010d<\/a><br \/>\n<a href=\"https:\/\/dingogear.si\/hr\/proizvod\/trening-bic-iz-semisa-2\/\">S02630 tip bi\u010da &#8211; ko\u017ea, pakiranje od 1 kom<\/a><br \/>\n<a href=\"https:\/\/dingogear.si\/hr\/plastican-trening-bic\/\">S02501 tip bi\u010da &#8211; plastika, pakiranje od 1 kom<\/a><br \/>\n&#8211; parametri: duljina &#8211; 24cm; opseg 0,2 cm; te\u017eina &#8211; 3,5 grama<\/p>\n","protected":false},"excerpt":{"rendered":"<p>Dodatak koji upotrebljavate kao zamjena za istro\u0161enu uzicu na postoje\u0107em bi\u010du. Koristi se \u0161tapovima ili bi\u010devima za postizanje specifi\u010dne buke &#8211; hitac koji koriste profesionalni treneri u IPO obuci pasa.<\/p>\n","protected":false},"featured_media":11285,"comment_status":"open","ping_status":"closed","template":"","meta":{"_acf_changed":false},"product_brand":[2948],"product_cat":[821,1827,781],"product_tag":[1842,1840],"class_list":{"0":"post-8352","1":"product","2":"type-product","3":"status-publish","4":"has-post-thumbnail","6":"product_brand-dingo-gear","7":"product_cat-trening-obrane","8":"product_cat-bicevi-i-palice","9":"product_cat-oprema-za-markirante","10":"product_tag-bicevi-i-palice","11":"product_tag-uzevi-za-bic","12":"pa_dolzina-bic-vrvice-24cm-hr","14":"first","15":"instock","16":"taxable","17":"shipping-taxable","18":"purchasable","19":"product-type-simple"},"acf":[],"_links":{"self":[{"href":"https:\/\/dingogear.si\/hr\/wp-json\/wp\/v2\/product\/8352","targetHints":{"allow":["GET"]}}],"collection":[{"href":"https:\/\/dingogear.si\/hr\/wp-json\/wp\/v2\/product"}],"about":[{"href":"https:\/\/dingogear.si\/hr\/wp-json\/wp\/v2\/types\/product"}],"replies":[{"embeddable":true,"href":"https:\/\/dingogear.si\/hr\/wp-json\/wp\/v2\/comments?post=8352"}],"wp:featuredmedia":[{"embeddable":true,"href":"https:\/\/dingogear.si\/hr\/wp-json\/wp\/v2\/media\/11285"}],"wp:attachment":[{"href":"https:\/\/dingogear.si\/hr\/wp-json\/wp\/v2\/media?parent=8352"}],"wp:term":[{"taxonomy":"product_brand","embeddable":true,"href":"https:\/\/dingogear.si\/hr\/wp-json\/wp\/v2\/product_brand?post=8352"},{"taxonomy":"product_cat","embeddable":true,"href":"https:\/\/dingogear.si\/hr\/wp-json\/wp\/v2\/product_cat?post=8352"},{"taxonomy":"product_tag","embeddable":true,"href":"https:\/\/dingogear.si\/hr\/wp-json\/wp\/v2\/product_tag?post=8352"}],"curies":[{"name":"wp","href":"https:\/\/api.w.org\/{rel}","templated":true}]}}