{"id":8354,"date":"2019-02-04T20:48:10","date_gmt":"2020-05-05T20:12:27","guid":{"rendered":"https:\/\/dingogear.si\/?post_type=product&#038;p=8354"},"modified":"2023-01-11T13:26:39","modified_gmt":"2023-01-11T12:26:39","slug":"uze-za-bic","status":"publish","type":"product","link":"https:\/\/dingogear.si\/hr\/uze-za-bic\/","title":{"rendered":"U\u017ee za bi\u010d"},"content":{"rendered":"<p>Sinteti\u010dka \u017euto-crna uzica dodatak je koji koristite kao zamjenu za dotrajalu \u017eicu na postoje\u0107em bi\u010du. Koristi se \u0161tapovima ili bi\u010devima za postizanje specifi\u010dne buke &#8211; hitac koji koriste profesionalni treneri u IPO obuci pasa.<\/p>\n<p>Prednosti i svrha:<br \/>\n&#8211; u pakiranju po 1 kom<br \/>\n&#8211; dostupan u dvije (2) duljine; 50 cm ili 80 cm (odaberite prije dodavanja u ko\u0161aricu)<br \/>\n&#8211; srednja traka izme\u0111u \u0161tapa i tankog (krajnjeg) u\u017eeta &#8220;strijelac&#8221;<br \/>\n&#8211; ima rupe na krajevima: jedan za spajanje \u0161tapa ili bi\u010da, a drugi za spajanje krajnjeg niza &#8220;puca\u010d&#8221;<br \/>\n&#8211; mogu\u0107nost kori\u0161tenja i razmjene u:<br \/>\n<a href=\"https:\/\/dingogear.si\/hr\/proizvod\/palica-za-markiranta-palica-za-markiranje-universal\/\">S02622 univerzalna palica od ko\u017ee<\/a><br \/>\n<a href=\"https:\/\/dingogear.si\/hr\/proizvod\/palica-za-markiranta-palica-za-markiranje-universal\/\">S02623 Univerzalna palica od semi\u0161a<\/a><br \/>\n<a href=\"https:\/\/dingogear.si\/hr\/proizvod\/trening-bic-od-semisa\/\">S02625 bi\u010d sa sinteti\u010dnim u\u017eetom<\/a><br \/>\n<a href=\"https:\/\/dingogear.si\/hr\/proizvod\/trening-bic-od-semisa\/\">S02626 bi\u010d sa u\u017eetom od ko\u017ee<\/a><\/p>\n<p>Parametri: kona\u010dna duljina zajedno s kabelom &#8220;strelca&#8221; &#8211; 84 cm ili 104 cm; \u0161irina &#8211; 0,5 cm; debljina &#8211; 0,3 cm; te\u017eina &#8211; 18 grama<\/p>\n<p>Na tagu \u0107ete prona\u0107i film koji prikazuje kako instalirati uzicu na univerzalnu palicu!<\/p>\n","protected":false},"excerpt":{"rendered":"<p>Sinteti\u010dka \u017euto-crna uzica dodatak je koji koristite kao zamjenu za dotrajalu \u017eicu na postoje\u0107em bi\u010du. Koristi se \u0161tapovima ili bi\u010devima za postizanje specifi\u010dne buke &#8211; hitac koji koriste profesionalni treneri u IPO obuci pasa.<\/p>\n<p>Prednosti i svrha:<br \/>\n&#8211; u pakiranju po 1 kom<br \/>\n&#8211; dostupan u dvije (2) duljine; 50 cm ili 80 cm (odaberite prije dodavanja u ko\u0161aricu)<\/p>\n<p>Kona\u010dna du\u017eina zajedno sa &#8220;popper&#8221; strunom &#8211; 84cm ili 104cm; \u0161irina &#8211; 0,5 cm; debljina &#8211; 0,3 cm; te\u017eina &#8211; 18 grama<\/p>\n","protected":false},"featured_media":11286,"comment_status":"open","ping_status":"closed","template":"","meta":{"_acf_changed":false},"product_brand":[2948],"product_cat":[821,1827,781],"product_tag":[1842,1840],"class_list":{"0":"post-8354","1":"product","2":"type-product","3":"status-publish","4":"has-post-thumbnail","6":"product_brand-dingo-gear","7":"product_cat-trening-obrane","8":"product_cat-bicevi-i-palice","9":"product_cat-oprema-za-markirante","10":"product_tag-bicevi-i-palice","11":"product_tag-uzevi-za-bic","12":"pa_dolzina-bic-vrvice-50cm-hr","13":"pa_dolzina-bic-vrvice-80cm-hr","15":"first","16":"instock","17":"taxable","18":"shipping-taxable","19":"purchasable","20":"product-type-variable"},"acf":[],"_links":{"self":[{"href":"https:\/\/dingogear.si\/hr\/wp-json\/wp\/v2\/product\/8354","targetHints":{"allow":["GET"]}}],"collection":[{"href":"https:\/\/dingogear.si\/hr\/wp-json\/wp\/v2\/product"}],"about":[{"href":"https:\/\/dingogear.si\/hr\/wp-json\/wp\/v2\/types\/product"}],"replies":[{"embeddable":true,"href":"https:\/\/dingogear.si\/hr\/wp-json\/wp\/v2\/comments?post=8354"}],"wp:featuredmedia":[{"embeddable":true,"href":"https:\/\/dingogear.si\/hr\/wp-json\/wp\/v2\/media\/11286"}],"wp:attachment":[{"href":"https:\/\/dingogear.si\/hr\/wp-json\/wp\/v2\/media?parent=8354"}],"wp:term":[{"taxonomy":"product_brand","embeddable":true,"href":"https:\/\/dingogear.si\/hr\/wp-json\/wp\/v2\/product_brand?post=8354"},{"taxonomy":"product_cat","embeddable":true,"href":"https:\/\/dingogear.si\/hr\/wp-json\/wp\/v2\/product_cat?post=8354"},{"taxonomy":"product_tag","embeddable":true,"href":"https:\/\/dingogear.si\/hr\/wp-json\/wp\/v2\/product_tag?post=8354"}],"curies":[{"name":"wp","href":"https:\/\/api.w.org\/{rel}","templated":true}]}}