{"id":8361,"date":"2019-02-04T13:49:44","date_gmt":"2020-05-05T20:35:01","guid":{"rendered":"https:\/\/dingogear.si\/?post_type=product&#038;p=8361"},"modified":"2022-11-21T09:57:46","modified_gmt":"2022-11-21T08:57:46","slug":"kozno-uze-za-bic","status":"publish","type":"product","link":"https:\/\/dingogear.si\/hr\/kozno-uze-za-bic\/","title":{"rendered":"Ko\u017eno u\u017ee za bi\u010d"},"content":{"rendered":"<p>Ko\u017eni konopac dodatak je koji koristite kao zamjenu za istro\u0161eni konopac na postoje\u0107em bi\u010du. Koristi se \u0161tapovima ili bi\u010devima za postizanje specifi\u010dne buke &#8211; hitac koji koriste profesionalni treneri u IPO obuci pasa.<\/p>\n<p>Prednosti i svrha:<br \/>\n&#8211; u pakiranju po 1 kom<br \/>\n&#8211; dostupan u dvije (2) duljine; 50 cm ili 80 cm (odaberite prije dodavanja u ko\u0161aricu)<br \/>\n&#8211; srednja traka izme\u0111u \u0161tapa i tankog (krajnjeg) u\u017eeta &#8220;strijelac&#8221;<br \/>\n&#8211; ko\u017ena uzica ima rupe na rubovima: jedan za spajanje \u0161tapa ili bi\u010da, a drugi za spajanje krajnjeg niza &#8220;strijelac&#8221;<br \/>\n&#8211; mogu\u0107nost kori\u0161tenja i razmjene u:<br \/>\n<a href=\"https:\/\/dingogear.si\/hr\/proizvod\/palica-za-markiranje-markerska-palica-universal-2\/\">S02622 univerzalna palica od ko\u017ee<\/a><br \/>\n<a href=\"https:\/\/dingogear.si\/hr\/proizvod\/palica-za-markiranje-markerska-palica-universal-2\/\">S02623 Univerzalna palica od semi\u0161a<\/a><br \/>\n<a href=\"https:\/\/dingogear.si\/hr\/proizvod\/trening-bic-iz-semisa-2\/\">S02625 bi\u010d sa sinteti\u010dnim u\u017eetom<\/a><br \/>\n<a href=\"https:\/\/dingogear.si\/hr\/proizvod\/trening-bic-iz-semisa-2\/\">S02626 bi\u010d sa u\u017eetom od ko\u017ee<\/a><\/p>\n<p>Parametri: kona\u010dna duljina zajedno s kabelom &#8220;strelca&#8221; &#8211; 84 cm ili 104 cm; \u0161irina &#8211; 0,5 cm; debljina &#8211; 0,3 cm; te\u017eina &#8211; 18 grama<\/p>\n<p>Na tagu \u0107ete prona\u0107i film koji prikazuje kako instalirati uzicu na univerzalnu palicu!<\/p>\n","protected":false},"excerpt":{"rendered":"<p>Ko\u017eni konopac dodatak je koji koristite kao zamjenu za istro\u0161eni konopac na postoje\u0107em bi\u010du. Koristi se \u0161tapovima ili bi\u010devima za postizanje specifi\u010dne buke &#8211; hitac koji koriste profesionalni treneri u IPO obuci pasa.<\/p>\n<p>Prednosti i svrha:<br \/>\n&#8211; u pakiranju po 1 kom<br \/>\n&#8211; dostupan u dvije (2) duljine; 50 cm ili 80 cm (odaberite prije dodavanja u ko\u0161aricu)<\/p>\n","protected":false},"featured_media":11287,"comment_status":"open","ping_status":"closed","template":"","meta":{"_acf_changed":false},"product_brand":[2948],"product_cat":[1827,781,821],"product_tag":[1842,1840],"class_list":{"0":"post-8361","1":"product","2":"type-product","3":"status-publish","4":"has-post-thumbnail","6":"product_brand-dingo-gear","7":"product_cat-bicevi-i-palice","8":"product_cat-oprema-za-markirante","9":"product_cat-trening-obrane","10":"product_tag-bicevi-i-palice","11":"product_tag-uzevi-za-bic","12":"pa_dolzina-bic-vrvice-50cm-hr","13":"pa_dolzina-bic-vrvice-80cm-hr","15":"first","16":"instock","17":"taxable","18":"shipping-taxable","19":"purchasable","20":"product-type-variable"},"acf":[],"_links":{"self":[{"href":"https:\/\/dingogear.si\/hr\/wp-json\/wp\/v2\/product\/8361","targetHints":{"allow":["GET"]}}],"collection":[{"href":"https:\/\/dingogear.si\/hr\/wp-json\/wp\/v2\/product"}],"about":[{"href":"https:\/\/dingogear.si\/hr\/wp-json\/wp\/v2\/types\/product"}],"replies":[{"embeddable":true,"href":"https:\/\/dingogear.si\/hr\/wp-json\/wp\/v2\/comments?post=8361"}],"wp:featuredmedia":[{"embeddable":true,"href":"https:\/\/dingogear.si\/hr\/wp-json\/wp\/v2\/media\/11287"}],"wp:attachment":[{"href":"https:\/\/dingogear.si\/hr\/wp-json\/wp\/v2\/media?parent=8361"}],"wp:term":[{"taxonomy":"product_brand","embeddable":true,"href":"https:\/\/dingogear.si\/hr\/wp-json\/wp\/v2\/product_brand?post=8361"},{"taxonomy":"product_cat","embeddable":true,"href":"https:\/\/dingogear.si\/hr\/wp-json\/wp\/v2\/product_cat?post=8361"},{"taxonomy":"product_tag","embeddable":true,"href":"https:\/\/dingogear.si\/hr\/wp-json\/wp\/v2\/product_tag?post=8361"}],"curies":[{"name":"wp","href":"https:\/\/api.w.org\/{rel}","templated":true}]}}