{"id":8364,"date":"2019-02-04T13:07:35","date_gmt":"2019-02-04T12:07:35","guid":{"rendered":"https:\/\/dingogear.si\/?post_type=product&#038;p=8364"},"modified":"2025-09-09T11:57:49","modified_gmt":"2025-09-09T09:57:49","slug":"trening-bic-od-semisa","status":"publish","type":"product","link":"https:\/\/dingogear.si\/hr\/trening-bic-od-semisa\/","title":{"rendered":"Trening bi\u010d od semi\u0161a"},"content":{"rendered":"<p>Bi\u010d \u0161tapi\u0107 i vezica od antilopa ukupne duljine 130 cm. Opona\u0161a zvuk hitaca. Preporu\u010duju ga profesionalni treneri za obuku sa radnim psima. Ru\u010dno izra\u0111eno s velikom pa\u017enjom kako bi se osiguralo pravilno kori\u0161tenje tijekom treninga.<\/p>\n<p>Karakteristike bi\u010da:<\/p>\n<p>&#8211; ko\u017ea<br \/>\n&#8211; crna boja<br \/>\n&#8211; \u0161tap za bi\u010d i uzica od ko\u017ee ili sintetike (odaberite prilikom dodavanja u ko\u0161aricu)<br \/>\n&#8211; fleksibilan<br \/>\n&#8211; otporan<br \/>\n&#8211; dodatni remen koji dr\u017ei \u0161tap na zape\u0161\u0107u<br \/>\n&#8211; opona\u0161a zvuk munje<br \/>\n&#8211; dodaci:<br \/>\nS02502 uzice za bi\u010d &#8211; 3 kom u setu<br \/>\nS02630 tip bi\u010da &#8211; ko\u017ena struna pakiranje 1 kom<br \/>\nS02501 tip bi\u010da &#8211; struna sinteti\u010dka pakiranje 1 kom<br \/>\n&#8211; parametri: duljina &#8211; 130 cm; \u0161irina &#8211; 2,0 cm; debljina &#8211; 0,8 cm; te\u017eina &#8211; 109 grama<\/p>\n<p>Svrha bi\u010da:<\/p>\n<p>&#8211; dresura pasa<\/p>\n","protected":false},"excerpt":{"rendered":"<p>Bi\u010d \u0161tapi\u0107 i vezica od antilopa ukupne duljine 130 cm. Opona\u0161a zvuk hitaca. Preporu\u010duju ga profesionalni treneri za obuku sa radnim psima. Ru\u010dno izra\u0111eno s velikom pa\u017enjom kako bi se osiguralo pravilno kori\u0161tenje tijekom treninga.<\/p>\n","protected":false},"featured_media":10833,"comment_status":"open","ping_status":"closed","template":"","meta":{"_acf_changed":false},"product_brand":[2948],"product_cat":[1827,781,821],"product_tag":[1842,1848],"class_list":{"0":"post-8364","1":"product","2":"type-product","3":"status-publish","4":"has-post-thumbnail","6":"product_brand-dingo-gear","7":"product_cat-bicevi-i-palice","8":"product_cat-oprema-za-markirante","9":"product_cat-trening-obrane","10":"product_tag-bicevi-i-palice","11":"product_tag-palica-za-markiranta","12":"pa_material-bica-semis-palica-sa-koznim-uzetom","13":"pa_material-bica-semis-palica-sa-sinteticnim-uzetom","15":"first","16":"instock","17":"taxable","18":"shipping-taxable","19":"purchasable","20":"product-type-variable"},"acf":[],"_links":{"self":[{"href":"https:\/\/dingogear.si\/hr\/wp-json\/wp\/v2\/product\/8364","targetHints":{"allow":["GET"]}}],"collection":[{"href":"https:\/\/dingogear.si\/hr\/wp-json\/wp\/v2\/product"}],"about":[{"href":"https:\/\/dingogear.si\/hr\/wp-json\/wp\/v2\/types\/product"}],"replies":[{"embeddable":true,"href":"https:\/\/dingogear.si\/hr\/wp-json\/wp\/v2\/comments?post=8364"}],"wp:featuredmedia":[{"embeddable":true,"href":"https:\/\/dingogear.si\/hr\/wp-json\/wp\/v2\/media\/10833"}],"wp:attachment":[{"href":"https:\/\/dingogear.si\/hr\/wp-json\/wp\/v2\/media?parent=8364"}],"wp:term":[{"taxonomy":"product_brand","embeddable":true,"href":"https:\/\/dingogear.si\/hr\/wp-json\/wp\/v2\/product_brand?post=8364"},{"taxonomy":"product_cat","embeddable":true,"href":"https:\/\/dingogear.si\/hr\/wp-json\/wp\/v2\/product_cat?post=8364"},{"taxonomy":"product_tag","embeddable":true,"href":"https:\/\/dingogear.si\/hr\/wp-json\/wp\/v2\/product_tag?post=8364"}],"curies":[{"name":"wp","href":"https:\/\/api.w.org\/{rel}","templated":true}]}}