{"id":8371,"date":"2019-02-04T12:28:57","date_gmt":"2019-02-04T11:28:57","guid":{"rendered":"https:\/\/dingogear.si\/?post_type=product&#038;p=8371"},"modified":"2025-09-09T11:51:08","modified_gmt":"2025-09-09T09:51:08","slug":"palica-za-markiranta-palica-za-markiranje-standard","status":"publish","type":"product","link":"https:\/\/dingogear.si\/hr\/palica-za-markiranta-palica-za-markiranje-standard\/","title":{"rendered":"Palica za markiranta &#8211; palica za markiranje STANDARD"},"content":{"rendered":"<p>Palica od ko\u017ee duljine 60 cm. Zbog materijala je vrlo izdr\u017eljiv i savr\u0161eno pristaje va\u0161oj ruci. Treneri ga koriste za IPO obuku. Izra\u0111en ru\u010dno s puno brige koju trebate osigurati za pravilnu upotrebu tijekom rada sa psom.<\/p>\n<p>Dostupno u presvlaci od ko\u017ee ili semi\u0161a.<br \/>\nZna\u010dajke \u0161tapa:<\/p>\n<p>&#8211; ko\u017ea ili semi\u0161 (odaberite prije dodavanja u ko\u0161aricu)<br \/>\n&#8211; crna boja<br \/>\n&#8211; izdr\u017eljiva<br \/>\n&#8211; prilagodljiva<br \/>\n&#8211; dodatni remen koji dr\u017ei \u0161tap na zape\u0161\u0107u<br \/>\n&#8211; parametri: duljina &#8211; 60 cm; \u0161irina &#8211; 3,3 cm; debljina &#8211; 3,0 cm; te\u017eina &#8211; 194 grama<\/p>\n<p>Svrha palice:<\/p>\n<p>&#8211; dresura pasa<br \/>\n&#8211; u\u010denje pravilnog napada i obrane<\/p>\n","protected":false},"excerpt":{"rendered":"<p>Palica od ko\u017ee duljine 60 cm. Zbog materijala je vrlo izdr\u017eljiv i savr\u0161eno pristaje va\u0161oj ruci. Treneri ga koriste za IPO obuku. Izra\u0111en ru\u010dno s puno brige koju trebate osigurati za pravilnu upotrebu tijekom rada sa psom.<\/p>\n<p>Dostupno u presvlaci od ko\u017ee ili antilopa.<\/p>\n","protected":false},"featured_media":10846,"comment_status":"open","ping_status":"closed","template":"","meta":{"_acf_changed":false},"product_brand":[2948],"product_cat":[1827,781,821],"product_tag":[1842,1848],"class_list":{"0":"post-8371","1":"product","2":"type-product","3":"status-publish","4":"has-post-thumbnail","6":"product_brand-dingo-gear","7":"product_cat-bicevi-i-palice","8":"product_cat-oprema-za-markirante","9":"product_cat-trening-obrane","10":"product_tag-bicevi-i-palice","11":"product_tag-palica-za-markiranta","12":"pa_material-markerske-palice-koza","13":"pa_material-markerske-palice-semis-hr","15":"first","16":"instock","17":"taxable","18":"shipping-taxable","19":"purchasable","20":"product-type-variable"},"acf":[],"_links":{"self":[{"href":"https:\/\/dingogear.si\/hr\/wp-json\/wp\/v2\/product\/8371","targetHints":{"allow":["GET"]}}],"collection":[{"href":"https:\/\/dingogear.si\/hr\/wp-json\/wp\/v2\/product"}],"about":[{"href":"https:\/\/dingogear.si\/hr\/wp-json\/wp\/v2\/types\/product"}],"replies":[{"embeddable":true,"href":"https:\/\/dingogear.si\/hr\/wp-json\/wp\/v2\/comments?post=8371"}],"wp:featuredmedia":[{"embeddable":true,"href":"https:\/\/dingogear.si\/hr\/wp-json\/wp\/v2\/media\/10846"}],"wp:attachment":[{"href":"https:\/\/dingogear.si\/hr\/wp-json\/wp\/v2\/media?parent=8371"}],"wp:term":[{"taxonomy":"product_brand","embeddable":true,"href":"https:\/\/dingogear.si\/hr\/wp-json\/wp\/v2\/product_brand?post=8371"},{"taxonomy":"product_cat","embeddable":true,"href":"https:\/\/dingogear.si\/hr\/wp-json\/wp\/v2\/product_cat?post=8371"},{"taxonomy":"product_tag","embeddable":true,"href":"https:\/\/dingogear.si\/hr\/wp-json\/wp\/v2\/product_tag?post=8371"}],"curies":[{"name":"wp","href":"https:\/\/api.w.org\/{rel}","templated":true}]}}