{"id":8377,"date":"2020-02-28T20:35:25","date_gmt":"2020-05-05T20:59:20","guid":{"rendered":"https:\/\/dingogear.si\/?post_type=product&#038;p=8377"},"modified":"2022-11-21T11:02:54","modified_gmt":"2022-11-21T10:02:54","slug":"zastita-za-ruku-neopren","status":"publish","type":"product","link":"https:\/\/dingogear.si\/hr\/zastita-za-ruku-neopren\/","title":{"rendered":"Za\u0161tita za ruku NEOPREN"},"content":{"rendered":"<p><a href=\"https:\/\/dingogear.si\/wp-content\/uploads\/2020\/02\/S02010-neopren_vel.jpg\"><img decoding=\"async\" class=\"aligncenter size-full wp-image-11252\" src=\"https:\/\/dingogear.si\/wp-content\/uploads\/2020\/02\/S02010-neopren_vel.jpg\" alt=\"\" width=\"1024\" height=\"507\" title=\"\" srcset=\"https:\/\/dingogear.si\/wp-content\/uploads\/2020\/02\/S02010-neopren_vel.jpg 1024w, https:\/\/dingogear.si\/wp-content\/uploads\/2020\/02\/S02010-neopren_vel-300x149.jpg 300w, https:\/\/dingogear.si\/wp-content\/uploads\/2020\/02\/S02010-neopren_vel-768x380.jpg 768w, https:\/\/dingogear.si\/wp-content\/uploads\/2020\/02\/S02010-neopren_vel-500x248.jpg 500w, https:\/\/dingogear.si\/wp-content\/uploads\/2020\/02\/S02010-neopren_vel-700x347.jpg 700w\" sizes=\"(max-width: 1024px) 100vw, 1024px\" \/><\/a><\/p>\n","protected":false},"excerpt":{"rendered":"<p>Profesionalna za\u0161tita ruku DINGO GEAR za pomo\u0107nike izra\u0111ena je od NEOPRENA debljine 5 mm. Materijal se prilago\u0111ava va\u0161oj ruci, omogu\u0107uju\u0107i vam da raspr\u0161ite snagu psa tijekom napada.<\/p>\n<p>Neopren &#8211; trgova\u010dki naziv sinteti\u010dke gume (od 1931. pripada ameri\u010dkoj kemijskoj tvrtki DuPont), koji je rastezljiv materijal koji se prilago\u0111ava obliku predmeta. \u0160titi od mehani\u010dkih o\u0161te\u0107enja i pru\u017ea toplinsku za\u0161titu koja ograni\u010dava \u0161tetne u\u010dinke visokih i niskih temperatura. Odgovara desnoj ili lijevoj ruci. Ru\u010dno smo ga izradili s velikom precizno\u0161\u0107u pa se mo\u017ee koristiti godinama.<\/p>\n<p>Zna\u010dajke:<\/p>\n<p>&#8211; kori\u0161teni materijal &#8211; NEOPREN<br \/>\n&#8211; crna<br \/>\n&#8211; odgovara desnoj i lijevoj ruci<br \/>\n&#8211; sve zavr\u0161ne obrade imaju dvostruke \u0161avove, \u0161to osigurava trajnost uporabe<\/p>\n","protected":false},"featured_media":19241,"comment_status":"open","ping_status":"closed","template":"","meta":{"_acf_changed":false},"product_brand":[2948],"product_cat":[781,797,821],"product_tag":[1240,1234,1856],"class_list":{"0":"post-8377","1":"product","2":"type-product","3":"status-publish","4":"has-post-thumbnail","6":"product_brand-dingo-gear","7":"product_cat-oprema-za-markirante","8":"product_cat-scitnici","9":"product_cat-trening-obrane","10":"product_tag-obrana","11":"product_tag-scitnici","12":"product_tag-zastita-ruku","13":"pa_material-scitnika-za-roke-neopren-hr","14":"pa_posebnost-scitnika-za-roke-koristenje-ispod-odjela","15":"pa_posebnost-scitnika-za-roke-koristenje-ispod-rukava","16":"pa_posebnost-scitnika-za-roke-univerzalan-za-lijevu-ili-desnu-ruku","18":"first","19":"instock","20":"taxable","21":"shipping-taxable","22":"purchasable","23":"product-type-variable"},"acf":[],"_links":{"self":[{"href":"https:\/\/dingogear.si\/hr\/wp-json\/wp\/v2\/product\/8377","targetHints":{"allow":["GET"]}}],"collection":[{"href":"https:\/\/dingogear.si\/hr\/wp-json\/wp\/v2\/product"}],"about":[{"href":"https:\/\/dingogear.si\/hr\/wp-json\/wp\/v2\/types\/product"}],"replies":[{"embeddable":true,"href":"https:\/\/dingogear.si\/hr\/wp-json\/wp\/v2\/comments?post=8377"}],"wp:featuredmedia":[{"embeddable":true,"href":"https:\/\/dingogear.si\/hr\/wp-json\/wp\/v2\/media\/19241"}],"wp:attachment":[{"href":"https:\/\/dingogear.si\/hr\/wp-json\/wp\/v2\/media?parent=8377"}],"wp:term":[{"taxonomy":"product_brand","embeddable":true,"href":"https:\/\/dingogear.si\/hr\/wp-json\/wp\/v2\/product_brand?post=8377"},{"taxonomy":"product_cat","embeddable":true,"href":"https:\/\/dingogear.si\/hr\/wp-json\/wp\/v2\/product_cat?post=8377"},{"taxonomy":"product_tag","embeddable":true,"href":"https:\/\/dingogear.si\/hr\/wp-json\/wp\/v2\/product_tag?post=8377"}],"curies":[{"name":"wp","href":"https:\/\/api.w.org\/{rel}","templated":true}]}}