{"id":8378,"date":"2020-02-28T20:20:10","date_gmt":"2020-05-05T21:01:29","guid":{"rendered":"https:\/\/dingogear.si\/?post_type=product&#038;p=8378"},"modified":"2021-07-29T12:31:59","modified_gmt":"2021-07-29T10:31:59","slug":"zastita-za-podlakticu-aramid","status":"publish","type":"product","link":"https:\/\/dingogear.si\/hr\/zastita-za-podlakticu-aramid\/","title":{"rendered":"Za\u0161tita za podlakticu ARAMID"},"content":{"rendered":"<p><a href=\"https:\/\/dingogear.si\/wp-content\/uploads\/2020\/02\/S02011-S02012_vel.jpg\"><img decoding=\"async\" class=\"aligncenter size-full wp-image-11255\" src=\"https:\/\/dingogear.si\/wp-content\/uploads\/2020\/02\/S02011-S02012_vel.jpg\" alt=\"\" width=\"1114\" height=\"502\" title=\"\" srcset=\"https:\/\/dingogear.si\/wp-content\/uploads\/2020\/02\/S02011-S02012_vel.jpg 1114w, https:\/\/dingogear.si\/wp-content\/uploads\/2020\/02\/S02011-S02012_vel-300x135.jpg 300w, https:\/\/dingogear.si\/wp-content\/uploads\/2020\/02\/S02011-S02012_vel-1024x461.jpg 1024w, https:\/\/dingogear.si\/wp-content\/uploads\/2020\/02\/S02011-S02012_vel-768x346.jpg 768w, https:\/\/dingogear.si\/wp-content\/uploads\/2020\/02\/S02011-S02012_vel-500x225.jpg 500w, https:\/\/dingogear.si\/wp-content\/uploads\/2020\/02\/S02011-S02012_vel-700x315.jpg 700w\" sizes=\"(max-width: 1114px) 100vw, 1114px\" \/><\/a><\/p>\n","protected":false},"excerpt":{"rendered":"<p>Profesionalna za\u0161tita podlaktice DINGO GEAR izra\u0111ena od ko\u017ee oja\u010dane aramidom, pri\u010dvr\u0161\u0107ena \u010dvrstom \u010di\u010dak trakom. Nu\u017ean izbor &#8211; za lijevu ili desnu ruku!<\/p>\n","protected":false},"featured_media":11253,"comment_status":"open","ping_status":"closed","template":"","meta":{"_acf_changed":false},"product_brand":[2948],"product_cat":[781,797,821],"product_tag":[1240,1234,1856],"class_list":{"0":"post-8378","1":"product","2":"type-product","3":"status-publish","4":"has-post-thumbnail","6":"product_brand-dingo-gear","7":"product_cat-oprema-za-markirante","8":"product_cat-scitnici","9":"product_cat-trening-obrane","10":"product_tag-obrana","11":"product_tag-scitnici","12":"product_tag-zastita-ruku","13":"pa_material-scitnika-za-roke-aramid-hr","14":"pa_material-scitnika-za-roke-koza","15":"pa_posebnost-scitnika-za-roke-koristenje-ispod-odjela","16":"pa_posebnost-scitnika-za-roke-za-desnu-ruku","17":"pa_posebnost-scitnika-za-roke-za-lijevu-ruku","19":"first","20":"instock","21":"taxable","22":"shipping-taxable","23":"purchasable","24":"product-type-variable"},"acf":[],"_links":{"self":[{"href":"https:\/\/dingogear.si\/hr\/wp-json\/wp\/v2\/product\/8378","targetHints":{"allow":["GET"]}}],"collection":[{"href":"https:\/\/dingogear.si\/hr\/wp-json\/wp\/v2\/product"}],"about":[{"href":"https:\/\/dingogear.si\/hr\/wp-json\/wp\/v2\/types\/product"}],"replies":[{"embeddable":true,"href":"https:\/\/dingogear.si\/hr\/wp-json\/wp\/v2\/comments?post=8378"}],"wp:featuredmedia":[{"embeddable":true,"href":"https:\/\/dingogear.si\/hr\/wp-json\/wp\/v2\/media\/11253"}],"wp:attachment":[{"href":"https:\/\/dingogear.si\/hr\/wp-json\/wp\/v2\/media?parent=8378"}],"wp:term":[{"taxonomy":"product_brand","embeddable":true,"href":"https:\/\/dingogear.si\/hr\/wp-json\/wp\/v2\/product_brand?post=8378"},{"taxonomy":"product_cat","embeddable":true,"href":"https:\/\/dingogear.si\/hr\/wp-json\/wp\/v2\/product_cat?post=8378"},{"taxonomy":"product_tag","embeddable":true,"href":"https:\/\/dingogear.si\/hr\/wp-json\/wp\/v2\/product_tag?post=8378"}],"curies":[{"name":"wp","href":"https:\/\/api.w.org\/{rel}","templated":true}]}}