{"id":8382,"date":"2020-04-27T14:05:44","date_gmt":"2020-05-05T21:11:11","guid":{"rendered":"https:\/\/dingogear.si\/?post_type=product&#038;p=8382"},"modified":"2022-08-19T11:34:40","modified_gmt":"2022-08-19T09:34:40","slug":"stitnik-za-noge-juta-medium","status":"publish","type":"product","link":"https:\/\/dingogear.si\/hr\/stitnik-za-noge-juta-medium\/","title":{"rendered":"\u0160titnik za noge JUTA MEDIUM"},"content":{"rendered":"<p><a href=\"https:\/\/dingogear.si\/wp-content\/uploads\/2020\/04\/juta_zascita-nog.jpg\"><img decoding=\"async\" class=\"aligncenter size-full wp-image-11209\" src=\"https:\/\/dingogear.si\/wp-content\/uploads\/2020\/04\/juta_zascita-nog.jpg\" alt=\"\" width=\"971\" height=\"721\" title=\"\" srcset=\"https:\/\/dingogear.si\/wp-content\/uploads\/2020\/04\/juta_zascita-nog.jpg 971w, https:\/\/dingogear.si\/wp-content\/uploads\/2020\/04\/juta_zascita-nog-300x223.jpg 300w, https:\/\/dingogear.si\/wp-content\/uploads\/2020\/04\/juta_zascita-nog-768x570.jpg 768w, https:\/\/dingogear.si\/wp-content\/uploads\/2020\/04\/juta_zascita-nog-500x371.jpg 500w, https:\/\/dingogear.si\/wp-content\/uploads\/2020\/04\/juta_zascita-nog-700x520.jpg 700w\" sizes=\"(max-width: 971px) 100vw, 971px\" \/><\/a><\/p>\n","protected":false},"excerpt":{"rendered":"<p>DINGOGEAR profesionalni \u0161titnik za noge izra\u0111en od JUTA materijala. Du\u017ea verzija MEDIUM koja \u0161titi podru\u010dje koljena i podru\u010dje bedra iznad koljena. Super izdr\u017eljiv! Dostupno i u RING materijalu <a href=\"https:\/\/dingogear.si\/izdelek\/scitnik-za-noge-medium\/\">\u0160titnik za noge RING MEDIUM<\/a><\/p>\n<p>Testirano i odobreno od strane profesionalnih trenera. Pouzdana kvaliteta i izvrsnost izvedbe omogu\u0107uju 100% zadovoljstvo korisnika.<\/p>\n<p>Ru\u010dno izra\u0111eni od strane stru\u010dnjaka za profesionalce!<\/p>\n<p>Posebne zna\u010dajke:<\/p>\n<ul>\n<li>ergonomski model<\/li>\n<li>robusni materijal od jute osigurava dug vijek trajanja.<\/li>\n<li>odgovaraju\u0107a srednja tvrdo\u0107a (MEDIUM)<\/li>\n<li>materijal koji poti\u010de psa na ugriz<\/li>\n<li>\u010dvrst zahvat<\/li>\n<li>profilirani prikladno \u010dvrsti jastuci<\/li>\n<li>bez metala i plastike<\/li>\n<li>Velcro zatvara\u010di omogu\u0107uju brzo uklanjanje i nagra\u0111ivanje psa<\/li>\n<li>materijali kori\u0161teni u konstrukciji upijaju udarce psa u nogu<\/li>\n<li>odgovaraju\u0107e unutarnje poja\u010danje i podstava<\/li>\n<li>remen za dr\u017eanje za lak\u0161e no\u0161enje \u0161tita<\/li>\n<\/ul>\n<p>Parametri: te\u017eina &#8211; 2,5 kg, duljina 68 cm, \u0161irina 30 cm, debljina 13 cm<\/p>\n<p>Zajam\u010dena sigurnost psa i pomaga\u010da!<\/p>\n<p>&nbsp;<\/p>\n","protected":false},"featured_media":11211,"comment_status":"open","ping_status":"closed","template":"","meta":{"_acf_changed":false},"product_brand":[2948],"product_cat":[821,781,799],"product_tag":[1240,1234,767],"class_list":{"0":"post-8382","1":"product","2":"type-product","3":"status-publish","4":"has-post-thumbnail","6":"product_brand-dingo-gear","7":"product_cat-trening-obrane","8":"product_cat-oprema-za-markirante","9":"product_cat-scitnici-za-noge","10":"product_tag-obrana","11":"product_tag-scitnici","12":"product_tag-zastita-noge","13":"pa_barva-scitnika-za-noge-boja-jute","14":"pa_dolzina-scitnika-za-noge-zastita-do-iznad-koljena-stegno-i-meca","15":"pa_material-scitnika-za-noge-juta-hr","16":"pa_posebnost-scitnika-za-noge-univerzalan-za-desnu-ili-lijevu-nogu","18":"first","19":"instock","20":"taxable","21":"shipping-taxable","22":"purchasable","23":"product-type-simple"},"acf":[],"_links":{"self":[{"href":"https:\/\/dingogear.si\/hr\/wp-json\/wp\/v2\/product\/8382","targetHints":{"allow":["GET"]}}],"collection":[{"href":"https:\/\/dingogear.si\/hr\/wp-json\/wp\/v2\/product"}],"about":[{"href":"https:\/\/dingogear.si\/hr\/wp-json\/wp\/v2\/types\/product"}],"replies":[{"embeddable":true,"href":"https:\/\/dingogear.si\/hr\/wp-json\/wp\/v2\/comments?post=8382"}],"wp:featuredmedia":[{"embeddable":true,"href":"https:\/\/dingogear.si\/hr\/wp-json\/wp\/v2\/media\/11211"}],"wp:attachment":[{"href":"https:\/\/dingogear.si\/hr\/wp-json\/wp\/v2\/media?parent=8382"}],"wp:term":[{"taxonomy":"product_brand","embeddable":true,"href":"https:\/\/dingogear.si\/hr\/wp-json\/wp\/v2\/product_brand?post=8382"},{"taxonomy":"product_cat","embeddable":true,"href":"https:\/\/dingogear.si\/hr\/wp-json\/wp\/v2\/product_cat?post=8382"},{"taxonomy":"product_tag","embeddable":true,"href":"https:\/\/dingogear.si\/hr\/wp-json\/wp\/v2\/product_tag?post=8382"}],"curies":[{"name":"wp","href":"https:\/\/api.w.org\/{rel}","templated":true}]}}