{"id":8407,"date":"2020-03-02T10:55:25","date_gmt":"2020-03-02T09:55:25","guid":{"rendered":"https:\/\/dingogear.si\/?post_type=product&#038;p=8407"},"modified":"2023-04-25T16:33:04","modified_gmt":"2023-04-25T14:33:04","slug":"zastitni-rukav-dexter","status":"publish","type":"product","link":"https:\/\/dingogear.si\/hr\/zastitni-rukav-dexter\/","title":{"rendered":"Za\u0161titni rukav DEXTER"},"content":{"rendered":"","protected":false},"excerpt":{"rendered":"<p>DINGO GEAR professional SHORT za\u0161titni rukav od jute.<\/p>\n<p>Posebne zna\u010dajke:<\/p>\n<ul>\n<li>ergonomski model<\/li>\n<li>izra\u0111ena od visokokvalitetne jute<\/li>\n<li>\u010dvrst zahvat<\/li>\n<li>profilirani prikladno \u010dvrsti jastuci<\/li>\n<li>bez metala i plastike<\/li>\n<li>oja\u010dana polipropilenom, \u0161to osigurava trajnost uporabe<\/li>\n<li>odgovaraju\u0107e unutarnje poja\u010danje i podstava rukava<\/li>\n<\/ul>\n<p>Parametri:<\/p>\n<ol>\n<li>juta: te\u017eina &#8211; 1,6 kg, du\u017eina 58 cm, dubina 25 cm, visina 15 cm<\/li>\n<\/ol>\n<p>Svrha rukava je uvje\u017ebati psa za pravilan ugriz i hvat te pobolj\u0161ati ugriz do savr\u0161enstva! Zajam\u010dena sigurnost psa i pomaga\u010da!<\/p>\n<p>Namjenska upotreba rukava za obuku:<\/p>\n<p>&#8211; u\u010denje ugriza<br \/>\n&#8211; uvje\u017ebavanje pravilnog hvatanja psa<br \/>\n&#8211; Pobolj\u0161anje punog dr\u017eanja psa<br \/>\n&#8211; IGP usposobljavanje<br \/>\n&#8211; K9 trening<\/p>\n","protected":false},"featured_media":11230,"comment_status":"open","ping_status":"closed","template":"","meta":{"_acf_changed":false},"product_brand":[2948],"product_cat":[781,821,787],"product_tag":[1240,777],"class_list":{"0":"post-8407","1":"product","2":"type-product","3":"status-publish","4":"has-post-thumbnail","6":"product_brand-dingo-gear","7":"product_cat-oprema-za-markirante","8":"product_cat-trening-obrane","9":"product_cat-zastitni-rukavi-i-navlake","10":"product_tag-obrana","11":"product_tag-rukavi","12":"pa_barva-zascitnega-rokava-boja-jute","13":"pa_levi-ali-desni-rokav-univerzalan","14":"pa_material-rokava-juta-hr","15":"pa_vrsta-rokava-otvoreni","16":"pa_vrsta-rokava-vanjski-iznad-odjela","18":"first","19":"instock","20":"taxable","21":"shipping-taxable","22":"purchasable","23":"product-type-simple"},"acf":[],"_links":{"self":[{"href":"https:\/\/dingogear.si\/hr\/wp-json\/wp\/v2\/product\/8407","targetHints":{"allow":["GET"]}}],"collection":[{"href":"https:\/\/dingogear.si\/hr\/wp-json\/wp\/v2\/product"}],"about":[{"href":"https:\/\/dingogear.si\/hr\/wp-json\/wp\/v2\/types\/product"}],"replies":[{"embeddable":true,"href":"https:\/\/dingogear.si\/hr\/wp-json\/wp\/v2\/comments?post=8407"}],"wp:featuredmedia":[{"embeddable":true,"href":"https:\/\/dingogear.si\/hr\/wp-json\/wp\/v2\/media\/11230"}],"wp:attachment":[{"href":"https:\/\/dingogear.si\/hr\/wp-json\/wp\/v2\/media?parent=8407"}],"wp:term":[{"taxonomy":"product_brand","embeddable":true,"href":"https:\/\/dingogear.si\/hr\/wp-json\/wp\/v2\/product_brand?post=8407"},{"taxonomy":"product_cat","embeddable":true,"href":"https:\/\/dingogear.si\/hr\/wp-json\/wp\/v2\/product_cat?post=8407"},{"taxonomy":"product_tag","embeddable":true,"href":"https:\/\/dingogear.si\/hr\/wp-json\/wp\/v2\/product_tag?post=8407"}],"curies":[{"name":"wp","href":"https:\/\/api.w.org\/{rel}","templated":true}]}}