{"id":8408,"date":"2020-03-02T11:19:05","date_gmt":"2020-03-02T10:19:05","guid":{"rendered":"https:\/\/dingogear.si\/?post_type=product&#038;p=8408"},"modified":"2023-04-25T16:32:47","modified_gmt":"2023-04-25T14:32:47","slug":"zastitni-rukav-victor-regulacija-tvrdoce","status":"publish","type":"product","link":"https:\/\/dingogear.si\/hr\/zastitni-rukav-victor-regulacija-tvrdoce\/","title":{"rendered":"Za\u0161titni rukav VICTOR \u2013 regulacija tvrdo\u010de"},"content":{"rendered":"<p><a href=\"https:\/\/dingogear.si\/wp-content\/uploads\/2020\/03\/DG-S00558-VICTOR_vel.jpg\"><img decoding=\"async\" class=\"aligncenter size-full wp-image-7977\" src=\"https:\/\/dingogear.si\/wp-content\/uploads\/2020\/03\/DG-S00558-VICTOR_vel.jpg\" alt=\"\" width=\"979\" height=\"753\" title=\"\" srcset=\"https:\/\/dingogear.si\/wp-content\/uploads\/2020\/03\/DG-S00558-VICTOR_vel.jpg 979w, https:\/\/dingogear.si\/wp-content\/uploads\/2020\/03\/DG-S00558-VICTOR_vel-300x231.jpg 300w, https:\/\/dingogear.si\/wp-content\/uploads\/2020\/03\/DG-S00558-VICTOR_vel-768x591.jpg 768w, https:\/\/dingogear.si\/wp-content\/uploads\/2020\/03\/DG-S00558-VICTOR_vel-500x385.jpg 500w, https:\/\/dingogear.si\/wp-content\/uploads\/2020\/03\/DG-S00558-VICTOR_vel-700x538.jpg 700w\" sizes=\"(max-width: 979px) 100vw, 979px\" \/><\/a><\/p>\n","protected":false},"excerpt":{"rendered":"<p>Profesionalni za\u0161titni rukav DINGO GEAR od jute pogodan za sve uzraste psa, od mladog do odraslog psa. <strong>Tvrdo\u0107a rukava (ugrizna plo\u010da) mo\u017ee se podesiti uklonjivim umetcima.<\/strong><\/p>\n<p>Rukav ima mogu\u0107nost zamjenjive JUTA navlake &#8211; odgovara samo navlaka <a href=\"https:\/\/dingogear.si\/izdelek\/zascitna-prevleka-za-rokava-ralf-in-victor\/\">S00617<\/a>.<\/p>\n<p>Posebne zna\u010dajke:<\/p>\n<ul>\n<li>ergonomski model<\/li>\n<li>izra\u0111ena od visokokvalitetne jute<\/li>\n<li>2 ru\u010dke<\/li>\n<li>\u010dvrst zahvat<\/li>\n<li>kontrola tvrdo\u0107e rukava (zagriz) sa uklonjivim umetcima<\/li>\n<li>bez metala i plastike<\/li>\n<li>oja\u010dana polipropilenom, \u0161to osigurava trajnost uporabe<\/li>\n<li>odgovaraju\u0107e unutarnje poja\u010danje i podstava rukava<\/li>\n<\/ul>\n<p>Parametri:<\/p>\n<p>Juta: te\u017eina &#8211; 2,2 kg, du\u017eina 49 cm, dubina 25 cm, visina 17 cm<\/p>\n<p>Svrha rukava je uvje\u017ebati psa za pravilan ugriz i hvat te pobolj\u0161ati ugriz do savr\u0161enstva! Zajam\u010dena sigurnost psa i pomaga\u010da!<\/p>\n<p>Namjenska upotreba rukava za obuku:<\/p>\n<p>&#8211; u\u010denje ugriza<br \/>\n&#8211; uvje\u017ebavanje pravilnog hvatanja psa<br \/>\n&#8211; Pobolj\u0161anje punog dr\u017eanja psa<br \/>\n&#8211; IGP usposobljavanje<br \/>\n&#8211; K9 trening<\/p>\n","protected":false},"featured_media":11228,"comment_status":"open","ping_status":"closed","template":"","meta":{"_acf_changed":false},"product_brand":[2948],"product_cat":[781,821,787],"product_tag":[1240,777],"class_list":{"0":"post-8408","1":"product","2":"type-product","3":"status-publish","4":"has-post-thumbnail","6":"product_brand-dingo-gear","7":"product_cat-oprema-za-markirante","8":"product_cat-trening-obrane","9":"product_cat-zastitni-rukavi-i-navlake","10":"product_tag-obrana","11":"product_tag-rukavi","12":"pa_barva-zascitnega-rokava-boja-jute","13":"pa_levi-ali-desni-rokav-univerzalan","14":"pa_material-rokava-juta-hr","15":"pa_namen-rokava-zvecila-aporta-trening-mladih-pasa","16":"pa_namen-rokava-zvecila-aporta-trening-odraslih-pasa","17":"pa_posebnost-rokava-regulacija-tvrdoce","18":"pa_vrsta-rokava-otvoreni","19":"pa_vrsta-rokava-vanjski-iznad-odjela","21":"first","22":"instock","23":"taxable","24":"shipping-taxable","25":"purchasable","26":"product-type-simple"},"acf":[],"_links":{"self":[{"href":"https:\/\/dingogear.si\/hr\/wp-json\/wp\/v2\/product\/8408","targetHints":{"allow":["GET"]}}],"collection":[{"href":"https:\/\/dingogear.si\/hr\/wp-json\/wp\/v2\/product"}],"about":[{"href":"https:\/\/dingogear.si\/hr\/wp-json\/wp\/v2\/types\/product"}],"replies":[{"embeddable":true,"href":"https:\/\/dingogear.si\/hr\/wp-json\/wp\/v2\/comments?post=8408"}],"wp:featuredmedia":[{"embeddable":true,"href":"https:\/\/dingogear.si\/hr\/wp-json\/wp\/v2\/media\/11228"}],"wp:attachment":[{"href":"https:\/\/dingogear.si\/hr\/wp-json\/wp\/v2\/media?parent=8408"}],"wp:term":[{"taxonomy":"product_brand","embeddable":true,"href":"https:\/\/dingogear.si\/hr\/wp-json\/wp\/v2\/product_brand?post=8408"},{"taxonomy":"product_cat","embeddable":true,"href":"https:\/\/dingogear.si\/hr\/wp-json\/wp\/v2\/product_cat?post=8408"},{"taxonomy":"product_tag","embeddable":true,"href":"https:\/\/dingogear.si\/hr\/wp-json\/wp\/v2\/product_tag?post=8408"}],"curies":[{"name":"wp","href":"https:\/\/api.w.org\/{rel}","templated":true}]}}