{"id":8409,"date":"2020-03-02T11:58:51","date_gmt":"2020-03-02T10:58:51","guid":{"rendered":"https:\/\/dingogear.si\/?post_type=product&#038;p=8409"},"modified":"2024-12-23T12:39:31","modified_gmt":"2024-12-23T11:39:31","slug":"zastitna-navlaka-za-rukave-ralf-i-victor","status":"publish","type":"product","link":"https:\/\/dingogear.si\/hr\/zastitna-navlaka-za-rukave-ralf-i-victor\/","title":{"rendered":"Za\u0161titna navlaka za rukave RALF i VICTOR"},"content":{"rendered":"<p><a href=\"https:\/\/dingogear.si\/wp-content\/uploads\/2020\/03\/S00617_za-S00555_S00558-prevleka.jpg\"><img decoding=\"async\" class=\"aligncenter size-full wp-image-7970\" src=\"https:\/\/dingogear.si\/wp-content\/uploads\/2020\/03\/S00617_za-S00555_S00558-prevleka.jpg\" alt=\"\" width=\"1150\" height=\"595\" title=\"\" srcset=\"https:\/\/dingogear.si\/wp-content\/uploads\/2020\/03\/S00617_za-S00555_S00558-prevleka.jpg 1150w, https:\/\/dingogear.si\/wp-content\/uploads\/2020\/03\/S00617_za-S00555_S00558-prevleka-300x155.jpg 300w, https:\/\/dingogear.si\/wp-content\/uploads\/2020\/03\/S00617_za-S00555_S00558-prevleka-1024x530.jpg 1024w, https:\/\/dingogear.si\/wp-content\/uploads\/2020\/03\/S00617_za-S00555_S00558-prevleka-768x397.jpg 768w, https:\/\/dingogear.si\/wp-content\/uploads\/2020\/03\/S00617_za-S00555_S00558-prevleka-500x259.jpg 500w, https:\/\/dingogear.si\/wp-content\/uploads\/2020\/03\/S00617_za-S00555_S00558-prevleka-700x362.jpg 700w\" sizes=\"(max-width: 1150px) 100vw, 1150px\" \/><\/a><\/p>\n","protected":false},"excerpt":{"rendered":"<p>Za\u0161\u010ditna prevleka za rokava RALF in VICTOR<\/p>\n<p>Za\u0161\u010ditna prevleka iz trde jute za rokava <a href=\"https:\/\/dingogear.si\/izdelek\/zascitni-rokav-ralf\/\">RALF<\/a> in <a href=\"https:\/\/dingogear.si\/izdelek\/zascitni-rokav-victor\/\">VICTOR .<\/a><\/p>\n<p>&#8211; ustrezna trdota<br \/>\n&#8211; brez kovinskih in plasti\u010dnih elementov, ki zagotavljajo popolno varnost<br \/>\n&#8211; trpe\u017ena juta v kombinaciji s polipropilenom zagotavlja trajnost uporabe<br \/>\n&#8211; spodbuja psa k ugrizu<\/p>\n<p>Indeks Te\u017ea Dol\u017eina \u0160irina Debelina<br \/>\nS00617 1,1kg 43cm 30cm 3cm<\/p>\n","protected":false},"featured_media":11218,"comment_status":"open","ping_status":"closed","template":"","meta":{"_acf_changed":false},"product_brand":[2948],"product_cat":[781,821,1829,787],"product_tag":[775,1240],"class_list":{"0":"post-8409","1":"product","2":"type-product","3":"status-publish","4":"has-post-thumbnail","6":"product_brand-dingo-gear","7":"product_cat-oprema-za-markirante","8":"product_cat-trening-obrane","9":"product_cat-zastitne-navlake","10":"product_cat-zastitni-rukavi-i-navlake","11":"product_tag-navlake-za-rukav","12":"product_tag-obrana","13":"pa_levi-ali-desni-rokav-univerzalan","14":"pa_material-prevleke-tvrda-juta","15":"pa_namen-rokava-zvecila-aporta-trening-odraslih-pasa","17":"first","18":"instock","19":"taxable","20":"shipping-taxable","21":"purchasable","22":"product-type-simple"},"acf":[],"_links":{"self":[{"href":"https:\/\/dingogear.si\/hr\/wp-json\/wp\/v2\/product\/8409","targetHints":{"allow":["GET"]}}],"collection":[{"href":"https:\/\/dingogear.si\/hr\/wp-json\/wp\/v2\/product"}],"about":[{"href":"https:\/\/dingogear.si\/hr\/wp-json\/wp\/v2\/types\/product"}],"replies":[{"embeddable":true,"href":"https:\/\/dingogear.si\/hr\/wp-json\/wp\/v2\/comments?post=8409"}],"wp:featuredmedia":[{"embeddable":true,"href":"https:\/\/dingogear.si\/hr\/wp-json\/wp\/v2\/media\/11218"}],"wp:attachment":[{"href":"https:\/\/dingogear.si\/hr\/wp-json\/wp\/v2\/media?parent=8409"}],"wp:term":[{"taxonomy":"product_brand","embeddable":true,"href":"https:\/\/dingogear.si\/hr\/wp-json\/wp\/v2\/product_brand?post=8409"},{"taxonomy":"product_cat","embeddable":true,"href":"https:\/\/dingogear.si\/hr\/wp-json\/wp\/v2\/product_cat?post=8409"},{"taxonomy":"product_tag","embeddable":true,"href":"https:\/\/dingogear.si\/hr\/wp-json\/wp\/v2\/product_tag?post=8409"}],"curies":[{"name":"wp","href":"https:\/\/api.w.org\/{rel}","templated":true}]}}