{"id":8410,"date":"2020-03-02T12:38:52","date_gmt":"2020-05-05T21:44:10","guid":{"rendered":"https:\/\/dingogear.si\/?post_type=product&#038;p=8410"},"modified":"2023-04-25T16:33:21","modified_gmt":"2023-04-25T14:33:21","slug":"zastitni-rukav-ralf","status":"publish","type":"product","link":"https:\/\/dingogear.si\/hr\/zastitni-rukav-ralf\/","title":{"rendered":"Za\u0161titni rukav RALF"},"content":{"rendered":"<p><a href=\"https:\/\/dingogear.si\/wp-content\/uploads\/2020\/03\/DG-S00555-RALF_vel.jpg\"><img decoding=\"async\" class=\"aligncenter size-full wp-image-7976\" src=\"https:\/\/dingogear.si\/wp-content\/uploads\/2020\/03\/DG-S00555-RALF_vel.jpg\" alt=\"\" width=\"962\" height=\"748\" title=\"\" srcset=\"https:\/\/dingogear.si\/wp-content\/uploads\/2020\/03\/DG-S00555-RALF_vel.jpg 962w, https:\/\/dingogear.si\/wp-content\/uploads\/2020\/03\/DG-S00555-RALF_vel-300x233.jpg 300w, https:\/\/dingogear.si\/wp-content\/uploads\/2020\/03\/DG-S00555-RALF_vel-768x597.jpg 768w, https:\/\/dingogear.si\/wp-content\/uploads\/2020\/03\/DG-S00555-RALF_vel-500x389.jpg 500w, https:\/\/dingogear.si\/wp-content\/uploads\/2020\/03\/DG-S00555-RALF_vel-700x544.jpg 700w\" sizes=\"(max-width: 962px) 100vw, 962px\" \/><\/a><\/p>\n","protected":false},"excerpt":{"rendered":"<p>Profesionalni za\u0161titni rukav DINGO GEAR od jute pogodan za sve uzraste psa, od mladog do odraslog psa.<\/p>\n<p>Rukav ima mogu\u0107nost zamjenjive JUTA navlake &#8211; odgovara samo navlaka <a href=\"https:\/\/dingogear.si\/izdelek\/zascitna-prevleka-za-rokava-ralf-in-victor\/\">S00617<\/a>.<\/p>\n<p>Posebne zna\u010dajke:<\/p>\n<ul>\n<li>ergonomski model<\/li>\n<li>izra\u0111ena od visokokvalitetne jute<\/li>\n<li>2 ru\u010dke<\/li>\n<li>\u010dvrst zahvat<\/li>\n<li>bez metala i plastike<\/li>\n<li>oja\u010dana polipropilenom, \u0161to osigurava trajnost uporabe<\/li>\n<li>stabilizacija obloge na jednom mjestu (\u010di\u010dak)<\/li>\n<li>odgovaraju\u0107e unutarnje poja\u010danje i podstava rukava<\/li>\n<li>ru\u010dka za no\u0161enje<\/li>\n<\/ul>\n<p>Parametri:<\/p>\n<p>Juta: te\u017eina &#8211; 2 kg, du\u017eina 48 cm, dubina 25 cm, visina 12 cm<\/p>\n<p>Svrha rukava je uvje\u017ebati psa za pravilan ugriz i hvat te pobolj\u0161ati ugriz do savr\u0161enstva! Zajam\u010dena sigurnost psa i pomaga\u010da!<\/p>\n<p>Namjenska upotreba rukava za obuku:<\/p>\n<p>&#8211; u\u010denje ugriza<br \/>\n&#8211; uvje\u017ebavanje pravilnog hvatanja psa<br \/>\n&#8211; Pobolj\u0161anje punog dr\u017eanja psa<br \/>\n&#8211; IGP usposobljavanje<br \/>\n&#8211; K9 trening<\/p>\n","protected":false},"featured_media":11214,"comment_status":"open","ping_status":"closed","template":"","meta":{"_acf_changed":false},"product_brand":[2948],"product_cat":[781,821,787],"product_tag":[1240,777],"class_list":{"0":"post-8410","1":"product","2":"type-product","3":"status-publish","4":"has-post-thumbnail","6":"product_brand-dingo-gear","7":"product_cat-oprema-za-markirante","8":"product_cat-trening-obrane","9":"product_cat-zastitni-rukavi-i-navlake","10":"product_tag-obrana","11":"product_tag-rukavi","12":"pa_barva-zascitnega-rokava-boja-jute","13":"pa_levi-ali-desni-rokav-univerzalan","14":"pa_material-rokava-juta-hr","15":"pa_namen-rokava-zvecila-aporta-trening-mladih-pasa","16":"pa_namen-rokava-zvecila-aporta-trening-odraslih-pasa","17":"pa_vrsta-rokava-vanjski-iznad-odjela","18":"pa_vrsta-rokava-zatvoreni","20":"first","21":"instock","22":"taxable","23":"shipping-taxable","24":"purchasable","25":"product-type-simple"},"acf":[],"_links":{"self":[{"href":"https:\/\/dingogear.si\/hr\/wp-json\/wp\/v2\/product\/8410","targetHints":{"allow":["GET"]}}],"collection":[{"href":"https:\/\/dingogear.si\/hr\/wp-json\/wp\/v2\/product"}],"about":[{"href":"https:\/\/dingogear.si\/hr\/wp-json\/wp\/v2\/types\/product"}],"replies":[{"embeddable":true,"href":"https:\/\/dingogear.si\/hr\/wp-json\/wp\/v2\/comments?post=8410"}],"wp:featuredmedia":[{"embeddable":true,"href":"https:\/\/dingogear.si\/hr\/wp-json\/wp\/v2\/media\/11214"}],"wp:attachment":[{"href":"https:\/\/dingogear.si\/hr\/wp-json\/wp\/v2\/media?parent=8410"}],"wp:term":[{"taxonomy":"product_brand","embeddable":true,"href":"https:\/\/dingogear.si\/hr\/wp-json\/wp\/v2\/product_brand?post=8410"},{"taxonomy":"product_cat","embeddable":true,"href":"https:\/\/dingogear.si\/hr\/wp-json\/wp\/v2\/product_cat?post=8410"},{"taxonomy":"product_tag","embeddable":true,"href":"https:\/\/dingogear.si\/hr\/wp-json\/wp\/v2\/product_tag?post=8410"}],"curies":[{"name":"wp","href":"https:\/\/api.w.org\/{rel}","templated":true}]}}