{"id":8415,"date":"2020-01-28T10:45:07","date_gmt":"2020-01-28T09:45:07","guid":{"rendered":"https:\/\/dingogear.si\/?post_type=product&#038;p=8415"},"modified":"2023-04-20T10:08:25","modified_gmt":"2023-04-20T08:08:25","slug":"mali-trening-revir-100cm","status":"publish","type":"product","link":"https:\/\/dingogear.si\/hr\/mali-trening-revir-100cm\/","title":{"rendered":"Mali trening revir &#8211; 100cm"},"content":{"rendered":"<p><img decoding=\"async\" class=\"aligncenter wp-image-1031 size-full\" src=\"https:\/\/dingogear.si\/wp-content\/uploads\/2017\/11\/revirji_VEL.jpg\" alt=\"\" width=\"1137\" height=\"698\" title=\"\" srcset=\"https:\/\/dingogear.si\/wp-content\/uploads\/2017\/11\/revirji_VEL.jpg 1137w, https:\/\/dingogear.si\/wp-content\/uploads\/2017\/11\/revirji_VEL-500x307.jpg 500w, https:\/\/dingogear.si\/wp-content\/uploads\/2017\/11\/revirji_VEL-700x430.jpg 700w, https:\/\/dingogear.si\/wp-content\/uploads\/2017\/11\/revirji_VEL-300x184.jpg 300w, https:\/\/dingogear.si\/wp-content\/uploads\/2017\/11\/revirji_VEL-768x471.jpg 768w, https:\/\/dingogear.si\/wp-content\/uploads\/2017\/11\/revirji_VEL-1024x629.jpg 1024w\" sizes=\"(max-width: 1137px) 100vw, 1137px\" \/><\/p>\n","protected":false},"excerpt":{"rendered":"<p>Lagani sklopivi mali \u0161ator \/ revir. U visini 100cm. Testirano i odobreno od strane profesionalnih trenera pasa.<\/p>\n<p>Pouzdana kvaliteta i savr\u0161enstvo omogu\u0107uju postizanje 100% zadovoljstva.<\/p>\n<p>Izrada \u0161atora:<\/p>\n<ul>\n<li>pocin\u010dana metalna konstrukcija<\/li>\n<li>tri noge<\/li>\n<li>preklopni<\/li>\n<li>metalni trokuti za monta\u017eu nogu<\/li>\n<li>dva zida<\/li>\n<li>vodootporni materijal, uklju\u010dena torba za no\u0161enje od istog materijala<\/li>\n<\/ul>\n<p><strong>Parametri mini \u0161atora:<\/strong> te\u017eina 2,0 kg, visina 106 cm, \u0161irina gornjeg dijela zida 9 cm, \u0161irina donjeg dijela 59 cm, debljina 12 cm<\/p>\n<p>Svrha<strong> <\/strong>\u0161atora<strong>:<\/strong><\/p>\n<ul>\n<li>trening i obuka pasa<\/li>\n<li>u\u010dvr\u0161\u0107ivanje nau\u010denog<\/li>\n<li>pru\u017ea sigurnost psu i markeru, bez dijelova koji bi mogli o\u0161tetiti odje\u0107u markera ili ko\u017eu psa<\/li>\n<\/ul>\n","protected":false},"featured_media":11265,"comment_status":"open","ping_status":"closed","template":"","meta":{"_acf_changed":false},"product_brand":[2948],"product_cat":[781,783,791,821],"product_tag":[749,1500],"class_list":{"0":"post-8415","1":"product","2":"type-product","3":"status-publish","4":"has-post-thumbnail","6":"product_brand-dingo-gear","7":"product_cat-oprema-za-markirante","8":"product_cat-oprema-za-trening-poligon","9":"product_cat-reviri-i-zastirke","10":"product_cat-trening-obrane","11":"product_tag-ipo-hr","12":"product_tag-poligon","13":"pa_velikost-revirja-mini-revir-100cm-visine-hr","15":"first","16":"instock","17":"taxable","18":"shipping-taxable","19":"purchasable","20":"product-type-simple"},"acf":[],"_links":{"self":[{"href":"https:\/\/dingogear.si\/hr\/wp-json\/wp\/v2\/product\/8415","targetHints":{"allow":["GET"]}}],"collection":[{"href":"https:\/\/dingogear.si\/hr\/wp-json\/wp\/v2\/product"}],"about":[{"href":"https:\/\/dingogear.si\/hr\/wp-json\/wp\/v2\/types\/product"}],"replies":[{"embeddable":true,"href":"https:\/\/dingogear.si\/hr\/wp-json\/wp\/v2\/comments?post=8415"}],"wp:featuredmedia":[{"embeddable":true,"href":"https:\/\/dingogear.si\/hr\/wp-json\/wp\/v2\/media\/11265"}],"wp:attachment":[{"href":"https:\/\/dingogear.si\/hr\/wp-json\/wp\/v2\/media?parent=8415"}],"wp:term":[{"taxonomy":"product_brand","embeddable":true,"href":"https:\/\/dingogear.si\/hr\/wp-json\/wp\/v2\/product_brand?post=8415"},{"taxonomy":"product_cat","embeddable":true,"href":"https:\/\/dingogear.si\/hr\/wp-json\/wp\/v2\/product_cat?post=8415"},{"taxonomy":"product_tag","embeddable":true,"href":"https:\/\/dingogear.si\/hr\/wp-json\/wp\/v2\/product_tag?post=8415"}],"curies":[{"name":"wp","href":"https:\/\/api.w.org\/{rel}","templated":true}]}}