{"id":8420,"date":"2019-06-28T13:58:06","date_gmt":"2019-06-28T11:58:06","guid":{"rendered":"https:\/\/dingogear.si\/?post_type=product&#038;p=8420"},"modified":"2022-01-06T19:14:07","modified_gmt":"2022-01-06T18:14:07","slug":"flexi-pole-stalac","status":"publish","type":"product","link":"https:\/\/dingogear.si\/hr\/flexi-pole-stalac\/","title":{"rendered":"Flexi pole stalac"},"content":{"rendered":"<div>Flexi Pole je alat za trening za pobolj\u0161anje poslu\u0161nosti i obrane (dio ugriza). Flexi pole omogu\u0107uje vam sigurno povla\u010denje psa kako biste sprije\u010dili da napusti vas ili vje\u017ebu koju trenirate. Izvrstan je alat za vje\u017ebanje raznih vje\u017ebi poslu\u0161nosti i obrane. Flexi stup sastoji se od dva dijela. To je lagan i prijenosni alat odli\u010dan za trening bilo gdje. Jednostavno ga je postaviti i koristiti. Jednostavno umetnite bazu od nehr\u0111aju\u0107eg \u010delika u zemlju, spojite dva dijela \u0161ipki i sigurno ih pri\u010dvrstite na bazu.<\/div>\n<div><\/div>\n<div>Spremni ste za po\u010detak treninga!<\/div>\n<div><\/div>\n<div>Pakiranje i sadr\u017eaj:<\/div>\n<div>\u2013 Podno\u017eje kuke od nehr\u0111aju\u0107eg \u010delika<\/div>\n<div>\u2013 Elasti\u010dne laminirane u\u017eadi (2x)<\/div>\n<div>\u2013 U\u017ee + karabin<\/div>\n<div><\/div>\n<div>Duljina \u0161ipke nakon ugradnje je 2 m.<\/div>\n<p>Osnova ure\u0111aja je metalni kri\u017e sa sidrima, koji osigurava sidro za sna\u017enog radnog psa.<\/p>\n","protected":false},"excerpt":{"rendered":"<p>Fleksibilni \u0161tap \/ stalak za samostalni trening s psom. Kori\u0161tenjem ove opreme mo\u017eemo samostalno raditi s psom jer ga dr\u017eimo na odre\u0111enoj fleksibilnoj duljini kabela \/ u\u017eeta. Zahvaljuju\u0107i dizajnu i fleksibilnosti kori\u0161tenih materijala, pomo\u0107u ovog alata za vje\u017ebanje izbjegavaju se iznenadni trzaji i zatezanje u\u017eeta za koje je pas vezan.<\/p>\n","protected":false},"featured_media":11821,"comment_status":"open","ping_status":"closed","template":"","meta":{"_acf_changed":false},"product_brand":[2949],"product_cat":[783,819,801,821,823],"product_tag":[749,1240,1500,1238],"class_list":{"0":"post-8420","1":"product","2":"type-product","3":"status-publish","4":"has-post-thumbnail","6":"product_brand-raddog","7":"product_cat-oprema-za-trening-poligon","8":"product_cat-pomagala-za-trening","9":"product_cat-stalac","10":"product_cat-trening-obrane","11":"product_cat-trening-vodljivosti","12":"product_tag-ipo-hr","13":"product_tag-obrana","14":"product_tag-poligon","15":"product_tag-vodljivost","16":"product_shipping_class-dostava-vecih-i-tezih-paketa","18":"first","19":"instock","20":"taxable","21":"shipping-taxable","22":"purchasable","23":"product-type-simple"},"acf":[],"_links":{"self":[{"href":"https:\/\/dingogear.si\/hr\/wp-json\/wp\/v2\/product\/8420","targetHints":{"allow":["GET"]}}],"collection":[{"href":"https:\/\/dingogear.si\/hr\/wp-json\/wp\/v2\/product"}],"about":[{"href":"https:\/\/dingogear.si\/hr\/wp-json\/wp\/v2\/types\/product"}],"replies":[{"embeddable":true,"href":"https:\/\/dingogear.si\/hr\/wp-json\/wp\/v2\/comments?post=8420"}],"wp:featuredmedia":[{"embeddable":true,"href":"https:\/\/dingogear.si\/hr\/wp-json\/wp\/v2\/media\/11821"}],"wp:attachment":[{"href":"https:\/\/dingogear.si\/hr\/wp-json\/wp\/v2\/media?parent=8420"}],"wp:term":[{"taxonomy":"product_brand","embeddable":true,"href":"https:\/\/dingogear.si\/hr\/wp-json\/wp\/v2\/product_brand?post=8420"},{"taxonomy":"product_cat","embeddable":true,"href":"https:\/\/dingogear.si\/hr\/wp-json\/wp\/v2\/product_cat?post=8420"},{"taxonomy":"product_tag","embeddable":true,"href":"https:\/\/dingogear.si\/hr\/wp-json\/wp\/v2\/product_tag?post=8420"}],"curies":[{"name":"wp","href":"https:\/\/api.w.org\/{rel}","templated":true}]}}