{"id":8436,"date":"2020-05-05T11:53:47","date_gmt":"2020-05-06T06:46:52","guid":{"rendered":"https:\/\/dingogear.si\/?post_type=product&#038;p=8436"},"modified":"2023-04-19T16:43:30","modified_gmt":"2023-04-19T14:43:30","slug":"aport-berta-odin-od-ring-materiala","status":"publish","type":"product","link":"https:\/\/dingogear.si\/hr\/aport-berta-odin-od-ring-materiala\/","title":{"rendered":"Aport BERTA ODIN od RING materiala"},"content":{"rendered":"<p><a href=\"https:\/\/dingogear.si\/wp-content\/uploads\/2020\/05\/BERTA_aporti-vsi_oran%C5%BEni.jpg\"><img decoding=\"async\" class=\"size-full wp-image-8200 alignleft\" src=\"https:\/\/dingogear.si\/wp-content\/uploads\/2020\/05\/BERTA_aporti-vsi_oran%C5%BEni.jpg\" alt=\"\" width=\"600\" height=\"600\" title=\"\"><\/a> <a href=\"https:\/\/dingogear.si\/wp-content\/uploads\/2020\/05\/BERTA_aporti-vsi.jpg\"><img decoding=\"async\" class=\"size-full wp-image-8201 alignleft\" src=\"https:\/\/dingogear.si\/wp-content\/uploads\/2020\/05\/BERTA_aporti-vsi.jpg\" alt=\"\" width=\"600\" height=\"600\" title=\"\" srcset=\"https:\/\/dingogear.si\/wp-content\/uploads\/2020\/05\/BERTA_aporti-vsi.jpg 600w, https:\/\/dingogear.si\/wp-content\/uploads\/2020\/05\/BERTA_aporti-vsi-300x300.jpg 300w, https:\/\/dingogear.si\/wp-content\/uploads\/2020\/05\/BERTA_aporti-vsi-150x150.jpg 150w, https:\/\/dingogear.si\/wp-content\/uploads\/2020\/05\/BERTA_aporti-vsi-500x500.jpg 500w, https:\/\/dingogear.si\/wp-content\/uploads\/2020\/05\/BERTA_aporti-vsi-100x100.jpg 100w\" sizes=\"(max-width: 600px) 100vw, 600px\" \/><\/a><\/p>\n","protected":false},"excerpt":{"rendered":"<h5 class=\"serp-title\">Aport BERTA ODIN od RING materiala<\/h5>\n<p>Aport izra\u0111en od vrlo izdr\u017eljivog i trajnog materijala, od kojeg se tako\u0111er izra\u0111uju marker haljine. Sa dvije ru\u010dke.<\/p>\n<p>Zahvaljuju\u0107i svojoj debljini, retriveri iz linije Berta velika su pomo\u0107 u u\u010denju psa kako zagristi i formirati pravilan zahvat. Izra\u0111ivali smo ih ru\u010dno, vode\u0107i ra\u010duna o svakom detalju, jer znamo koliko je va\u017ena snaga i trajnost luke.<\/p>\n<p>Na\u0161i proizvodi namijenjeni su igri i treniranju uz pomo\u0107 vodi\u010da, ne ostavljajte ih psu bez nadzora.<\/p>\n<p><strong>Dizajniran za zabavu psa i podu\u010davanje pravilnog ugriza.<\/strong> Testirano i odobreno od strane profesionalnih trenera pasa.<\/p>\n<p>Pouzdana kvaliteta i 100% zadovoljstvo. Ru\u010dno izra\u0111en i profesionalno izra\u0111en za profesionalnu upotrebu.<\/p>\n<p>Zna\u010dajke:<\/p>\n<ul>\n<li>vrlo izdr\u017eljiv RING (nylcot) materijal<\/li>\n<li>meko\u0107a<\/li>\n<li>krajevi dohvata su bez dodatnih \u0161avova (\u0161avovi su okrenuti prema unutra)<\/li>\n<li>DEBLJINA aporta olak\u0161ava u\u010denje zagriza i pobolj\u0161ava stisak<\/li>\n<li>\u0161iroka i mekana ru\u010dka remena \u2013 pru\u017ea izvrsnu udobnost uz odr\u017eavanje vla\u010dne \u010dvrsto\u0107e<\/li>\n<li>robusni i sna\u017eni \u0161avovi osiguravaju visoku toleranciju na jaka povla\u010denja<\/li>\n<\/ul>\n","protected":false},"featured_media":8203,"comment_status":"open","ping_status":"closed","template":"","meta":{"_acf_changed":false},"product_brand":[2948],"product_cat":[809,807,803,819,823],"product_tag":[747,745,1238],"class_list":{"0":"post-8436","1":"product","2":"type-product","3":"status-publish","4":"has-post-thumbnail","6":"product_brand-dingo-gear","7":"product_cat-igra-uz-trening","8":"product_cat-kobasice-aporti","9":"product_cat-oprema-za-psa","10":"product_cat-pomagala-za-trening","11":"product_cat-trening-vodljivosti","12":"product_tag-igra-hr","13":"product_tag-kobasice","14":"product_tag-vodljivost","15":"pa_barva-aporta-narancasta","16":"pa_barva-aporta-plava","17":"pa_barva-izdelka-narandzasta","18":"pa_barva-izdelka-plava","19":"pa_dimenzije-aporta-14-x-30cm-hr","20":"pa_material-aporta-french-ring-nylcot-hr","21":"pa_oblika-aporta-cilindar","22":"pa_oblika-aporta-jastucic","23":"pa_stevilo-rocajev-na-aportu-2-rucke","25":"first","26":"instock","27":"featured","28":"taxable","29":"shipping-taxable","30":"purchasable","31":"product-type-variable"},"acf":[],"_links":{"self":[{"href":"https:\/\/dingogear.si\/hr\/wp-json\/wp\/v2\/product\/8436","targetHints":{"allow":["GET"]}}],"collection":[{"href":"https:\/\/dingogear.si\/hr\/wp-json\/wp\/v2\/product"}],"about":[{"href":"https:\/\/dingogear.si\/hr\/wp-json\/wp\/v2\/types\/product"}],"replies":[{"embeddable":true,"href":"https:\/\/dingogear.si\/hr\/wp-json\/wp\/v2\/comments?post=8436"}],"wp:featuredmedia":[{"embeddable":true,"href":"https:\/\/dingogear.si\/hr\/wp-json\/wp\/v2\/media\/8203"}],"wp:attachment":[{"href":"https:\/\/dingogear.si\/hr\/wp-json\/wp\/v2\/media?parent=8436"}],"wp:term":[{"taxonomy":"product_brand","embeddable":true,"href":"https:\/\/dingogear.si\/hr\/wp-json\/wp\/v2\/product_brand?post=8436"},{"taxonomy":"product_cat","embeddable":true,"href":"https:\/\/dingogear.si\/hr\/wp-json\/wp\/v2\/product_cat?post=8436"},{"taxonomy":"product_tag","embeddable":true,"href":"https:\/\/dingogear.si\/hr\/wp-json\/wp\/v2\/product_tag?post=8436"}],"curies":[{"name":"wp","href":"https:\/\/api.w.org\/{rel}","templated":true}]}}