{"id":8439,"date":"2019-07-26T18:45:01","date_gmt":"2020-05-06T06:48:52","guid":{"rendered":"https:\/\/dingogear.si\/?post_type=product&#038;p=8439"},"modified":"2021-07-30T15:50:34","modified_gmt":"2021-07-30T13:50:34","slug":"kozni-aport-sa-koznim-popper-uzetom","status":"publish","type":"product","link":"https:\/\/dingogear.si\/hr\/kozni-aport-sa-koznim-popper-uzetom\/","title":{"rendered":"Ko\u017eni aport sa ko\u017enim POPPER u\u017eetom"},"content":{"rendered":"<p>Vi\u0161enamjenska igra\u010dka \/ alat za poticanje i motiviranje psa na rad. Ko\u017eni mekani aport duljine 30 cm s ko\u017enim bi\u010dem du\u017eine 60 cm + popper vezicom 10 cm.<\/p>\n<p><strong>Zbog svoje meko\u0107e i privla\u010dnog prirodnog mirisa, ko\u017ene se aporte (kobasice) preporu\u010duju posebno za obuku mladih pasa u ranim fazama obuke. Dizajniran za zabavu psa i podu\u010davanje pravilnog ugriza.<\/strong> Testirano i odobreno od strane profesionalnih trenera pasa.<\/p>\n<p>Pouzdana kvaliteta i 100% zadovoljstvo. Ru\u010dno izra\u0111en i profesionalno izra\u0111en za profesionalnu upotrebu.<\/p>\n<p>Zna\u010dajke:<\/p>\n<ul>\n<li>trajnost materijala<\/li>\n<li>meko\u0107a<\/li>\n<li>prirodni miris<\/li>\n<li>bez ru\u010dke<\/li>\n<li>robusni i sna\u017eni \u0161avovi osiguravaju visoku toleranciju na jaka povla\u010denja<\/li>\n<\/ul>\n","protected":false},"excerpt":{"rendered":"<p>Vi\u0161enamjenska igra\u010dka \/ alat za poticanje i motiviranje psa na rad. Ko\u017eni mekani aport duljine 30 cm s ko\u017enim bi\u010dem du\u017eine 60 cm + popper vezica 10 cm<\/p>\n<p><strong>Zbog svoje meko\u0107e i privla\u010dnog prirodnog mirisa, ko\u017ene se aporte (kobasice) preporu\u010duju posebno za obuku mladih pasa u ranim fazama obuke. Dizajniran za zabavu psa i podu\u010davanje pravilnog ugriza.<\/strong><\/p>\n<p>Zna\u010dajke:<\/p>\n<ul>\n<li>trajnost materijala<\/li>\n<li>meko\u0107a<\/li>\n<li>prirodni miris<\/li>\n<li>bez ru\u010dke<\/li>\n<li>robusni i sna\u017eni \u0161avovi osiguravaju visoku toleranciju na jaka povla\u010denja<\/li>\n<\/ul>\n","protected":false},"featured_media":11266,"comment_status":"open","ping_status":"closed","template":"","meta":{"_acf_changed":false},"product_brand":[2949],"product_cat":[1827,809,807,803,819,821,823],"product_tag":[763,747,745,1858],"class_list":{"0":"post-8439","1":"product","2":"type-product","3":"status-publish","4":"has-post-thumbnail","6":"product_brand-raddog","7":"product_cat-bicevi-i-palice","8":"product_cat-igra-uz-trening","9":"product_cat-kobasice-aporti","10":"product_cat-oprema-za-psa","11":"product_cat-pomagala-za-trening","12":"product_cat-trening-obrane","13":"product_cat-trening-vodljivosti","14":"product_tag-dodatki-za-trening","15":"product_tag-igra-hr","16":"product_tag-kobasice","17":"product_tag-trening-mladih-pasa","18":"pa_barva-aporta-smeda","19":"pa_dimenzije-aporta-6-x-30cm-sa-60cm-popper","20":"pa_dolzina-bic-vrvice-60cm-hr","21":"pa_material-aporta-koza","22":"pa_oblika-aporta-jastucic","23":"pa_stevilo-rocajev-na-aportu-bez-rucke","25":"first","26":"instock","27":"taxable","28":"shipping-taxable","29":"purchasable","30":"product-type-simple"},"acf":[],"_links":{"self":[{"href":"https:\/\/dingogear.si\/hr\/wp-json\/wp\/v2\/product\/8439","targetHints":{"allow":["GET"]}}],"collection":[{"href":"https:\/\/dingogear.si\/hr\/wp-json\/wp\/v2\/product"}],"about":[{"href":"https:\/\/dingogear.si\/hr\/wp-json\/wp\/v2\/types\/product"}],"replies":[{"embeddable":true,"href":"https:\/\/dingogear.si\/hr\/wp-json\/wp\/v2\/comments?post=8439"}],"wp:featuredmedia":[{"embeddable":true,"href":"https:\/\/dingogear.si\/hr\/wp-json\/wp\/v2\/media\/11266"}],"wp:attachment":[{"href":"https:\/\/dingogear.si\/hr\/wp-json\/wp\/v2\/media?parent=8439"}],"wp:term":[{"taxonomy":"product_brand","embeddable":true,"href":"https:\/\/dingogear.si\/hr\/wp-json\/wp\/v2\/product_brand?post=8439"},{"taxonomy":"product_cat","embeddable":true,"href":"https:\/\/dingogear.si\/hr\/wp-json\/wp\/v2\/product_cat?post=8439"},{"taxonomy":"product_tag","embeddable":true,"href":"https:\/\/dingogear.si\/hr\/wp-json\/wp\/v2\/product_tag?post=8439"}],"curies":[{"name":"wp","href":"https:\/\/api.w.org\/{rel}","templated":true}]}}