{"id":8440,"date":"2019-09-06T16:51:48","date_gmt":"2020-05-06T07:31:23","guid":{"rendered":"https:\/\/dingogear.si\/?post_type=product&#038;p=8440"},"modified":"2020-05-06T09:32:45","modified_gmt":"2020-05-06T07:32:45","slug":"orma-za-trag-kozna","status":"publish","type":"product","link":"https:\/\/dingogear.si\/hr\/orma-za-trag-kozna\/","title":{"rendered":"Orma za trag &#8211; ko\u017ena"},"content":{"rendered":"<p><a href=\"https:\/\/dingogear.si\/wp-content\/uploads\/2019\/09\/S03216.jpg\"><img decoding=\"async\" class=\"aligncenter size-full wp-image-7142\" src=\"https:\/\/dingogear.si\/wp-content\/uploads\/2019\/09\/S03216.jpg\" alt=\"\" width=\"1523\" height=\"550\" title=\"\" srcset=\"https:\/\/dingogear.si\/wp-content\/uploads\/2019\/09\/S03216.jpg 1523w, https:\/\/dingogear.si\/wp-content\/uploads\/2019\/09\/S03216-300x108.jpg 300w, https:\/\/dingogear.si\/wp-content\/uploads\/2019\/09\/S03216-768x277.jpg 768w, https:\/\/dingogear.si\/wp-content\/uploads\/2019\/09\/S03216-1024x370.jpg 1024w, https:\/\/dingogear.si\/wp-content\/uploads\/2019\/09\/S03216-500x181.jpg 500w, https:\/\/dingogear.si\/wp-content\/uploads\/2019\/09\/S03216-700x253.jpg 700w\" sizes=\"(max-width: 1523px) 100vw, 1523px\" \/><\/a><\/p>\n","protected":false},"excerpt":{"rendered":"<p>Delovna oprsnica za\u00a0profesionalno\u00a0usposabljanje psa za trening sledenja &#8211;\u00a0izredna kakovost in prilagodljiva velikost. Lahka in trpe\u017ena.<\/p>\n<p>Univerzalna in nastavljiva velikost!<\/p>\n<p>Zna\u010dilnosti oprsnice:<\/p>\n<ul>\n<li>usnjena<\/li>\n<li>super vzdr\u017eljivost<\/li>\n<li>kromirano okovje<\/li>\n<li>mo\u017enost pranja<\/li>\n<li>plasti\u010dne zaponke omogo\u010dajo lahkotnost<\/li>\n<li>ergonomija uporabe<\/li>\n<li>ekstremno lahka<\/li>\n<li>ekstremno udobje<\/li>\n<li>enostavno nastaviti<\/li>\n<li>parametri: dol\u017eina 80-100cm; \u0161irina 2cm; debelina 0,5 cm; te\u017ea 0,4kg<\/li>\n<\/ul>\n","protected":false},"featured_media":18853,"comment_status":"open","ping_status":"closed","template":"","meta":{"_acf_changed":false},"product_brand":[2948],"product_cat":[813,803,825],"product_tag":[1242,761],"class_list":{"0":"post-8440","1":"product","2":"type-product","3":"status-publish","4":"has-post-thumbnail","6":"product_brand-dingo-gear","7":"product_cat-hamovi-orma","8":"product_cat-oprema-za-psa","9":"product_cat-trening-traganja","10":"product_tag-hamovi-i-orme","11":"product_tag-traganje","12":"pa_posebnost-oprsnice-orma-za-trag","14":"first","15":"instock","16":"taxable","17":"shipping-taxable","18":"purchasable","19":"product-type-simple"},"acf":[],"_links":{"self":[{"href":"https:\/\/dingogear.si\/hr\/wp-json\/wp\/v2\/product\/8440","targetHints":{"allow":["GET"]}}],"collection":[{"href":"https:\/\/dingogear.si\/hr\/wp-json\/wp\/v2\/product"}],"about":[{"href":"https:\/\/dingogear.si\/hr\/wp-json\/wp\/v2\/types\/product"}],"replies":[{"embeddable":true,"href":"https:\/\/dingogear.si\/hr\/wp-json\/wp\/v2\/comments?post=8440"}],"wp:featuredmedia":[{"embeddable":true,"href":"https:\/\/dingogear.si\/hr\/wp-json\/wp\/v2\/media\/18853"}],"wp:attachment":[{"href":"https:\/\/dingogear.si\/hr\/wp-json\/wp\/v2\/media?parent=8440"}],"wp:term":[{"taxonomy":"product_brand","embeddable":true,"href":"https:\/\/dingogear.si\/hr\/wp-json\/wp\/v2\/product_brand?post=8440"},{"taxonomy":"product_cat","embeddable":true,"href":"https:\/\/dingogear.si\/hr\/wp-json\/wp\/v2\/product_cat?post=8440"},{"taxonomy":"product_tag","embeddable":true,"href":"https:\/\/dingogear.si\/hr\/wp-json\/wp\/v2\/product_tag?post=8440"}],"curies":[{"name":"wp","href":"https:\/\/api.w.org\/{rel}","templated":true}]}}