{"id":8441,"date":"2020-03-02T22:38:05","date_gmt":"2020-03-02T21:38:05","guid":{"rendered":"https:\/\/dingogear.si\/?post_type=product&#038;p=8441"},"modified":"2022-01-06T13:29:35","modified_gmt":"2022-01-06T12:29:35","slug":"radna-orma-orma-za-rad-cobra-molle-cordura","status":"publish","type":"product","link":"https:\/\/dingogear.si\/hr\/radna-orma-orma-za-rad-cobra-molle-cordura\/","title":{"rendered":"Radna orma \u2013 Orma za rad COBRA MOLLE CORDURA"},"content":{"rendered":"<p>Profesionalna takti\u010dka odje\u0107a za psa s modularnim sustavom MOLLE &#8211; model ameri\u010dke vojske &#8211; napravljena je od najboljih i najtrajnijih materijala trenutno dostupnih na tr\u017ei\u0161tu. Namijenjen je za sve radove sa psom. Tijekom planiranja kori\u0161tena su rje\u0161enja koja psu pru\u017eaju maksimalnu za\u0161titu i udobnost. Pri\u0161ivena je od vodonepropusnog materijala &#8211; kordure i oblo\u017eena razmaknom mre\u017eom za bolje disanje (uklanjanje znojenja psa) i udobnost no\u0161enja.<\/p>\n<p>Cordura\u00ae su teksturirana poliamidna vlakna koja se koriste za izradu najtrajnijih upotrebljivih tkanina u svojoj klasi. Patent Cordura\u00ae pripada tvrtki DuPont. CORDURA\u00ae je nekoliko puta ja\u010di od obi\u010dnog najlona i nekoliko desetaka puta ja\u010di od poliestera i pamuka. U kombinaciji s brzim su\u0161enjem i malom te\u017einom, osnova je mnogih proizvoda koji se koriste u iznimno te\u0161kim uvjetima. Materijal Cordura odabiru proizvo\u0111a\u010di i korisnici koji brinu o trajnosti proizvoda. Odli\u010dno funkcionira kao vanjski sloj odje\u0107e, ruksaka, opreme za kampiranje, vojne, ekspedicijske i posebne opreme, kao i obu\u0107e.<\/p>\n<p><a href=\"https:\/\/dingogear.si\/hr\/torba-dodatak-za-ormu-military-molle-2\/\">Torba &#8211; dodatak za ormu MOLLE<\/a><\/p>\n<p><a href=\"https:\/\/dingogear.si\/hr\/torba-dodatak-za-ormu-military-molle\/\">Torba &#8211; dodatak za ormu MOLLE<\/a><\/p>\n<p><a href=\"https:\/\/dingogear.si\/hr\/torba-za-bidon-dodatak-za-ormu-molle\/\">Torba za bidon \u2013 dodatak za ormu MOLLE<\/a><\/p>\n","protected":false},"excerpt":{"rendered":"<p>Profesionalna takti\u010dka odje\u0107a za psa s modularnim sustavom MOLLE &#8211; model ameri\u010dke vojske &#8211; napravljena je od najboljih i najtrajnijih materijala trenutno dostupnih na tr\u017ei\u0161tu. Namijenjena je za sve radove sa psom. Tijekom planiranja kori\u0161tena su rje\u0161enja koja psu pru\u017eaju maksimalnu za\u0161titu i udobnost. Vanjski sloj orme izra\u0111en je od vodonepropusnog materijala &#8211; kordure i oblo\u017een odstojnom mre\u017eom za bolje disanje (eliminiraju\u0107i znojenje psa) i udobnost no\u0161enja.<\/p>\n<p>Takti\u010dke trake za pri\u010dvr\u0161\u0107ivanje su kop\u010de Cobra &#8211; proizvod renomirane austrijske tvrtke Austrialpin, koje se koriste za planinarenje i ekstremne sportove. Pojas ima remen na prsima, dvostruki set traka ispod grudi i 2 ru\u010dke za podizanje psa. Remeni su izra\u0111eni od poliamidne trake koja ima najve\u0107u izdr\u017eljivost, \u010dvrsto\u0107u i estetiku u usporedbi s drugim vrstama traka (poliester, polipropilen, pamuk). Poliamidna traka otporna je na vremenske uvjete, boja joj je postojana, neuni\u0161tiva je pri normalnoj uporabi.<\/p>\n<p>U gornjem dijelu pojas je opremljen \u010di\u010dak trakom. Sa strane se nalazi MOLLE sustav pri\u010dvr\u0161\u0107ivanja za povezivanje pribora, pribora i \u010di\u010dak \u0161arki za personalizaciju i pri\u010dvr\u0161\u0107ivanje opreme.<\/p>\n<p>Takti\u010dka oprsnica za pse s MOLLE sustavom dostupna je u sljede\u0107im bojama: crna i kojot sme\u0111a i u 4 veli\u010dine: (izmjerite opseg grudi psa, odmah iza prednjih \u0161apa).<\/p>\n","protected":false},"featured_media":8106,"comment_status":"open","ping_status":"closed","template":"","meta":{"_acf_changed":false},"product_brand":[2948],"product_cat":[813,803,821],"product_tag":[1242],"class_list":{"0":"post-8441","1":"product","2":"type-product","3":"status-publish","4":"has-post-thumbnail","6":"product_brand-dingo-gear","7":"product_cat-hamovi-orma","8":"product_cat-oprema-za-psa","9":"product_cat-trening-obrane","10":"product_tag-hamovi-i-orme","11":"pa_barva-oprsnice-crna-hr","12":"pa_material-delovne-oprsnice-kordura-hr","13":"pa_posebnost-oprsnice-cobra-sponka-hr","14":"pa_posebnost-oprsnice-radna-orma-orma-za-rad","15":"pa_velikost-delovne-oprsnice-l-opseg-prsnog-kosa-70-80cm-hr","16":"pa_velikost-delovne-oprsnice-m-opseg-prsnog-kosa-60-70cm-hr","17":"pa_velikost-delovne-oprsnice-xl-opseg-prsnog-kosa-80-90cm-hr","18":"pa_velikost-delovne-oprsnice-xxl-opseg-prsnog-kosa-90-105cm-hr","20":"first","21":"instock","22":"taxable","23":"shipping-taxable","24":"purchasable","25":"product-type-variable"},"acf":[],"_links":{"self":[{"href":"https:\/\/dingogear.si\/hr\/wp-json\/wp\/v2\/product\/8441","targetHints":{"allow":["GET"]}}],"collection":[{"href":"https:\/\/dingogear.si\/hr\/wp-json\/wp\/v2\/product"}],"about":[{"href":"https:\/\/dingogear.si\/hr\/wp-json\/wp\/v2\/types\/product"}],"replies":[{"embeddable":true,"href":"https:\/\/dingogear.si\/hr\/wp-json\/wp\/v2\/comments?post=8441"}],"wp:featuredmedia":[{"embeddable":true,"href":"https:\/\/dingogear.si\/hr\/wp-json\/wp\/v2\/media\/8106"}],"wp:attachment":[{"href":"https:\/\/dingogear.si\/hr\/wp-json\/wp\/v2\/media?parent=8441"}],"wp:term":[{"taxonomy":"product_brand","embeddable":true,"href":"https:\/\/dingogear.si\/hr\/wp-json\/wp\/v2\/product_brand?post=8441"},{"taxonomy":"product_cat","embeddable":true,"href":"https:\/\/dingogear.si\/hr\/wp-json\/wp\/v2\/product_cat?post=8441"},{"taxonomy":"product_tag","embeddable":true,"href":"https:\/\/dingogear.si\/hr\/wp-json\/wp\/v2\/product_tag?post=8441"}],"curies":[{"name":"wp","href":"https:\/\/api.w.org\/{rel}","templated":true}]}}