{"id":8469,"date":"2019-09-14T14:21:11","date_gmt":"2019-09-14T12:21:11","guid":{"rendered":"https:\/\/dingogear.si\/?post_type=product&#038;p=8469"},"modified":"2020-05-06T10:49:01","modified_gmt":"2020-05-06T08:49:01","slug":"navlaka-za-spiked-metalnu-davilica-ogrlicu","status":"publish","type":"product","link":"https:\/\/dingogear.si\/hr\/navlaka-za-spiked-metalnu-davilica-ogrlicu\/","title":{"rendered":"Navlaka za SPIKED metalnu davilica ogrlicu"},"content":{"rendered":"<div>\n<p><span style=\"color: #333333;\">Prevleka za zatezno kovinsko ovratnico SPIKED. <\/span>Ta izdelek vsebuje smo prevleko, ovratnico kupite posebej v naslednjem linku: Kovinska zatezna ovratnica \u2013 SPIKED<\/p>\n<div>Sistem MOLLE omogo\u010da pritrditev prevleke na katero koli bode\u010do ovratnico. Vse, kar morate storiti, je izmeriti od enega do drugega konca konice, da izberete pravo dol\u017eino, nato premaknite jermen veznika na pravo mesto in pritrdite z Velcro trakom, da dobite funkcionalno prevleko.<\/div>\n<div>Zaradi svoje univerzalne uporabe sistem MOLLE uporablja tudi ameri\u0161ka vojska.<\/div>\n<div><\/div>\n<div>Ob upo\u0161tevanju potreb na\u0161ih kupcev je bil izdelek izdelan ro\u010dno v sedmih velikostih:<\/div>\n<\/div>\n<div>\n<div>\n<table width=\"259\">\n<tbody>\n<tr>\n<td width=\"70\">koda<\/td>\n<td width=\"115\">dol\u017eina prevleke<\/td>\n<td width=\"74\">\u0161irina<\/td>\n<\/tr>\n<tr>\n<td>S03903<\/td>\n<td>31cm<\/td>\n<td>3,0cm<\/td>\n<\/tr>\n<tr>\n<td>S03904<\/td>\n<td>35cm<\/td>\n<td>3,0cm<\/td>\n<\/tr>\n<tr>\n<td>S03905<\/td>\n<td>39cm<\/td>\n<td>3,8cm<\/td>\n<\/tr>\n<tr>\n<td>S03906<\/td>\n<td>43cm<\/td>\n<td>3,8cm<\/td>\n<\/tr>\n<tr>\n<td>S03907<\/td>\n<td>47cm<\/td>\n<td>3,8cm<\/td>\n<\/tr>\n<tr>\n<td>S03908<\/td>\n<td>51cm<\/td>\n<td>3,8cm<\/td>\n<\/tr>\n<tr>\n<td>S03909<\/td>\n<td>55cm<\/td>\n<td>3,8cm<\/td>\n<\/tr>\n<\/tbody>\n<\/table>\n<\/div>\n<\/div>\n","protected":false},"excerpt":{"rendered":"<p><span style=\"color: #333333;\">Univerzalna prevleka za zatezno kovinsko ovratnico. Sistem MOLLE omogo\u010da pritrditev prevleke na katero koli bode\u010do ovratnico. <\/span><span data-text-color=\"alert\">Ta izdelek vsebuje smo prevleko, ovratnico kupite posebej v naslednjem linku:<\/span> Kovinska zatezna ovratnica \u2013 SPIKED<\/p>\n<p>Na voljo v 7 velikostih!<\/p>\n","protected":false},"featured_media":18066,"comment_status":"open","ping_status":"closed","template":"","meta":{"_acf_changed":false},"product_brand":[2948],"product_cat":[815,803,823],"product_tag":[753],"class_list":{"0":"post-8469","1":"product","2":"type-product","3":"status-publish","4":"has-post-thumbnail","6":"product_brand-dingo-gear","7":"product_cat-ogrlice","8":"product_cat-oprema-za-psa","9":"product_cat-trening-vodljivosti","10":"product_tag-ogrlice-i-davilice","11":"pa_barva-ovratnice-crna-hr","12":"pa_material-ovratnice-polipropilen-hr","14":"first","15":"instock","16":"taxable","17":"shipping-taxable","18":"purchasable","19":"product-type-variable"},"acf":[],"_links":{"self":[{"href":"https:\/\/dingogear.si\/hr\/wp-json\/wp\/v2\/product\/8469","targetHints":{"allow":["GET"]}}],"collection":[{"href":"https:\/\/dingogear.si\/hr\/wp-json\/wp\/v2\/product"}],"about":[{"href":"https:\/\/dingogear.si\/hr\/wp-json\/wp\/v2\/types\/product"}],"replies":[{"embeddable":true,"href":"https:\/\/dingogear.si\/hr\/wp-json\/wp\/v2\/comments?post=8469"}],"wp:featuredmedia":[{"embeddable":true,"href":"https:\/\/dingogear.si\/hr\/wp-json\/wp\/v2\/media\/18066"}],"wp:attachment":[{"href":"https:\/\/dingogear.si\/hr\/wp-json\/wp\/v2\/media?parent=8469"}],"wp:term":[{"taxonomy":"product_brand","embeddable":true,"href":"https:\/\/dingogear.si\/hr\/wp-json\/wp\/v2\/product_brand?post=8469"},{"taxonomy":"product_cat","embeddable":true,"href":"https:\/\/dingogear.si\/hr\/wp-json\/wp\/v2\/product_cat?post=8469"},{"taxonomy":"product_tag","embeddable":true,"href":"https:\/\/dingogear.si\/hr\/wp-json\/wp\/v2\/product_tag?post=8469"}],"curies":[{"name":"wp","href":"https:\/\/api.w.org\/{rel}","templated":true}]}}